{"id":269426,"date":"2026-01-14T01:09:04","date_gmt":"2026-01-13T22:09:04","guid":{"rendered":"https:\/\/baldumarket.lt\/product\/witryna-dwudrzwiowa-wysoka-z-dwoma-szufladami-gent-98-cm-dab-stirling\/"},"modified":"2026-02-11T18:17:35","modified_gmt":"2026-02-11T15:17:35","slug":"witryna-dwudrzwiowa-wysoka-z-dwoma-szufladami-gent-98-cm-dab-stirling","status":"publish","type":"product","link":"https:\/\/baldumarket.lt\/lt\/product\/witryna-dwudrzwiowa-wysoka-z-dwoma-szufladami-gent-98-cm-dab-stirling\/","title":{"rendered":"Auk\u0161ta dviej\u0173 dur\u0173 vitrina su dviem stal\u010diais GENT 98 cm, Stirling \u0105\u017euolas"},"content":{"rendered":"<p>\u201eGent\u201c vitrina \u2013 dekoro ir funkcionalumo derinys. \u201eGent\u201c kolekcija \u2013 tikras malonumas stilingo ir madingo interjero m\u0117g\u0117jams, o \u201eGent\u201c vitrina \u2013 puikus sprendimas tiems, kurie nori pademonstruoti savo dekoracijas ir tuo pa\u010diu metu pasl\u0117pti smulkius daiktus. Leiskite man parodyti visus \u0161ios unikalios vitrinos privalumus. \u201eGent\u201c vitrina pasi\u017eymi erdviu interjeru, kuriame galite pademonstruoti m\u0117gstamiausias dekoracijas ir tuo pa\u010diu metu laikyti daugyb\u0119 nieku\u010di\u0173. Joje yra du stal\u010diai daiktams, kuriuos norite pasl\u0117pti, laikyti, taip pat universalios stiklin\u0117s lentynos, skirtos gra\u017eiai eksponuoti kolekcionuojamus daiktus, papuo\u0161alus ar kitus vertingus daiktus. Vitrina yra \u0161iltos \u201eStirling Oak\u201c spalvos, kuriai b\u016bdingas matomas tikros medienos ra\u0161tas ir lyt\u0117jimo tekst\u016bra. \u0160is atspalvis suteikia interjerui jaukumo ir \u0161ilumos poj\u016bt\u012f, be to, yra universalus, papildantis \u012fvairius dekoro stilius ir spalvas. Verta pamin\u0117ti, kad \u201eGent\u201c vitrinoje \u012frengtas energij\u0105 taupantis LED ap\u0161vietimas, esantis po lentynomis. \u0160is ap\u0161vietimas puikiai i\u0161ry\u0161kina eksponuojamus daiktus, sukurdamas jauki\u0105 atmosfer\u0105 kambaryje. Tai padarys j\u016bs\u0173 dekoracijas dar \u012fsp\u016bdingesnes. Novatori\u0161k\u0105 vitrinos dizain\u0105 papildo plieno spalvos rankenos ir stikliniai fasadai, pagaminti i\u0161 auk\u0161tos kokyb\u0117s gr\u016bdinto apsauginio stiklo. \u0160ios detal\u0117s pabr\u0117\u017eia baldo kokyb\u0119 ir suteikia jam elegancijos. \u201eGent\u201c vitrina pasi\u017eymi auk\u0161\u010diausios kokyb\u0117s vyriais ir kreipian\u010diosiomis, turin\u010diomis \u0161velnaus u\u017edarymo sistem\u0105, u\u017etikrinan\u010di\u0105 maksimal\u0173 komfort\u0105. Stal\u010diai atsidaro ir u\u017esidaro skland\u017eiai ir tyliai, o fasadai \u0161velniai sul\u0117t\u0117ja u\u017esidarant. \u201eGent\u201c kolekcija \u2013 puikus b\u016bdas sukurti stiling\u0105 ir modern\u0173 interjer\u0105, o kolekcijos element\u0173 \u012fvairov\u0117 leid\u017eia sukurti darnias ir harmoningas kompozicijas visuose namuose ar bute. Trumpai tariant, \u201eGent\u201c vitrina yra tobulas dekoratyvumo ir funkcionalumo derinys. Erdvumas, eleganti\u0161kas dizainas, LED ap\u0161vietimas ir auk\u0161tos kokyb\u0117s meistri\u0161kumas paver\u010dia j\u0105 puikiu j\u016bs\u0173 interjero papildymu, kuriame galite eksponuoti savo dekoracijas ir laikyti nieku\u010dius, kartu kurdami harmoning\u0105 erdv\u0119 savo stiliui i\u0161reik\u0161ti.<\/p>\n<p>Prek\u0117s kodas S228-REG2W2S\/20\/10-DAST Simbolis ZM EAN Plotis 98 cm Gylis 42 cm Auk\u0161tis 201 cm Kolekcija Gent Spalva stirling \u0105\u017euolas Atspalvis tamsi mediena Stilius modernus Dureli\u0173 skai\u010dius 2 dur\u0173 Stal\u010di\u0173 skai\u010dius 2 stal\u010diai Rankena su ranken\u0117l\u0117mis Ap\u0161vietimas su ap\u0161vietimu Gamintojas Juoda Raudona Balta Bald\u0173 tipas Lentynos ir vitrinos PVM mokestis 23% EAN 5906123923002<\/p>","protected":false},"excerpt":{"rendered":"<p>The Gent Display Cabinet \u2013 A Combination of Decoration and Functionality. The Gent collection is a true delight for lovers of stylish and fashionable interiors, and the Gent display cabinet is the perfect solution for those who want to showcase their decorations while simultaneously hiding away small items. Let me show you all the benefits [&hellip;]<\/p>","protected":false},"featured_media":269427,"comment_status":"open","ping_status":"open","template":"","meta":[],"product_brand":[],"product_cat":[9200,2006],"product_tag":[],"class_list":{"0":"post-269426","1":"product","2":"type-product","3":"status-publish","4":"has-post-thumbnail","6":"product_cat-black-red-white","7":"product_cat-vitrines","9":"first","10":"instock","11":"purchasable","12":"product-type-simple"},"_links":{"self":[{"href":"https:\/\/baldumarket.lt\/lt\/wp-json\/wp\/v2\/product\/269426","targetHints":{"allow":["GET"]}}],"collection":[{"href":"https:\/\/baldumarket.lt\/lt\/wp-json\/wp\/v2\/product"}],"about":[{"href":"https:\/\/baldumarket.lt\/lt\/wp-json\/wp\/v2\/types\/product"}],"replies":[{"embeddable":true,"href":"https:\/\/baldumarket.lt\/lt\/wp-json\/wp\/v2\/comments?post=269426"}],"wp:featuredmedia":[{"embeddable":true,"href":"https:\/\/baldumarket.lt\/lt\/wp-json\/wp\/v2\/media\/269427"}],"wp:attachment":[{"href":"https:\/\/baldumarket.lt\/lt\/wp-json\/wp\/v2\/media?parent=269426"}],"wp:term":[{"taxonomy":"product_brand","embeddable":true,"href":"https:\/\/baldumarket.lt\/lt\/wp-json\/wp\/v2\/product_brand?post=269426"},{"taxonomy":"product_cat","embeddable":true,"href":"https:\/\/baldumarket.lt\/lt\/wp-json\/wp\/v2\/product_cat?post=269426"},{"taxonomy":"product_tag","embeddable":true,"href":"https:\/\/baldumarket.lt\/lt\/wp-json\/wp\/v2\/product_tag?post=269426"}],"curies":[{"name":"wp","href":"https:\/\/api.w.org\/{rel}","templated":true}]}}