{"id":269418,"date":"2026-01-14T01:08:58","date_gmt":"2026-01-13T22:08:58","guid":{"rendered":"https:\/\/baldumarket.lt\/product\/witryna-dwudrzwiowa-vabres-90-cm-dab-artisan-lamele\/"},"modified":"2026-02-11T18:17:35","modified_gmt":"2026-02-11T15:17:35","slug":"witryna-dwudrzwiowa-vabres-90-cm-dab-artisan-lamele","status":"publish","type":"product","link":"https:\/\/baldumarket.lt\/lt\/product\/witryna-dwudrzwiowa-vabres-90-cm-dab-artisan-lamele\/","title":{"rendered":"Vabres dviej\u0173 dur\u0173 vitrina, 90 cm, meni\u0161ko \u0105\u017euolo lamel\u0117s"},"content":{"rendered":"<p>\u201eVabres\u201c vitrina \u2013 eleganti\u0161ka \u017eema vitrina su grotel\u0117mis. \u201eVabres\u201c vitrina yra kompakti\u0161kas, modernus baldas, kuriame dera funkcionalumas ir eleganti\u0161kas dizainas. D\u0117l pasl\u0117pt\u0173 lentyn\u0173 u\u017e tvirt\u0173 fasad\u0173 ir stiklini\u0173 vitrin\u0173 spintel\u0117 leid\u017eia esteti\u0161kai laikyti ir eksponuoti m\u0117gstamus dekoro elementus, suteikdama stiliaus bet kokiam interjerui. Med\u017eiaga ir spalvos: \u201eVabres\u201c vitrina apdailinta meni\u0161ko \u0105\u017euolo apdaila, kuri i\u0161tikimai imituoja nat\u016brali\u0105 medien\u0105, suteikdama kambariui \u0161ilumos ir jaukumo. Korpusas ir fasadai pagaminti i\u0161 patvarios laminuotos plok\u0161t\u0117s, atsparios kasdieniam naudojimui ir lengvai valomos. Eleganti\u0161kos juodos detal\u0117s ir madingos MDF lentjuost\u0117s pabr\u0117\u017eia modern\u0173 baldo charakter\u012f, puikiai papildydamos lofto ir industrin\u012f interjer\u0105. Funkcionalumas: \u201eVabres\u201c vitrina si\u016blo universalias daikt\u0173 laikymo galimybes. Viduje u\u017e dureli\u0173 rasite \u0161e\u0161ias erdvias lentynas, puikiai tinkan\u010dias laikyti daiktus, kuri\u0173 nereikia eksponuoti. Dvi vitrinos su stikliniu priekiu suteikia vietos papuo\u0161alams, knygoms ar suvenyrams. 90,5 cm plo\u010dio stalvir\u0161is leid\u017eia papildomai eksponuoti, pavyzd\u017eiui, augalus, lempas ar paveikslus juodais r\u0117meliais. Specialyb\u0117s: Meni\u0161ko \u0105\u017euolo apdaila, realisti\u0161kai atkartojanti medienos ra\u0161t\u0105; Dekoratyvin\u0117s MDF juosteli\u0173 lentos su subtiliais juodais akcentais; \u0160e\u0161ios lentynos u\u017e dureli\u0173 diskreti\u0161kam daikt\u0173 laikymui; Dvi vitrinos su stikliniu priekiu dekoracijoms; Papildomos ap\u0161vietimo galimyb\u0117s, pary\u0161kinan\u010dios pasirinktus dekoratyvinius elementus; 90,5 cm plo\u010dio stalvir\u0161is idealiai tinka stilingiems aksesuarams. Santrauka: \u201eVabres\u201c vitrina yra stilingas, daugiafunkcis baldas, kuris puikiai tiks tiek valgomajame, tiek svetain\u0117je. \u0160iltos meni\u0161ko \u0105\u017euolo apdailos, moderni\u0173 lenteli\u0173 ir juod\u0173 detali\u0173 derinys suteikia interjerui elegancijos ir jaukumo. Vitrina puikiai dera su kitais \u201eVabres\u201c kolekcijos elementais, sukurdama darni\u0105, harmoning\u0105 kompozicij\u0105 bet kuriame moderniame interjere.<\/p>\n<p>Prek\u0117s kodas S620-REG1D1W\/90-DASN\/DASN\/CA Plotis 90,5 cm Gylis 40 cm Auk\u0161tis 137,5 cm Kolekcija Vabres Spalva meni\u0161kas \u0105\u017euolas\/juoda Gaubtas \u0161viesi mediena Stilius modernus Med\u017eiaga laminatas Dureli\u0173 skai\u010dius 2 dur\u0173 Stal\u010di\u0173 skai\u010dius be stal\u010di\u0173 Rankena su rankenomis Gamintojas Juoda Raudona Balta Baldo tipas Lentynos ir vitrinos PVM 23% EAN 5906123049993<\/p>","protected":false},"excerpt":{"rendered":"<p>Vabres Display Cabinet \u2013 an elegant low display cabinet with slats. The Vabres display cabinet is a compact, modern piece of furniture that combines functionality with elegant design. Thanks to hidden shelves behind solid fronts and glass display shelves, the cabinet allows for aesthetic storage and display of favorite decorations, adding style to any interior. [&hellip;]<\/p>","protected":false},"featured_media":269419,"comment_status":"open","ping_status":"open","template":"","meta":[],"product_brand":[],"product_cat":[9200,2006],"product_tag":[],"class_list":{"0":"post-269418","1":"product","2":"type-product","3":"status-publish","4":"has-post-thumbnail","6":"product_cat-black-red-white","7":"product_cat-vitrines","9":"first","10":"instock","11":"purchasable","12":"product-type-simple"},"_links":{"self":[{"href":"https:\/\/baldumarket.lt\/lt\/wp-json\/wp\/v2\/product\/269418","targetHints":{"allow":["GET"]}}],"collection":[{"href":"https:\/\/baldumarket.lt\/lt\/wp-json\/wp\/v2\/product"}],"about":[{"href":"https:\/\/baldumarket.lt\/lt\/wp-json\/wp\/v2\/types\/product"}],"replies":[{"embeddable":true,"href":"https:\/\/baldumarket.lt\/lt\/wp-json\/wp\/v2\/comments?post=269418"}],"wp:featuredmedia":[{"embeddable":true,"href":"https:\/\/baldumarket.lt\/lt\/wp-json\/wp\/v2\/media\/269419"}],"wp:attachment":[{"href":"https:\/\/baldumarket.lt\/lt\/wp-json\/wp\/v2\/media?parent=269418"}],"wp:term":[{"taxonomy":"product_brand","embeddable":true,"href":"https:\/\/baldumarket.lt\/lt\/wp-json\/wp\/v2\/product_brand?post=269418"},{"taxonomy":"product_cat","embeddable":true,"href":"https:\/\/baldumarket.lt\/lt\/wp-json\/wp\/v2\/product_cat?post=269418"},{"taxonomy":"product_tag","embeddable":true,"href":"https:\/\/baldumarket.lt\/lt\/wp-json\/wp\/v2\/product_tag?post=269418"}],"curies":[{"name":"wp","href":"https:\/\/api.w.org\/{rel}","templated":true}]}}