{"id":269386,"date":"2026-01-14T01:08:31","date_gmt":"2026-01-13T22:08:31","guid":{"rendered":"https:\/\/baldumarket.lt\/product\/witryna-dwudrzwiowa-nuis-90-cm-dab-wotan-bialy-polysk\/"},"modified":"2026-02-11T18:17:35","modified_gmt":"2026-02-11T15:17:35","slug":"witryna-dwudrzwiowa-nuis-90-cm-dab-wotan-bialy-polysk","status":"publish","type":"product","link":"https:\/\/baldumarket.lt\/lt\/product\/witryna-dwudrzwiowa-nuis-90-cm-dab-wotan-bialy-polysk\/","title":{"rendered":"NUIS dviej\u0173 dur\u0173 vitrina, 90 cm, Wotan \u0105\u017euolas\/blizgi balta"},"content":{"rendered":"<p>\u201eNuis\u201c vitrina \u2013 raktas \u012f eleganti\u0161k\u0105 interjer\u0105. Jei ie\u0161kote baldo, kuris ne tik palaikyt\u0173 tvark\u0105 namuose, bet ir suteikt\u0173 modernumo, \u201eNuis\u201c vitrina yra puikus sprendimas. Tai stilingas ir funkcionalus sprendimas, puikiai tinkantis j\u016bs\u0173 svetainei, valgomajam ar nam\u0173 biurui. \u201eNuis\u201c vitrina pasi\u017eymi moderniu ir paprastu dizainu, kuris puikiai dera su skandinavi\u0161ko stiliaus tendencijomis. Spintel\u0117s pagrindas ir pagrindas pagaminti i\u0161 patvarios med\u017eio dro\u017eli\u0173 plok\u0161t\u0117s, \u0161ilto \u201eWotan\u201c \u0105\u017euolo atspalvio, suteikian\u010dio interjerui jaukumo ir nat\u016bralaus \u017eavesio. Baltai veidrodiniu pavir\u0161iumi nuda\u017eyta priekin\u0117 dalis suteikia modernumo ir elegancijos. Vitrinos matmenys (90\/39,5\/141,5 cm) yra puikus pasirinkimas didesn\u0117ms patalpoms, kur ji gali lengvai pakeisti klasikin\u0119 spint\u0105 ar indauj\u0105. Dviej\u0173 dali\u0173 konstrukcija daro spintel\u0119 prakti\u0161k\u0105, o lentynos leid\u017eia organizuoti erdv\u0119 pagal savo poreikius. I\u0161 dalies \u012fstiklintos durys yra ne tik eleganti\u0161ka detal\u0117, bet ir prakti\u0161kas sprendimas. Jie leid\u017eia jums eksponuoti m\u0117gstamiausius nieku\u010dius, porcelian\u0105 ar nuotraukas, suteikdami interjerui asmeni\u0161kumo. Tuo pa\u010diu metu jie leid\u017eia diskreti\u0161kai laikyti daiktus, kuri\u0173 nereikia eksponuoti. Stilinga ir ry\u0161ki \u201eNuis\u201c vitrina puikiai dera tiek su moderniu, tiek su skandinavi\u0161ko stiliaus interjeru. D\u0117l savo universalumo j\u0105 lengvai pritaikoma \u012fvairiems i\u0161d\u0117stymams, suteikiant subtilios elegancijos. \u201eNuis\u201c vitrina yra ne tik daikt\u0173 laikymo \u012frenginys; tai elementas, suteikiantis interjerui unikal\u0173 charakter\u012f. Funkcionalumas, stilius ir kokybi\u0161kas meistri\u0161kumas \u2013 visa tai rasite \u0161ioje modernioje vitrinoje.**<\/p>\n<p>Prek\u0117s kodas S396-REG2D2W-DWO\/BIP Simbolis ZM EAN Plotis 90 cm Gylis 39,5 cm Auk\u0161tis 142,5 cm Kolekcija \u201eNuis\u201c Spalva wotan \u0105\u017euolas\/blizgi balta Gaubtas \u0161viesus medis Stilius modernus Med\u017eiaga laminatas Dureli\u0173 skai\u010dius 4 dur\u0173 Stal\u010di\u0173 skai\u010dius be stal\u010di\u0173 Rankena be ranken\u0117li\u0173 Ap\u0161vietimas pasirenkamas Gamintojas Juoda Raudona Balta Bald\u0173 tipas Lentynos ir vitrinos PVM mokestis 23% EAN 5906123929691<\/p>","protected":false},"excerpt":{"rendered":"<p>The Nuis Display Cabinet \u2013 the key to an elegant interior. If you&#8217;re looking for a piece of furniture that will not only keep your home tidy but also add a modern touch, the Nuis display cabinet is the perfect solution. It&#8217;s a stylish and functional solution that&#8217;s perfect for your living room, dining room, [&hellip;]<\/p>","protected":false},"featured_media":269387,"comment_status":"open","ping_status":"open","template":"","meta":[],"product_brand":[],"product_cat":[9200,2006],"product_tag":[],"class_list":{"0":"post-269386","1":"product","2":"type-product","3":"status-publish","4":"has-post-thumbnail","6":"product_cat-black-red-white","7":"product_cat-vitrines","9":"first","10":"instock","11":"purchasable","12":"product-type-simple"},"_links":{"self":[{"href":"https:\/\/baldumarket.lt\/lt\/wp-json\/wp\/v2\/product\/269386","targetHints":{"allow":["GET"]}}],"collection":[{"href":"https:\/\/baldumarket.lt\/lt\/wp-json\/wp\/v2\/product"}],"about":[{"href":"https:\/\/baldumarket.lt\/lt\/wp-json\/wp\/v2\/types\/product"}],"replies":[{"embeddable":true,"href":"https:\/\/baldumarket.lt\/lt\/wp-json\/wp\/v2\/comments?post=269386"}],"wp:featuredmedia":[{"embeddable":true,"href":"https:\/\/baldumarket.lt\/lt\/wp-json\/wp\/v2\/media\/269387"}],"wp:attachment":[{"href":"https:\/\/baldumarket.lt\/lt\/wp-json\/wp\/v2\/media?parent=269386"}],"wp:term":[{"taxonomy":"product_brand","embeddable":true,"href":"https:\/\/baldumarket.lt\/lt\/wp-json\/wp\/v2\/product_brand?post=269386"},{"taxonomy":"product_cat","embeddable":true,"href":"https:\/\/baldumarket.lt\/lt\/wp-json\/wp\/v2\/product_cat?post=269386"},{"taxonomy":"product_tag","embeddable":true,"href":"https:\/\/baldumarket.lt\/lt\/wp-json\/wp\/v2\/product_tag?post=269386"}],"curies":[{"name":"wp","href":"https:\/\/api.w.org\/{rel}","templated":true}]}}