{"id":269370,"date":"2026-01-14T01:08:17","date_gmt":"2026-01-13T22:08:17","guid":{"rendered":"https:\/\/baldumarket.lt\/product\/witryna-dwudrzwiowa-niska-ze-szklem-nepo-plus-90-cm-dab-noble\/"},"modified":"2026-02-11T18:17:35","modified_gmt":"2026-02-11T15:17:35","slug":"witryna-dwudrzwiowa-niska-ze-szklem-nepo-plus-90-cm-dab-noble","status":"publish","type":"product","link":"https:\/\/baldumarket.lt\/lt\/product\/witryna-dwudrzwiowa-niska-ze-szklem-nepo-plus-90-cm-dab-noble\/","title":{"rendered":"\u017dema dvidur\u0117 vitrina su stiklu NEPO PLUS 90 cm, kilnus \u0105\u017euolas"},"content":{"rendered":"<p>\u201eNepo Plus\u201c vitrina \u2013 daugiafunkcionalumas klasikiniame dizaine. \u201eNepo Plus\u201c vitrina yra puikus sprendimas ie\u0161kantiems bald\u0173, kurie derint\u0173 funkcionalum\u0105 ir estetik\u0105. D\u0117l paprasto dizaino ir prakti\u0161k\u0173 sprendim\u0173 ji puikiai tinka svetainei, paauglio kambariui ar miegamajam. Patogumas ir funkcionalumas.<br \/>\n\u201eNepo Plus\u201c vitrina sukurta siekiant maksimaliai i\u0161naudoti turim\u0105 erdv\u0119. Viduje rasite: tris vitrinas u\u017e stiklo \u2013 puikiai tinka dekoracijoms, knygoms ar suvenyrams. Du prakti\u0161kus daiktad\u0117\u017ees, pasl\u0117ptus u\u017e tvirto priekio, skirtas kasdieniams daiktams laikyti. Du didesnius skyrius \u2013 skirtus dokumentams, stalo \u012frankiams ar didesniems daiktams. Stilius ir patvarumas<br \/>\nVitrina pasi\u017eymi klasikine kilmingo \u0105\u017euolo apdaila, kuri bet kokiam interjerui suteikia harmoningo ir modernaus charakterio. Laminuotas pavir\u0161ius garantuoja didesn\u012f atsparum\u0105 \u012fbr\u0117\u017eimams ir lengv\u0105 valym\u0105. Horizontalios rankenos suteikia minimalistin\u0119 i\u0161vaizd\u0105, o gr\u016bdintas stiklas u\u017etikrina patvarum\u0105 ir saugum\u0105. Papildomas LED ap\u0161vietimas (pasirinktinai) i\u0161ry\u0161kins pasirinktus dekoratyvinius elementus ir sukurs jauki\u0105 atmosfer\u0105. Savyb\u0117s: Matmenys: plotis 90 cm, auk\u0161tis 131,5 cm, gylis 34 cm. Trys stiklin\u0117s lentynos \u2013 vieta dekoracijoms ir suvenyrams. Du skyriai ir du skirtukai \u2013 prakti\u0161ka daikt\u0173 laikymo vieta. Kilmingo \u0105\u017euolo spalva \u2013 universalus ir modernus dizainas. Laminuotas pavir\u0161ius \u2013 atsparus \u012fbr\u0117\u017eimams ir lengvai valomas. Gr\u016bdintas stiklas \u2013 patvarumas ir saugumas. LED ap\u0161vietimas (pasirinktinai) \u2013 papildomas vizualinis efektas. Santrauka<br \/>\n\u201eNepo Plus\u201c vitrina derina klasikin\u012f stili\u0173 su moderniu funkcionalumu. D\u0117l prakti\u0161ko erdv\u0117s padalijimo ir universalaus dizaino vitrina puikiai tiks \u012fvairiuose interjeruose. Derinkite j\u0105 su kitais \u201eNepo Plus\u201c kolekcijos elementais ir sukurkite darn\u0173, harmoning\u0105 i\u0161d\u0117stym\u0105, pritaikyt\u0105 j\u016bs\u0173 poreikiams.<\/p>\n<p>Prek\u0117s kodas S435-REG1D1W\/90-DNO Plotis 90 cm Gylis 34 cm Auk\u0161tis 131,5 cm Kolekcija \u201eNepo Plus\u201c Spalva kilnus \u0105\u017euolas Atspalvis tamsi mediena Stilius modernus Med\u017eiaga laminatas Dureli\u0173 skai\u010dius 2 dur\u0173 Stal\u010di\u0173 skai\u010dius be stal\u010di\u0173 Rankena su rankenomis Ap\u0161vietimas pasirenkamas Gamintojas Juoda Raudona Balta Bald\u0173 tipas Lentynos ir vitrinos PVM mokestis 23% EAN 5906123051903<\/p>","protected":false},"excerpt":{"rendered":"<p>Nepo Plus Display Cabinet \u2013 Multifunctionality in a Classic DesignThe Nepo Plus display cabinet is the perfect solution for those looking for furniture that combines functionality with aesthetics. Thanks to its simple design and practical solutions, it&#8217;s perfect for a living room, a teenager&#8217;s room, or a bedroom. Comfort and Functionality The Nepo Plus display [&hellip;]<\/p>","protected":false},"featured_media":269371,"comment_status":"open","ping_status":"open","template":"","meta":[],"product_brand":[],"product_cat":[9200,2006],"product_tag":[],"class_list":{"0":"post-269370","1":"product","2":"type-product","3":"status-publish","4":"has-post-thumbnail","6":"product_cat-black-red-white","7":"product_cat-vitrines","9":"first","10":"instock","11":"purchasable","12":"product-type-simple"},"_links":{"self":[{"href":"https:\/\/baldumarket.lt\/lt\/wp-json\/wp\/v2\/product\/269370","targetHints":{"allow":["GET"]}}],"collection":[{"href":"https:\/\/baldumarket.lt\/lt\/wp-json\/wp\/v2\/product"}],"about":[{"href":"https:\/\/baldumarket.lt\/lt\/wp-json\/wp\/v2\/types\/product"}],"replies":[{"embeddable":true,"href":"https:\/\/baldumarket.lt\/lt\/wp-json\/wp\/v2\/comments?post=269370"}],"wp:featuredmedia":[{"embeddable":true,"href":"https:\/\/baldumarket.lt\/lt\/wp-json\/wp\/v2\/media\/269371"}],"wp:attachment":[{"href":"https:\/\/baldumarket.lt\/lt\/wp-json\/wp\/v2\/media?parent=269370"}],"wp:term":[{"taxonomy":"product_brand","embeddable":true,"href":"https:\/\/baldumarket.lt\/lt\/wp-json\/wp\/v2\/product_brand?post=269370"},{"taxonomy":"product_cat","embeddable":true,"href":"https:\/\/baldumarket.lt\/lt\/wp-json\/wp\/v2\/product_cat?post=269370"},{"taxonomy":"product_tag","embeddable":true,"href":"https:\/\/baldumarket.lt\/lt\/wp-json\/wp\/v2\/product_tag?post=269370"}],"curies":[{"name":"wp","href":"https:\/\/api.w.org\/{rel}","templated":true}]}}