{"id":269362,"date":"2026-01-14T01:08:11","date_gmt":"2026-01-13T22:08:11","guid":{"rendered":"https:\/\/baldumarket.lt\/product\/witryna-dwudrzwiowa-niska-ze-szklem-forn-94-cm-dab-delano-ciemny-czarny-mat\/"},"modified":"2026-02-11T18:17:35","modified_gmt":"2026-02-11T15:17:35","slug":"witryna-dwudrzwiowa-niska-ze-szklem-forn-94-cm-dab-delano-ciemny-czarny-mat","status":"publish","type":"product","link":"https:\/\/baldumarket.lt\/lt\/product\/witryna-dwudrzwiowa-niska-ze-szklem-forn-94-cm-dab-delano-ciemny-czarny-mat\/","title":{"rendered":"\u017dema dvidur\u0117 vitrina su stiklu FORN 94 cm, tamsus Delano \u0105\u017euolas\/matin\u0117 juoda"},"content":{"rendered":"<p>\u201eForn\u201c vitrina \u2013 daikt\u0173 laikymas u\u017e stiklo. Jei m\u0117gstate minimalistin\u012f elegancij\u0105 ir modern\u0173 dizain\u0105, \u201eForn\u201c kolekcija tikrai jus su\u017eav\u0117s. Minimalistini\u0173 form\u0173, modernaus dizaino ir rami\u0173 spalv\u0173 derinys suteiks j\u016bs\u0173 interjerui unikal\u0173 charakter\u012f. \u201eForn\u201c vitrina gali b\u016bti \u012fkvepiantis koridoriaus akcentas arba klasikinis baldas svetainei ar valgomajam. Tai puikus baldas laikyti subtilius daiktus, tokius kaip stiklin\u0117s ar puodeliai, kuriems reikalinga papildoma apsauga. Vitrina yra pakankamai erdvi, kad joje tilpt\u0173 daugyb\u0117 nieku\u010di\u0173 ar stalo \u012franki\u0173. 94 cm plo\u010dio ir 157 cm auk\u0161\u010dio spintel\u0117 turi \u0161e\u0161is patogius skyrius, pasl\u0117ptus u\u017e tvirt\u0173 fasad\u0173, taip pat du skyrius, atskirtus stikline lentyna, skirtus eksponavimui. Priekin\u0117 panel\u0117 pagaminta i\u0161 gr\u016bdinto stiklo, tod\u0117l ji yra itin patvari ir saugi naudoti. Taip pat galite pasirinkti LED ap\u0161vietim\u0105 stiklinei lentynai, kad dar labiau pabr\u0117\u017etum\u0117te savo dekoracijas. Vyriai su \u012fmontuota \u0161velnaus u\u017edarymo sistema u\u017etikrina, kad fasadai u\u017esidaryt\u0173 skland\u017eiai ir tyliai, tod\u0117l naudojimosi patogumas yra didesnis. \u201eForn\u201c kolekcija si\u016bloma keturi\u0173 spalv\u0173: blizgios baltos, tamsaus \u201eDelano\u201c \u0105\u017euolo su matine juoda spalva, tamsaus \u201eDelano\u201c \u0105\u017euolo su blizgia balta spalva ir blizgios baltos su matine juoda spalva. Tai leid\u017eia priderinti vitrin\u0105 prie j\u016bs\u0173 interjero ir stiliaus. \u201eForn\u201c kolekcijos baldai sukurti atsi\u017evelgiant \u012f kiekvieno j\u016bs\u0173 nam\u0173 gyventojo patogum\u0105. Atraskite kitus \u0161ios kolekcijos baldus, kurie pad\u0117s jums sukurti harmoning\u0105 ir gra\u017ei\u0105 erdv\u0119 j\u016bs\u0173 namuose. \u201eForn\u201c vitrina \u2013 puikus b\u016bdas laikyti ir eksponuoti m\u0117gstamiausius daiktus u\u017e stiklini\u0173 fasad\u0173.<\/p>\n<p>Prek\u0117s kodas S471-REG2D1W-DDC\/CAM Simbolis ZM EAN Plotis 94 cm Gylis 42,5 cm Auk\u0161tis 157 cm Kolekcija Forn Spalva tamsus Delano \u0105\u017euolas\/matin\u0117 juoda Gaubtas tamsus medis Stilius modernus Dureli\u0173 skai\u010dius 3 dur\u0173 Stal\u010di\u0173 skai\u010dius be stal\u010di\u0173 Rankena su rankenomis Ap\u0161vietimas pasirenkamas Gamintojas Juoda Raudona Balta Bald\u0173 tipas Lentynos ir vitrinos PVM mokestis 23% EAN 5906123706056<\/p>","protected":false},"excerpt":{"rendered":"<p>\u201eForn\u201c vitrina \u2013 daikt\u0173 laikymas u\u017e stiklo. Jei m\u0117gstate minimalistin\u0119 elegancij\u0105 ir modern\u0173 dizain\u0105, \u201eForn\u201c kolekcija tikrai jus su\u017eav\u0117s. Minimalistini\u0173 form\u0173, modernaus dizaino ir rami\u0173 spalv\u0173 derinys suteiks j\u016bs\u0173 interjerui unikal\u0173 charakter\u012f. \u201eForn\u201c vitrina gali b\u016bti \u012fkvepiantis akcentas koridoriuje arba [\u2026]<\/p>","protected":false},"featured_media":269363,"comment_status":"open","ping_status":"open","template":"","meta":[],"product_brand":[],"product_cat":[9200,2006],"product_tag":[],"class_list":{"0":"post-269362","1":"product","2":"type-product","3":"status-publish","4":"has-post-thumbnail","6":"product_cat-black-red-white","7":"product_cat-vitrines","9":"first","10":"instock","11":"purchasable","12":"product-type-simple"},"_links":{"self":[{"href":"https:\/\/baldumarket.lt\/lt\/wp-json\/wp\/v2\/product\/269362","targetHints":{"allow":["GET"]}}],"collection":[{"href":"https:\/\/baldumarket.lt\/lt\/wp-json\/wp\/v2\/product"}],"about":[{"href":"https:\/\/baldumarket.lt\/lt\/wp-json\/wp\/v2\/types\/product"}],"replies":[{"embeddable":true,"href":"https:\/\/baldumarket.lt\/lt\/wp-json\/wp\/v2\/comments?post=269362"}],"wp:featuredmedia":[{"embeddable":true,"href":"https:\/\/baldumarket.lt\/lt\/wp-json\/wp\/v2\/media\/269363"}],"wp:attachment":[{"href":"https:\/\/baldumarket.lt\/lt\/wp-json\/wp\/v2\/media?parent=269362"}],"wp:term":[{"taxonomy":"product_brand","embeddable":true,"href":"https:\/\/baldumarket.lt\/lt\/wp-json\/wp\/v2\/product_brand?post=269362"},{"taxonomy":"product_cat","embeddable":true,"href":"https:\/\/baldumarket.lt\/lt\/wp-json\/wp\/v2\/product_cat?post=269362"},{"taxonomy":"product_tag","embeddable":true,"href":"https:\/\/baldumarket.lt\/lt\/wp-json\/wp\/v2\/product_tag?post=269362"}],"curies":[{"name":"wp","href":"https:\/\/api.w.org\/{rel}","templated":true}]}}