{"id":269330,"date":"2026-01-14T01:07:43","date_gmt":"2026-01-13T22:07:43","guid":{"rendered":"https:\/\/baldumarket.lt\/product\/witryna-dwudrzwiowa-niska-z-frontem-szklanym-balin-1005-cm-dab-monastery\/"},"modified":"2026-02-11T18:17:36","modified_gmt":"2026-02-11T15:17:36","slug":"witryna-dwudrzwiowa-niska-z-frontem-szklanym-balin-1005-cm-dab-monastery","status":"publish","type":"product","link":"https:\/\/baldumarket.lt\/lt\/product\/witryna-dwudrzwiowa-niska-z-frontem-szklanym-balin-1005-cm-dab-monastery\/","title":{"rendered":"\u017dema dviej\u0173 dur\u0173 vitrina su stikliniu priekiu BALIN 100,5 cm, vienuolyno \u0105\u017euolas"},"content":{"rendered":"<p>\u201eBalin\u201c vitrina \u2013 stilinga ekspozicija ir daikt\u0173 laikymo vieta j\u016bs\u0173 svetainei. \u201eBalin\u201c kolekcija yra puikus sprendimas, kuris d\u0117l savo paprastos formos ir unikali\u0173 spalv\u0173 papildo tiek modern\u0173, tiek klasikin\u012f interjer\u0105. \u201eBalin\u201c vitrina ne tik suteikia vietos daiktams laikyti, bet ir yra eleganti\u0161ka vieta m\u0117gstamiausiems dekoracijoms ir aksesuarams eksponuoti. Dvidur\u0117 \u201eBalin\u201c vitrina \u2013 puikus sprendimas j\u016bs\u0173 svetain\u0117s i\u0161d\u0117stymui. Ji suteikia vietos daiktams laikyti ir eksponuoti. U\u017e tvirto fasado yra prakti\u0161kos lentynos, ant kuri\u0173 galite sud\u0117ti \u012fvairius aksesuarus ir daiktus. Gr\u016bdinto stiklo fasadas suteikia eleganti\u0161k\u0105 erdv\u0119 dekoracijoms, kolekcijoms ar vertingiems daiktams eksponuoti. \u0160i erdv\u0117 pritrauks kiekvieno lankytojo d\u0117mes\u012f. Papildomas \u201eBalin\u201c vitrinos privalumas \u2013 standartinis LED ap\u0161vietimas. J\u012f galite \u012frengti po stiklin\u0117mis lentynomis, taip sukurdami subtili\u0105 ir unikali\u0105 atmosfer\u0105 savo svetain\u0117je. Ap\u0161vietimas i\u0161ry\u0161kina eksponuojamus daiktus ir suteikia interjerui elegancijos. \u0160ios vitrinos spalv\u0173 gama yra i\u0161ties unikali. Monastery Oak arba Black Oak atspalvi\u0173 fasadai dera su Monastery Oak korpusu, perteikdami nat\u016bralaus med\u017eio ra\u0161to gro\u017e\u012f. \u0160is spalv\u0173 derinys sukuria harmoning\u0105 ir \u012fsp\u016bding\u0105 vaizd\u0105. \u201eBalin\u201c vitrinos korpusas pasi\u017eymi pastorintu korpusu, kuris suteikia ry\u0161k\u0173 \u012fr\u0117minim\u0105 lygiems fasadams. \u0160is kontrastas suteikia baldams unikal\u0173 gyl\u012f ir charakter\u012f. \u0160velniai u\u017esidarantys vyriai yra dar viena savyb\u0117, d\u0117l kurios \u201eBalin\u201c vitrinos naudojimas yra patogus ir malonus. Fasadai u\u017esidaro \u0161velniai ir tyliai, tod\u0117l svetain\u0117je sukuriama rami atmosfera. \u201eBalin\u201c vitrin\u0105 galite derinti su \u012fvairiais \u201eBalin\u201c kolekcijos moduliais, sukurdami ergonomi\u0161k\u0105 ir stiling\u0105 erdv\u0119 savo svetain\u0117je. J\u0105 galite derinti su komodomis, lentynomis, televizoriaus staliukais ir kitais elementais, kad sukurtum\u0117te tobul\u0105 dekor\u0105, atitinkant\u012f visus j\u016bs\u0173 poreikius. Trumpai tariant, \u201eBalin\u201c vitrina yra ne tik daikt\u0173 laikymo vieta, bet ir eleganti\u0161ka vieta m\u0117gstamiems daiktams ir dekoracijoms eksponuoti. D\u0117l savo funkcionalumo, dizaino ir unikali\u0173 spalv\u0173 \u012f savo svetain\u0119 \u012fne\u0161ite harmonijos, stiliaus ir charakterio. Rinkit\u0117s \u201eBalin\u201c vitrin\u0105, kad m\u0117gautum\u0117t\u0117s elegancija ir funkcionalumu viename.<\/p>\n<p>Prek\u0117s kodas S365-REG1D1W-DMON Simbolis ZM EAN Plotis 100,5 cm Gylis 39,5 cm Auk\u0161tis 148,5 cm Kolekcija Balin Spalva vienuolyno \u0105\u017euolas Atspalvis tamsi mediena Stilius modernus Med\u017eiaga laminatas Dureli\u0173 skai\u010dius 2 dur\u0173 Stal\u010di\u0173 skai\u010dius be stal\u010di\u0173 Rankena su rankenomis Ap\u0161vietimas su ap\u0161vietimu Gamintojas Juoda Raudona Balta Bald\u0173 tipas Lentynos ir vitrinos PVM mokestis 23% EAN 5906123927574<\/p>","protected":false},"excerpt":{"rendered":"<p>\u201eBalin\u201c vitrina \u2013 stilinga ekspozicija ir daikt\u0173 laikymo vieta j\u016bs\u0173 svetainei. \u201eBalin\u201c kolekcija yra puikus sprendimas, kuris savo paprasta forma ir unikaliomis spalvomis papildo tiek modern\u0173, tiek klasikin\u012f interjer\u0105. \u201eBalin\u201c vitrina ne tik suteikia vietos daiktams susid\u0117ti, bet ir yra eleganti\u0161ka vieta eksponuoti m\u0117gstamiausias dekoracijas ir [\u2026]<\/p>","protected":false},"featured_media":269331,"comment_status":"open","ping_status":"open","template":"","meta":[],"product_brand":[],"product_cat":[9200,2006],"product_tag":[],"class_list":{"0":"post-269330","1":"product","2":"type-product","3":"status-publish","4":"has-post-thumbnail","6":"product_cat-black-red-white","7":"product_cat-vitrines","9":"first","10":"instock","11":"purchasable","12":"product-type-simple"},"_links":{"self":[{"href":"https:\/\/baldumarket.lt\/lt\/wp-json\/wp\/v2\/product\/269330","targetHints":{"allow":["GET"]}}],"collection":[{"href":"https:\/\/baldumarket.lt\/lt\/wp-json\/wp\/v2\/product"}],"about":[{"href":"https:\/\/baldumarket.lt\/lt\/wp-json\/wp\/v2\/types\/product"}],"replies":[{"embeddable":true,"href":"https:\/\/baldumarket.lt\/lt\/wp-json\/wp\/v2\/comments?post=269330"}],"wp:featuredmedia":[{"embeddable":true,"href":"https:\/\/baldumarket.lt\/lt\/wp-json\/wp\/v2\/media\/269331"}],"wp:attachment":[{"href":"https:\/\/baldumarket.lt\/lt\/wp-json\/wp\/v2\/media?parent=269330"}],"wp:term":[{"taxonomy":"product_brand","embeddable":true,"href":"https:\/\/baldumarket.lt\/lt\/wp-json\/wp\/v2\/product_brand?post=269330"},{"taxonomy":"product_cat","embeddable":true,"href":"https:\/\/baldumarket.lt\/lt\/wp-json\/wp\/v2\/product_cat?post=269330"},{"taxonomy":"product_tag","embeddable":true,"href":"https:\/\/baldumarket.lt\/lt\/wp-json\/wp\/v2\/product_tag?post=269330"}],"curies":[{"name":"wp","href":"https:\/\/api.w.org\/{rel}","templated":true}]}}