{"id":269322,"date":"2026-01-14T01:07:31","date_gmt":"2026-01-13T22:07:31","guid":{"rendered":"https:\/\/baldumarket.lt\/product\/witryna-dwudrzwiowa-niska-z-dwoma-drzwiami-gent-115-cm-dab-stirling\/"},"modified":"2026-02-11T18:17:36","modified_gmt":"2026-02-11T15:17:36","slug":"witryna-dwudrzwiowa-niska-z-dwoma-drzwiami-gent-115-cm-dab-stirling","status":"publish","type":"product","link":"https:\/\/baldumarket.lt\/lt\/product\/witryna-dwudrzwiowa-niska-z-dwoma-drzwiami-gent-115-cm-dab-stirling\/","title":{"rendered":"\u017dema dvidur\u0117 vitrina GENT 115 cm, \u0105\u017euolas Stirling"},"content":{"rendered":"<p>\u201eGent\u201c vitrina \u2013 puikus j\u016bs\u0173 ekspozicijos papildymas. \u201eGent\u201c kolekcija neabejotinai yra puikus pasirinkimas stilingo ir madingo interjero m\u0117g\u0117jams, o \u201eGent\u201c vitrina yra tobulas \u0161ios kolekcijos papildymas. Leiskite man pristatyti visus \u0161ios vitrinos privalumus, kurie leis jums efektyviai eksponuoti ir laikyti savo dekoracijas ir vertingus daiktus. \u201eGent\u201c vitrina \u2013 tai baldas, leid\u017eiantis erdviai ir funkcionaliai i\u0161naudoti erdv\u0119. Jos vidus sukurtas taip, kad tilpt\u0173 \u012fvair\u016bs daiktai \u2013 joje yra du gil\u016bs stal\u010diai ir kelios prakti\u0161kos lentynos, \u012fskaitant stiklines lentynas, kurios suteikia visai konstrukcijai elegancijos ir lengvumo. Tai puiki vieta eksponuoti m\u0117gstamas dekoracijas, kolekcijas ar kitus vertingus daiktus. \u201eGent\u201c vitrinos stalvir\u0161is yra stabilus ir funkcionalus. D\u0117l laminuotos dangos jis yra atsparus \u012fbr\u0117\u017eimams ir kitiems mechaniniams pa\u017eeidimams, atsirandantiems d\u0117l kasdienio naudojimo. J\u0105 galite naudoti \u012fvairiems tikslams \u2013 nuo dekoracij\u0173 eksponavimo iki kasdieni\u0173 daikt\u0173 laikymo. Vitrina yra \u0161iltos Stirlingo \u0105\u017euolo spalvos, su matomu medienos ra\u0161tu ir lytimi, tikros medienos tekst\u016bra. \u0160is universalus atspalvis suteikia puik\u0173 fon\u0105 \u012fvairioms dekoracijoms ir aksesuarams, leisdamas jums laisvai i\u0161reik\u0161ti savo stili\u0173. Energij\u0105 taupantis LED ap\u0161vietimas po vitrinos lentynomis sukuria puik\u0173 pagrind\u0105 dekoracijoms, i\u0161ry\u0161kindamas j\u0173 gro\u017e\u012f ir suteikdamas kambariui jauki\u0105 atmosfer\u0105. Tai taip pat prakti\u0161kas sprendimas, leid\u017eiantis demonstruoti vitrinos turin\u012f net ir esant prieblandai. Novatori\u0161k\u0105 vitrinos dizain\u0105 papildo pla\u010dios juostel\u0117s aplink korpus\u0105, plieno spalvos rankenos ir stikliniai fasadai, pagaminti i\u0161 auk\u0161tos kokyb\u0117s gr\u016bdinto saugaus stiklo. \u0160ios detal\u0117s pabr\u0117\u017eia bald\u0173 kokyb\u0119. Auk\u0161\u010diausios kokyb\u0117s \u201eGent\u201c vitrinos vyriai ir kreipian\u010diosios su \u0161velnaus u\u017edarymo sistema u\u017etikrina maksimal\u0173 komfort\u0105, tod\u0117l spintel\u0117s atidarymas ir u\u017edarymas yra sklandus ir tylus. \u201eGent\u201c kolekcija \u2013 puikus b\u016bdas sukurti stiling\u0105 ir modern\u0173 interjer\u0105, o kolekcijos element\u0173 \u012fvairov\u0117 leid\u017eia sukurti darni\u0105 ir harmoning\u0105 kompozicij\u0105 visuose namuose ar bute. Trumpai tariant, \u201eGent\u201c vitrina \u2013 tai baldas, leid\u017eiantis i\u0161samiai eksponuoti ir laikyti savo dekoracijas ir vertingus daiktus. D\u0117l savo talpos, modernaus LED ap\u0161vietimo, eleganti\u0161ko dizaino ir spalv\u0173 \u012fvairov\u0117s jis puikiai papildys j\u016bs\u0173 interjer\u0105, sukurdamas erdv\u0119, kurioje gal\u0117site i\u0161reik\u0161ti savo stili\u0173 ir unikal\u0173 vaizd\u0105.<\/p>\n<p>Prek\u0117s kodas S228-REG1W1D2S\/16\/12-DAST Simbolis ZM EAN Plotis 115 cm Gylis 42 cm Auk\u0161tis 158,5 cm Kolekcija Gent Spalva stirling \u0105\u017euolas Atspalvis tamsi mediena Stilius modernus Dureli\u0173 skai\u010dius 2 dur\u0173 Stal\u010di\u0173 skai\u010dius 2 stal\u010diai Rankena su ranken\u0117l\u0117mis Ap\u0161vietimas su ap\u0161vietimu Gamintojas Juoda Raudona Balta Bald\u0173 tipas Lentynos ir vitrinos PVM mokestis 23% EAN 5906123922920<\/p>","protected":false},"excerpt":{"rendered":"<p>The Gent Display Cabinet \u2013 A Perfect Complement to Your Display. The Gent collection is undoubtedly an excellent choice for lovers of stylish and fashionable interiors, and the Gent display cabinet is the perfect complement to this collection. Let me introduce you to all the advantages of this display cabinet, which will allow you to [&hellip;]<\/p>","protected":false},"featured_media":269323,"comment_status":"open","ping_status":"open","template":"","meta":[],"product_brand":[],"product_cat":[9200,2006],"product_tag":[],"class_list":{"0":"post-269322","1":"product","2":"type-product","3":"status-publish","4":"has-post-thumbnail","6":"product_cat-black-red-white","7":"product_cat-vitrines","9":"first","10":"instock","11":"purchasable","12":"product-type-simple"},"_links":{"self":[{"href":"https:\/\/baldumarket.lt\/lt\/wp-json\/wp\/v2\/product\/269322","targetHints":{"allow":["GET"]}}],"collection":[{"href":"https:\/\/baldumarket.lt\/lt\/wp-json\/wp\/v2\/product"}],"about":[{"href":"https:\/\/baldumarket.lt\/lt\/wp-json\/wp\/v2\/types\/product"}],"replies":[{"embeddable":true,"href":"https:\/\/baldumarket.lt\/lt\/wp-json\/wp\/v2\/comments?post=269322"}],"wp:featuredmedia":[{"embeddable":true,"href":"https:\/\/baldumarket.lt\/lt\/wp-json\/wp\/v2\/media\/269323"}],"wp:attachment":[{"href":"https:\/\/baldumarket.lt\/lt\/wp-json\/wp\/v2\/media?parent=269322"}],"wp:term":[{"taxonomy":"product_brand","embeddable":true,"href":"https:\/\/baldumarket.lt\/lt\/wp-json\/wp\/v2\/product_brand?post=269322"},{"taxonomy":"product_cat","embeddable":true,"href":"https:\/\/baldumarket.lt\/lt\/wp-json\/wp\/v2\/product_cat?post=269322"},{"taxonomy":"product_tag","embeddable":true,"href":"https:\/\/baldumarket.lt\/lt\/wp-json\/wp\/v2\/product_tag?post=269322"}],"curies":[{"name":"wp","href":"https:\/\/api.w.org\/{rel}","templated":true}]}}