{"id":269290,"date":"2026-01-14T01:07:04","date_gmt":"2026-01-13T22:07:04","guid":{"rendered":"https:\/\/baldumarket.lt\/product\/witryna-dwudrzwiowa-niska-holten-98-cm-bialy-dab-wotan\/"},"modified":"2026-02-11T18:17:36","modified_gmt":"2026-02-11T15:17:36","slug":"witryna-dwudrzwiowa-niska-holten-98-cm-bialy-dab-wotan","status":"publish","type":"product","link":"https:\/\/baldumarket.lt\/lt\/product\/witryna-dwudrzwiowa-niska-holten-98-cm-bialy-dab-wotan\/","title":{"rendered":"HOLTEN \u017eema dvidur\u0117 vitrina, 98 cm, balta\/wotan \u0105\u017euolas"},"content":{"rendered":"<p>\u201eHolten\u201c vitrina \u2013 naudinga ir stilinga daikt\u0173 laikymo vieta. \u201eHolten\u201c kolekcija yra tikras modernaus dizaino pavyzdys, kur tvirti r\u0117mai, ry\u0161kios spalvos ir ry\u0161kus stalvir\u0161is susilieja \u012f vien\u0105 darni\u0105 visum\u0105. \u201eHolten\u201c vitrina \u2013 tai baldas, kuris ne tik \u017eavi savo dizainu, bet ir yra ne\u012ftik\u0117tinai prakti\u0161kas. \u0160tai kod\u0117l verta apie tai pagalvoti: Prakti\u0161kumas: \u017eema \u201eHolten\u201c vitrina yra universalus baldas, atliekantis daug funkcij\u0173. Be kasdieni\u0173 daikt\u0173 laikymo, ant jos vir\u0161aus taip pat galima eksponuoti daiktus. Dvi u\u017erakinamos spintel\u0117s leid\u017eia pasl\u0117pti daiktus, kuri\u0173 neb\u016btinai reikia eksponuoti, i\u0161laikant tvark\u0105. U\u017e gr\u016bdinto stiklo yra vietos dekoratyviniams daiktams, pavyzd\u017eiui, vazoms ar fig\u016br\u0117l\u0117ms, eksponuoti. \u201eHolten\u201c vitrina gali b\u016bti su energij\u0105 taupan\u010diu LED ap\u0161vietimu. \u0160is papildomas privalumas i\u0161ry\u0161kins vitrinos turin\u012f, tod\u0117l ji taps dar patrauklesn\u0117. LED ap\u0161vietimas sukuria maloni\u0105 atmosfer\u0105 ir \u012fkvepia gyvyb\u0117s eksponuojamiems daiktams. \u201eHolten\u201c vitrinos spalv\u0173 gama yra eleganti\u0161ka ir moderni. Spintel\u0117s korpusas padengtas matine balta apdaila, suteikian\u010dia minimalistinio poj\u016b\u010dio. Priekin\u0117s dalys lakuotos blizgia balta apdaila, suteikian\u010dia elegancijos. Ry\u0161kus \u201eWotan Oak\u201c stalvir\u0161is su i\u0161skirtiniu ra\u0161tu sukuria kontrast\u0105 ir pabr\u0117\u017eia baldo charakter\u012f. Vitrinos fasadai yra lyg\u016bs ir be ranken\u0117li\u0173, tod\u0117l spintelei suteikiama moderni i\u0161vaizda. Tai taip pat prakti\u0161kas sprendimas, leid\u017eiantis patogiai ir be r\u016bpes\u010di\u0173 naudotis baldais. \u201eHolten\u201c kolekcija si\u016blo \u012fvairius elementus, kuriuos galima derinti, siekiant sukurti darn\u0173 ir funkcional\u0173 svetain\u0117s i\u0161d\u0117stym\u0105. Tai leid\u017eia pritaikyti erdv\u0119 pagal savo poreikius ir skon\u012f. Taip pat verta prisiminti, kad d\u0117l skirting\u0173 med\u017eiag\u0173, naudojam\u0173 stalvir\u0161yje ir lentel\u0117se, ra\u0161to atspalvis gali \u0161iek tiek skirtis, suteikdamas spintelei unikal\u0173 charakter\u012f. Trumpai tariant, \u201eHolten\u201c vitrina yra ne tik patrauklus baldas daiktams laikyti ir eksponuoti, bet ir funkcionali bei stilinga erdv\u0117, kuri taps dekoratyviniu elementu j\u016bs\u0173 svetain\u0117je. D\u0117l savo universalumo, modernaus dizaino ir suderinamumo su kitais \u201eHolten\u201c kolekcijos daiktais \u0161i vitrina pad\u0117s palaikyti tvark\u0105 ir sukurti harmoning\u0105 i\u0161d\u0117stym\u0105. Tai investicija \u012f j\u016bs\u0173 interjero prakti\u0161kum\u0105 ir estetik\u0105.<\/p>\n<p>Prek\u0117s kodas S440-REG2D1W-BI\/DWO\/BIP Simbolis ZM EAN Plotis 98 cm Gylis 42 cm Auk\u0161tis 156,5 cm Kolekcija Holten Spalva balta\/wotan \u0105\u017euolas\/blizgi balta Baltas atspalvis Stilius modernus Dureli\u0173 skai\u010dius 3 dur\u0173 Stal\u010di\u0173 skai\u010dius be stal\u010di\u0173 Rankena be ranken\u0117li\u0173 Ap\u0161vietimas pasirenkamas Gamintojas Juoda Raudona Balta Bald\u0173 tipas Lentynos ir vitrinos PVM 23% EAN 5906123952064<\/p>","protected":false},"excerpt":{"rendered":"<p>The Holten Display Cabinet \u2013 A Useful and Stylish Storage Space. The Holten collection is a true example of modern design, where solid frames, bright colors, and a striking top blend into one harmonious whole. The Holten display cabinet is a piece of furniture that not only impresses with its design but is also incredibly [&hellip;]<\/p>","protected":false},"featured_media":269291,"comment_status":"open","ping_status":"open","template":"","meta":[],"product_brand":[],"product_cat":[9200,2006],"product_tag":[],"class_list":{"0":"post-269290","1":"product","2":"type-product","3":"status-publish","4":"has-post-thumbnail","6":"product_cat-black-red-white","7":"product_cat-vitrines","9":"first","10":"instock","11":"purchasable","12":"product-type-simple"},"_links":{"self":[{"href":"https:\/\/baldumarket.lt\/lt\/wp-json\/wp\/v2\/product\/269290","targetHints":{"allow":["GET"]}}],"collection":[{"href":"https:\/\/baldumarket.lt\/lt\/wp-json\/wp\/v2\/product"}],"about":[{"href":"https:\/\/baldumarket.lt\/lt\/wp-json\/wp\/v2\/types\/product"}],"replies":[{"embeddable":true,"href":"https:\/\/baldumarket.lt\/lt\/wp-json\/wp\/v2\/comments?post=269290"}],"wp:featuredmedia":[{"embeddable":true,"href":"https:\/\/baldumarket.lt\/lt\/wp-json\/wp\/v2\/media\/269291"}],"wp:attachment":[{"href":"https:\/\/baldumarket.lt\/lt\/wp-json\/wp\/v2\/media?parent=269290"}],"wp:term":[{"taxonomy":"product_brand","embeddable":true,"href":"https:\/\/baldumarket.lt\/lt\/wp-json\/wp\/v2\/product_brand?post=269290"},{"taxonomy":"product_cat","embeddable":true,"href":"https:\/\/baldumarket.lt\/lt\/wp-json\/wp\/v2\/product_cat?post=269290"},{"taxonomy":"product_tag","embeddable":true,"href":"https:\/\/baldumarket.lt\/lt\/wp-json\/wp\/v2\/product_tag?post=269290"}],"curies":[{"name":"wp","href":"https:\/\/api.w.org\/{rel}","templated":true}]}}