{"id":269286,"date":"2026-01-14T01:07:00","date_gmt":"2026-01-13T22:07:00","guid":{"rendered":"https:\/\/baldumarket.lt\/product\/witryna-dwudrzwiowa-kassel-60-cm-dab-monastery-dab-czarny\/"},"modified":"2026-02-11T18:17:36","modified_gmt":"2026-02-11T15:17:36","slug":"witryna-dwudrzwiowa-kassel-60-cm-dab-monastery-dab-czarny","status":"publish","type":"product","link":"https:\/\/baldumarket.lt\/lt\/product\/witryna-dwudrzwiowa-kassel-60-cm-dab-monastery-dab-czarny\/","title":{"rendered":"KASSEL dvidur\u0117 vitrina, 60 cm, vienuolyno \u0105\u017euolas\/juodas \u0105\u017euolas"},"content":{"rendered":"<p>Kaselio vitrina \u2013 stilinga ekspozicija. Svarstote, kur eksponuoti savo keramikos kolekcij\u0105 ar m\u0117gstam\u0105 kavos serviz\u0105? Kaselio vitrina \u2013 puikus sprendimas, suteikiantis stiling\u0105 aplink\u0105 \u0161iems daiktams. D\u0117l kompakti\u0161k\u0173 matmen\u0173 \u0161is baldas puikiai tinka net ir ma\u017eesn\u0117ms erdv\u0117ms, tuo pa\u010diu leisdamas tinkamai eksponuoti daiktus, kurie kelia tikr\u0105 pasidid\u017eiavim\u0105.<br \/>\nVir\u0161utin\u0117 spintel\u0117s dalis yra u\u017e tvirto gr\u016bdinto stiklo priekio, u\u017etikrinan\u010dio j\u016bs\u0173 \u0161eimos patvarum\u0105 ir saugum\u0105. J\u016bs\u0173 \u017einioje yra trys lentynos (dvi i\u0161 j\u0173 stiklin\u0117s), kuriose galite laikyti brangius suvenyrus ar ypatingos dekoratyvin\u0117s vert\u0117s indus. Taip pat galima \u012fsigyti LED ap\u0161vietim\u0105, kuris ne tik pa\u0161viesina spintel\u0117s vid\u0173, bet ir sukuria jauki\u0105 atmosfer\u0105 visame kambaryje. Verta pamin\u0117ti, kad spintel\u0117je taip pat yra nedidelis skyrius smulkiems daiktams, pasl\u0117ptas u\u017e tvirto priekio.<br \/>\nApatin\u0117 spintel\u0117s dalis yra spintel\u0117 su prakti\u0161ka lentyna, puikiai tinkan\u010dia, pavyzd\u017eiui, stalties\u0117ms ir takeli\u0173 laikymui. Visa vitrina, kuri atlieka kolonos funkcij\u0105, pasi\u017eymi netradiciniu dizainu. Dviej\u0173 spalv\u0173 \u2013 \u0161ilto abatijos \u0105\u017euolo ir eleganti\u0161ko juodo \u0105\u017euolo \u2013 derinys suteikia baldui unikal\u0173 charakter\u012f. Med\u017eio ra\u0161tas, pary\u0161kintas juodos spalvos kontrastu, svetain\u0117je sukurs raminan\u010di\u0105 atmosfer\u0105, palanki\u0105 poilsiui ir ilgiems pokalbiams. \u0160is spalv\u0173 derinys puikiai dera su moderniu ar lofto stiliaus estetika.<\/p>\n<p>Siaur\u0105 vitrin\u0105 geriausia pastatyti reprezentacin\u0117je nam\u0173 zonoje, kurioje priimami sve\u010diai. Jei ie\u0161kote itin harmoningo i\u0161d\u0117stymo, rekomenduojama j\u0105 derinti su kitais \u201eKassel\u201c kolekcijos elementais.<\/p>\n<p>Prek\u0117s kodas S491-REG1D1W-DMON\/DCA Simbolis ZM EAN Plotis 60 cm Gylis 41 cm Auk\u0161tis 195 cm Kolekcija Kassel Spalva vienuolyno \u0105\u017euolas\/juodas \u0105\u017euolas Atspalvis tamsi mediena Stilius modernus Med\u017eiaga laminatas Dureli\u0173 skai\u010dius 2 dur\u0173 Stal\u010di\u0173 skai\u010dius be stal\u010di\u0173 Rankena su rankenomis Ap\u0161vietimas pasirenkamas Gamintojas Juoda Raudona Balta Bald\u0173 tipas Lentynos ir vitrinos PVM mokestis 23% EAN 5906123709545<\/p>","protected":false},"excerpt":{"rendered":"<p>Kassel Display Cabinet \u2013 Stylish Display. Wondering where to display your ceramics collection or favorite coffee set? The Kassel display cabinet is the perfect solution, providing a stylish setting for these items. Thanks to its compact dimensions, this piece of furniture is perfect even for smaller spaces, while also allowing you to properly display items [&hellip;]<\/p>","protected":false},"featured_media":269287,"comment_status":"open","ping_status":"open","template":"","meta":[],"product_brand":[],"product_cat":[9200,2006],"product_tag":[],"class_list":{"0":"post-269286","1":"product","2":"type-product","3":"status-publish","4":"has-post-thumbnail","6":"product_cat-black-red-white","7":"product_cat-vitrines","9":"first","10":"instock","11":"purchasable","12":"product-type-simple"},"_links":{"self":[{"href":"https:\/\/baldumarket.lt\/lt\/wp-json\/wp\/v2\/product\/269286","targetHints":{"allow":["GET"]}}],"collection":[{"href":"https:\/\/baldumarket.lt\/lt\/wp-json\/wp\/v2\/product"}],"about":[{"href":"https:\/\/baldumarket.lt\/lt\/wp-json\/wp\/v2\/types\/product"}],"replies":[{"embeddable":true,"href":"https:\/\/baldumarket.lt\/lt\/wp-json\/wp\/v2\/comments?post=269286"}],"wp:featuredmedia":[{"embeddable":true,"href":"https:\/\/baldumarket.lt\/lt\/wp-json\/wp\/v2\/media\/269287"}],"wp:attachment":[{"href":"https:\/\/baldumarket.lt\/lt\/wp-json\/wp\/v2\/media?parent=269286"}],"wp:term":[{"taxonomy":"product_brand","embeddable":true,"href":"https:\/\/baldumarket.lt\/lt\/wp-json\/wp\/v2\/product_brand?post=269286"},{"taxonomy":"product_cat","embeddable":true,"href":"https:\/\/baldumarket.lt\/lt\/wp-json\/wp\/v2\/product_cat?post=269286"},{"taxonomy":"product_tag","embeddable":true,"href":"https:\/\/baldumarket.lt\/lt\/wp-json\/wp\/v2\/product_tag?post=269286"}],"curies":[{"name":"wp","href":"https:\/\/api.w.org\/{rel}","templated":true}]}}