{"id":269278,"date":"2026-01-14T01:06:54","date_gmt":"2026-01-13T22:06:54","guid":{"rendered":"https:\/\/baldumarket.lt\/product\/witryna-dwudrzwiowa-azteca-trio-90-cm-bialy-bialy-polysk\/"},"modified":"2026-02-11T18:17:36","modified_gmt":"2026-02-11T15:17:36","slug":"witryna-dwudrzwiowa-azteca-trio-90-cm-bialy-bialy-polysk","status":"publish","type":"product","link":"https:\/\/baldumarket.lt\/lt\/product\/witryna-dwudrzwiowa-azteca-trio-90-cm-bialy-bialy-polysk\/","title":{"rendered":"AZTECA TRIO dviej\u0173 dur\u0173 vitrina, 90 cm, balta\/blizgi balta"},"content":{"rendered":"<p>\u201eAzteca Trio\u201c vitrina \u2013 puikiai tinka svetainei, valgomajam ar darbo kambariui. Su u\u017eapvalintais kra\u0161tais, eleganti\u0161kais fasadais ir ry\u0161kiomis dekoratyvin\u0117mis juostel\u0117mis \u201eAzteca Trio\u201c kolekcija puikiai der\u0117s prie bet kokio modernaus interjero. Jei vertinate funkcionalum\u0105, \u201eAzteca Trio\u201c vitrina jus maloniai nustebins savo talpa ir erdve daiktams eksponuoti. Joje yra penkios pasl\u0117ptos lentynos u\u017e vientiso fasado ir viena stiklin\u0117 lentyna, puikiai tinkanti vazoms, porcelianui ar trof\u0117jams eksponuoti. Interjer\u0105 pary\u0161kina energij\u0105 taupantis LED ap\u0161vietimas, suteikiantis jaukumo. Vitrina yra baltos \/ blizgios baltos spalvos. Komplekte taip pat yra dekoratyvini\u0173 juosteli\u0173: blizgios baltos, blizgios juodos ir \u201ewenge magic oak\u201c \u2013 i\u0161sirinkite tinkam\u0105 ir suteikite baldui unikal\u0173 charakter\u012f. \u0160velniai u\u017esidarantys vyriai suma\u017eina triuk\u0161m\u0105, pa\u0161alindami dureli\u0173 u\u017etrenkimo problem\u0105. Moderni \u201eAzteca Trio\u201c vitrina puikiai dera tiek kaip atskiras baldas, tiek derinama su kitais kolekcijos baldais.<\/p>\n<p>Prek\u0117s kodas S504-SFK1W1D\/14\/9-BI\/BIP Simbolis ZM EAN Plotis 90 cm Gylis 41 cm Auk\u0161tis 145 cm Kolekcija Azteca Trio Spalva balta\/blizgi balta Atspalvis baltas Stilius modernus Dureli\u0173 skai\u010dius 2 dur\u0173 Stal\u010di\u0173 skai\u010dius be stal\u010di\u0173 Rankena be ranken\u0117li\u0173 Gamintojas Juoda Raudona Balta Baldo tipas Lentynos ir vitrinos PVM 23% EAN 5906123714709<\/p>","protected":false},"excerpt":{"rendered":"<p>\u201eAzteca Trio\u201c vitrina \u2013 puikiai tinka svetainei, valgomajam ar darbo kambariui. Su u\u017eapvalintais kra\u0161tais, eleganti\u0161kais fasadais ir ry\u0161kia dekoratyvine juostele \u201eAzteca Trio\u201c kolekcija puikiai der\u0117s prie bet kokio modernaus interjero. Jei vertinate funkcionalum\u0105, \u201eAzteca Trio\u201c vitrina jus maloniai nustebins savo talpa ir ekspozicijos erdve. [\u2026]<\/p>","protected":false},"featured_media":269279,"comment_status":"open","ping_status":"open","template":"","meta":[],"product_brand":[],"product_cat":[9200,2006],"product_tag":[],"class_list":{"0":"post-269278","1":"product","2":"type-product","3":"status-publish","4":"has-post-thumbnail","6":"product_cat-black-red-white","7":"product_cat-vitrines","9":"first","10":"instock","11":"purchasable","12":"product-type-simple"},"_links":{"self":[{"href":"https:\/\/baldumarket.lt\/lt\/wp-json\/wp\/v2\/product\/269278","targetHints":{"allow":["GET"]}}],"collection":[{"href":"https:\/\/baldumarket.lt\/lt\/wp-json\/wp\/v2\/product"}],"about":[{"href":"https:\/\/baldumarket.lt\/lt\/wp-json\/wp\/v2\/types\/product"}],"replies":[{"embeddable":true,"href":"https:\/\/baldumarket.lt\/lt\/wp-json\/wp\/v2\/comments?post=269278"}],"wp:featuredmedia":[{"embeddable":true,"href":"https:\/\/baldumarket.lt\/lt\/wp-json\/wp\/v2\/media\/269279"}],"wp:attachment":[{"href":"https:\/\/baldumarket.lt\/lt\/wp-json\/wp\/v2\/media?parent=269278"}],"wp:term":[{"taxonomy":"product_brand","embeddable":true,"href":"https:\/\/baldumarket.lt\/lt\/wp-json\/wp\/v2\/product_brand?post=269278"},{"taxonomy":"product_cat","embeddable":true,"href":"https:\/\/baldumarket.lt\/lt\/wp-json\/wp\/v2\/product_cat?post=269278"},{"taxonomy":"product_tag","embeddable":true,"href":"https:\/\/baldumarket.lt\/lt\/wp-json\/wp\/v2\/product_tag?post=269278"}],"curies":[{"name":"wp","href":"https:\/\/api.w.org\/{rel}","templated":true}]}}