{"id":269270,"date":"2026-01-14T01:06:46","date_gmt":"2026-01-13T22:06:46","guid":{"rendered":"https:\/\/baldumarket.lt\/product\/witryna-czterodrzwiowa-z-frontami-szklanymi-bergen-102-cm-modrzew-sibiu-zloty\/"},"modified":"2026-02-11T18:17:36","modified_gmt":"2026-02-11T15:17:36","slug":"witryna-czterodrzwiowa-z-frontami-szklanymi-bergen-102-cm-modrzew-sibiu-zloty","status":"publish","type":"product","link":"https:\/\/baldumarket.lt\/lt\/product\/witryna-czterodrzwiowa-z-frontami-szklanymi-bergen-102-cm-modrzew-sibiu-zloty\/","title":{"rendered":"Keturi\u0173 dur\u0173 vitrina su stikliniais fasadais BERGEN 102 cm, auksin\u0117 Sibiu maumed\u017eio spalva"},"content":{"rendered":"<p>Bergen vitrina \u2013 daugiafunkcis baldas daiktams eksponuoti ir laikyti. Bergen kolekcija \u2013 tai harmoningas geometrini\u0173 form\u0173, originali\u0173 detali\u0173 ir prislopint\u0173 spalv\u0173 derinys, puikiai atrodantis tiek svetain\u0117je, tiek miegamajame. Bergen dvidur\u0117 vitrina \u2013 puikus pasirinkimas, kai reikia pasl\u0117pti kai kuriuos daiktus, o tuo pa\u010diu metu parodyti kitus. U\u017e dviej\u0173 gr\u016bdinto stiklo fasad\u0173 galite sukurti \u012fsp\u016bdingas m\u0117gstamiausi\u0173 daikt\u0173 ekspozicijas. Apatin\u0117 dvidur\u0117 spintel\u0117 suteikia papildomos vietos dokumentams ar siuvin\u0117toms stalties\u0117ms laikyti. Paprast\u0105 vitrinos form\u0105 pary\u0161kina i\u0161skirtinis \u0161onini\u0173 kra\u0161t\u0173 \u201c\u012fdubimas\u201d, suteikiantis baldui modern\u0173 ir eleganti\u0161k\u0105 vaizd\u0105. Be to, i\u0161siki\u0161\u0119s, tiesus cokolis ir nuo\u017euln\u016bs fasad\u0173 kra\u0161tai suteikia charakterio. \u0160ilta auksin\u0117s Sibiu maumed\u017eio medienos spalva suteikia interjerui unikalumo ir yra tvirtas pagrindas kurti stilingas kompozicijas. Verta pamin\u0117ti, kad Bergen vitrina apr\u016bpinta energij\u0105 taupan\u010diu LED ap\u0161vietimu, esan\u010diu po lentynomis. \u0160is ap\u0161vietimas ne tik traukia ak\u012f, bet ir sukuria unikali\u0105 atmosfer\u0105 interjere, i\u0161ry\u0161kindamas eksponuojamus daiktus. Be to, verta atkreipti d\u0117mes\u012f \u012f tokias detales kaip auk\u0161tos, siaur\u0117jan\u010dios kojel\u0117s ir metalin\u0117s rankenos, kurios suteikia vitrinai elegancijos ir stiliaus. Firminiai aksesuarai su \u0161velnaus u\u017edarymo sistema leid\u017eia patogiai naudotis kasdien. B\u0117geliai turi specialius stabd\u017eius, d\u0117l kuri\u0173 bald\u0173 fasadai u\u017esidaro beveik tyliai, beveik neatsiejamai susiedami su korpusu. \u201eBergen\u201c kolekcija si\u016blo plat\u0173 element\u0173 pasirinkim\u0105, leid\u017eiant\u012f sukurti funkcionalius i\u0161d\u0117stymus, pritaikytus j\u016bs\u0173 \u0161eimos poreikiams. \u201eBergen\u201c vitrina yra ne tik prakti\u0161kas baldas, bet ir eleganti\u0161kas b\u016bdas eksponuoti ir laikyti m\u0117gstamus daiktus, kartu sukuriant unikali\u0105 atmosfer\u0105 j\u016bs\u0173 interjere.<\/p>\n<p>Prek\u0117s kodas S359-REG2W2D-MSZ Simbolis ZM EAN Plotis 102 cm Gylis 47 cm Auk\u0161tis 202 cm Kolekcija Bergen Spalva maumedis sibiu auksinis Atspalvis tamsi mediena Stilius klasikinis Med\u017eiaga laminatas Dureli\u0173 skai\u010dius 4 dur\u0173 Stal\u010di\u0173 skai\u010dius be stal\u010di\u0173 Rankena su ranken\u0117l\u0117mis Ap\u0161vietimas su ap\u0161vietimu Gamintojas Juoda Raudona Balta Bald\u0173 tipas Lentynos ir vitrinos PVM mokestis 23% EAN 5906123926799<\/p>","protected":false},"excerpt":{"rendered":"<p>Bergen Display Cabinet &#8211; A multifunctional piece of furniture for display and storage. The Bergen collection is a harmonious blend of geometric shapes, original details, and subdued colors that will look great in both the living room and bedroom. The Bergen two-door display cabinet is the perfect choice when you need to hide some things [&hellip;]<\/p>","protected":false},"featured_media":269271,"comment_status":"open","ping_status":"open","template":"","meta":[],"product_brand":[],"product_cat":[9200,2006],"product_tag":[],"class_list":{"0":"post-269270","1":"product","2":"type-product","3":"status-publish","4":"has-post-thumbnail","6":"product_cat-black-red-white","7":"product_cat-vitrines","9":"first","10":"instock","11":"purchasable","12":"product-type-simple"},"_links":{"self":[{"href":"https:\/\/baldumarket.lt\/lt\/wp-json\/wp\/v2\/product\/269270","targetHints":{"allow":["GET"]}}],"collection":[{"href":"https:\/\/baldumarket.lt\/lt\/wp-json\/wp\/v2\/product"}],"about":[{"href":"https:\/\/baldumarket.lt\/lt\/wp-json\/wp\/v2\/types\/product"}],"replies":[{"embeddable":true,"href":"https:\/\/baldumarket.lt\/lt\/wp-json\/wp\/v2\/comments?post=269270"}],"wp:featuredmedia":[{"embeddable":true,"href":"https:\/\/baldumarket.lt\/lt\/wp-json\/wp\/v2\/media\/269271"}],"wp:attachment":[{"href":"https:\/\/baldumarket.lt\/lt\/wp-json\/wp\/v2\/media?parent=269270"}],"wp:term":[{"taxonomy":"product_brand","embeddable":true,"href":"https:\/\/baldumarket.lt\/lt\/wp-json\/wp\/v2\/product_brand?post=269270"},{"taxonomy":"product_cat","embeddable":true,"href":"https:\/\/baldumarket.lt\/lt\/wp-json\/wp\/v2\/product_cat?post=269270"},{"taxonomy":"product_tag","embeddable":true,"href":"https:\/\/baldumarket.lt\/lt\/wp-json\/wp\/v2\/product_tag?post=269270"}],"curies":[{"name":"wp","href":"https:\/\/api.w.org\/{rel}","templated":true}]}}