{"id":269267,"date":"2026-01-14T01:06:43","date_gmt":"2026-01-13T22:06:43","guid":{"rendered":"https:\/\/baldumarket.lt\/product\/wieszak-romance-59-cm-modrzew-sibiu-jasny-dab-sanremo-jasny\/"},"modified":"2026-02-11T18:17:36","modified_gmt":"2026-02-11T15:17:36","slug":"wieszak-romance-59-cm-modrzew-sibiu-jasny-dab-sanremo-jasny","status":"publish","type":"product","link":"https:\/\/baldumarket.lt\/lt\/product\/wieszak-romance-59-cm-modrzew-sibiu-jasny-dab-sanremo-jasny\/","title":{"rendered":"ROMANCE pakaba 59 cm \u0161viesus Sibiu maumedis\/\u0161viesus San Remo \u0105\u017euolas"},"content":{"rendered":"<p>\u201eRomance\u201c palt\u0173 kabykla \u2013 tvarkinga ir eleganti\u0161ka. Prie\u0161kambaris yra vieta, kurioje erdv\u0117s organizavimas yra labai svarbus. \u012ekv\u0117pta skandinavi\u0161ko dizaino paprastumo, \u201eRomance\u201c kolekcija si\u016blo sprendimus, kurie ne tik \u017eavi savo stiliumi, bet ir supaprastina kasdien\u012f gyvenim\u0105. \u201eRomance\u201c palt\u0173 kabykla yra b\u016btinas aksesuaras tiems, kurie vertina tvark\u0105 ir elegancij\u0105. \u0160i palt\u0173 kabykla yra ne tik prakti\u0161ka, bet ir stilinga. D\u0117l pakabos ir dviej\u0173 kabliuk\u0173 net ir jauniausieji nam\u0173 \u016bkio nariai gali lengvai pasiekti savo \u0161varkus ir paltus. Be to, vir\u0161utin\u0117 lentyna puikiai tinka kepur\u0117ms ir \u0161alikams laikyti, kad viskas b\u016bt\u0173 lengvai pasiekiama. Palt\u0173 kabyklos dizainas pabr\u0117\u017eia \u201eRomance\u201c kolekcijos estetik\u0105. Plok\u0161t\u0117 apdailinta \u0161viesia Sibiu maumed\u017eio spalva, suteikian\u010dia jai lengvumo ir gaivumo poj\u016bt\u012f. Vir\u0161utin\u0117 lentyna apdailinta San Remo \u0105\u017euolo beicu, suteikian\u010diu kontrasto ir charakterio. R\u0117meliai kra\u0161tuose ir paprasti sidabriniai kabliukai u\u017ebaigia vaizd\u0105, sukurdami eleganti\u0161k\u0105 ir modern\u0173 vaizd\u0105. Pakabos prakti\u0161kum\u0105 garantuoja ne tik jos funkcija, bet ir firminiai aksesuarai bei ergonominiai sprendimai. Paprasti sidabriniai kabliukai leid\u017eia lengvai pakabinti drabu\u017eius, o r\u0117meliai kra\u0161tuose suteikia patvarumo. \u201eRomance\u201c pakaba yra vienas i\u0161 daugelio element\u0173 kolekcijoje, kuri\u0105 taip pat sudaro komoda, drabu\u017ei\u0173 spinta, spintel\u0117, veidrodis ir kt. Sujunkite \u0161iuos elementus, kad sukurtum\u0117te darn\u0173 ir funkcional\u0173 prie\u0161kambar\u012f, kuriame svarbi kiekviena detal\u0117. Tegul \u201eRomance\u201c pakaba tampa prakti\u0161ku ir eleganti\u0161ku akcentu j\u016bs\u0173 prie\u0161kambaryje.<\/p>\n<p>Prek\u0117s kodas S330-WIE\/60-MSJ\/DSAJ Simbolis ZM EAN Plotis 59 cm Gylis 30 cm Auk\u0161tis 143 cm Kolekcija Romantika Spalva \u0161viesi Sibiu maumedis\/\u0161viesus San Remo \u0105\u017euolas Gaubtas \u0161viesi mediena Stilius modernus Med\u017eiaga laminatas Gamintojas Juoda Raudona Balta Baldo tipas Pakabos PVM 23% EAN 5906123925839<\/p>","protected":false},"excerpt":{"rendered":"<p>The Romance Coat Rack \u2013 Order with Elegance. The hallway is a place where space organization is key. Inspired by the simplicity of Scandinavian design, the Romance collection offers solutions that not only impress with their style but also simplify everyday life. The Romance Coat Rack is an essential piece for those who value order [&hellip;]<\/p>","protected":false},"featured_media":269268,"comment_status":"open","ping_status":"open","template":"","meta":[],"product_brand":[],"product_cat":[9200,1931],"product_tag":[],"class_list":{"0":"post-269267","1":"product","2":"type-product","3":"status-publish","4":"has-post-thumbnail","6":"product_cat-black-red-white","7":"product_cat-hangers","9":"first","10":"instock","11":"purchasable","12":"product-type-simple"},"_links":{"self":[{"href":"https:\/\/baldumarket.lt\/lt\/wp-json\/wp\/v2\/product\/269267","targetHints":{"allow":["GET"]}}],"collection":[{"href":"https:\/\/baldumarket.lt\/lt\/wp-json\/wp\/v2\/product"}],"about":[{"href":"https:\/\/baldumarket.lt\/lt\/wp-json\/wp\/v2\/types\/product"}],"replies":[{"embeddable":true,"href":"https:\/\/baldumarket.lt\/lt\/wp-json\/wp\/v2\/comments?post=269267"}],"wp:featuredmedia":[{"embeddable":true,"href":"https:\/\/baldumarket.lt\/lt\/wp-json\/wp\/v2\/media\/269268"}],"wp:attachment":[{"href":"https:\/\/baldumarket.lt\/lt\/wp-json\/wp\/v2\/media?parent=269267"}],"wp:term":[{"taxonomy":"product_brand","embeddable":true,"href":"https:\/\/baldumarket.lt\/lt\/wp-json\/wp\/v2\/product_brand?post=269267"},{"taxonomy":"product_cat","embeddable":true,"href":"https:\/\/baldumarket.lt\/lt\/wp-json\/wp\/v2\/product_cat?post=269267"},{"taxonomy":"product_tag","embeddable":true,"href":"https:\/\/baldumarket.lt\/lt\/wp-json\/wp\/v2\/product_tag?post=269267"}],"curies":[{"name":"wp","href":"https:\/\/api.w.org\/{rel}","templated":true}]}}