{"id":269264,"date":"2026-01-14T01:06:38","date_gmt":"2026-01-13T22:06:38","guid":{"rendered":"https:\/\/baldumarket.lt\/product\/wieszak-na-ubrania-wysoki-nepo-plus-70-cm-dab-sonoma\/"},"modified":"2026-02-11T18:17:36","modified_gmt":"2026-02-11T15:17:36","slug":"wieszak-na-ubrania-wysoki-nepo-plus-70-cm-dab-sonoma","status":"publish","type":"product","link":"https:\/\/baldumarket.lt\/lt\/product\/wieszak-na-ubrania-wysoki-nepo-plus-70-cm-dab-sonoma\/","title":{"rendered":"NEPO PLUS auk\u0161ta drabu\u017ei\u0173 pakaba 70 cm, Sonoma \u0105\u017euolas"},"content":{"rendered":"<p>\u201eNepo Plus\u201c pakaba \u2013 stilinga prie\u0161kambario tvarka. \u201eNepo Plus\u201c kolekcija \u2013 puikus sprendimas moderniems prie\u0161kambariams ir \u012f\u0117jimams. Paprastumas, lengva forma ir form\u0173 \u012fvairov\u0117 daro j\u0105 ne tik funkcionali\u0105, bet ir esteti\u0161kai patraukli\u0105 bei universali\u0105. Vieta vir\u0161utiniams drabu\u017eiams: jei vertinate tvark\u0105 ir norite, kad viskas b\u016bt\u0173 po ranka skubant \u012f darb\u0105 ar ruo\u0161iant vaikus mokyklai, \u201eNepo Plus\u201c pakaba yra puikus sprendimas. Penki kabliukai suteikia vietos visos \u0161eimos vir\u0161utiniams drabu\u017eiams. Pakabos laminuotas pavir\u0161ius yra labai atsparus \u012fbr\u0117\u017eimams, o tai ypa\u010d svarbu erdv\u0117se, kur da\u017enai kabinami ir nuimami drabu\u017eiai. Tai u\u017etikrina, kad pakaba i\u0161laikyt\u0173 estetin\u012f patrauklum\u0105 kiekvien\u0105 dien\u0105. Pakabos skydelis yra trij\u0173 skirting\u0173 spalv\u0173: baltos, vienuolyno \u0105\u017euolo ir sonoma \u0105\u017euolo. Galite j\u012f pritaikyti prie savo interjero, pasirinkdami neutrali\u0105 balt\u0105 spalv\u0105, kuri vizualiai padidins erdv\u0119, arba \u0161iltesnius \u0105\u017euolo atspalvius. Pla\u010di\u0105 palt\u0173 kabykl\u0105 galima kabinti atskirai arba vir\u0161 bat\u0173 spintel\u0117s i\u0161 \u201eNepo Plus\u201c kolekcijos. \u0160is lankstus sprendimas leid\u017eia optimaliai i\u0161naudoti erdv\u0119 prie\u0161kambaryje. \u201eNepo Plus\u201c kabykla puikiai dera su kitais \u0161ios kolekcijos elementais, tokiais kaip veidrodis, komoda ar drabu\u017ei\u0173 spinta. Galite sukurti darn\u0173 ir harmoning\u0105 prie\u0161kambario i\u0161d\u0117stym\u0105, kuris atitiks j\u016bs\u0173 l\u016bkes\u010dius tiek funkcionalumo, tiek estetikos po\u017ei\u016briu. Trumpai tariant, \u201eNepo Plus\u201c kabykla yra ne tik prakti\u0161kas sprendimas vir\u0161utiniams drabu\u017eiams sutvarkyti, bet ir dekoratyvinis elementas, kuris suteiks j\u016bs\u0173 prie\u0161kambariui klas\u0117s ir tvarkos. D\u0117l atsparumo pa\u017eeidimams ir \u012fvairi\u0173 spalv\u0173 variant\u0173 \u0161is baldas tarnaus jums daugel\u012f met\u0173. Derinkite j\u012f su kitais \u201eNepo Plus\u201c kolekcijos elementais, kad sukurtum\u0117te darni\u0105 ir funkcionali\u0105 erdv\u0119 savo namuose.<\/p>\n<p>Prek\u0117s kodas S435-WIE\/70\/135-DSO Simbolis ZM EAN Plotis 70 cm Gylis 1,5 cm Auk\u0161tis 135 cm Kolekcija \u201eNepo Plus\u201c Spalva Sonoma \u0105\u017euolas Gaubtas \u0161viesios medienos Stilius modernus Gamintojas Juoda Raudona Balta Baldo tipas Pakabos PVM 23% EAN 5906123951524<\/p>","protected":false},"excerpt":{"rendered":"<p>The Nepo Plus Hanger \u2013 Classy Hallway Organization. The Nepo Plus collection is the perfect solution for modern hallways and entryways. Its simplicity, light form, and variety of shapes make it not only functional but also aesthetically pleasing and versatile. A place for outerwear: If you value order and want to have everything at hand [&hellip;]<\/p>","protected":false},"featured_media":269265,"comment_status":"open","ping_status":"open","template":"","meta":[],"product_brand":[],"product_cat":[9200,1931],"product_tag":[],"class_list":{"0":"post-269264","1":"product","2":"type-product","3":"status-publish","4":"has-post-thumbnail","6":"product_cat-black-red-white","7":"product_cat-hangers","9":"first","10":"instock","11":"purchasable","12":"product-type-simple"},"_links":{"self":[{"href":"https:\/\/baldumarket.lt\/lt\/wp-json\/wp\/v2\/product\/269264","targetHints":{"allow":["GET"]}}],"collection":[{"href":"https:\/\/baldumarket.lt\/lt\/wp-json\/wp\/v2\/product"}],"about":[{"href":"https:\/\/baldumarket.lt\/lt\/wp-json\/wp\/v2\/types\/product"}],"replies":[{"embeddable":true,"href":"https:\/\/baldumarket.lt\/lt\/wp-json\/wp\/v2\/comments?post=269264"}],"wp:featuredmedia":[{"embeddable":true,"href":"https:\/\/baldumarket.lt\/lt\/wp-json\/wp\/v2\/media\/269265"}],"wp:attachment":[{"href":"https:\/\/baldumarket.lt\/lt\/wp-json\/wp\/v2\/media?parent=269264"}],"wp:term":[{"taxonomy":"product_brand","embeddable":true,"href":"https:\/\/baldumarket.lt\/lt\/wp-json\/wp\/v2\/product_brand?post=269264"},{"taxonomy":"product_cat","embeddable":true,"href":"https:\/\/baldumarket.lt\/lt\/wp-json\/wp\/v2\/product_cat?post=269264"},{"taxonomy":"product_tag","embeddable":true,"href":"https:\/\/baldumarket.lt\/lt\/wp-json\/wp\/v2\/product_tag?post=269264"}],"curies":[{"name":"wp","href":"https:\/\/api.w.org\/{rel}","templated":true}]}}