{"id":269260,"date":"2026-01-14T01:06:34","date_gmt":"2026-01-13T22:06:34","guid":{"rendered":"https:\/\/baldumarket.lt\/product\/wieszak-na-ubrania-wysoki-nepo-plus-70-cm-dab-noble\/"},"modified":"2026-02-11T18:17:36","modified_gmt":"2026-02-11T15:17:36","slug":"wieszak-na-ubrania-wysoki-nepo-plus-70-cm-dab-noble","status":"publish","type":"product","link":"https:\/\/baldumarket.lt\/lt\/product\/wieszak-na-ubrania-wysoki-nepo-plus-70-cm-dab-noble\/","title":{"rendered":"NEPO PLUS auk\u0161ta drabu\u017ei\u0173 pakaba 70 cm, kilnus \u0105\u017euolas"},"content":{"rendered":"<p>\u201eNepo Plus\u201c pakaba \u2013 vieta vir\u0161utiniams drabu\u017eiams. Moderniame prie\u0161kambaryje ar \u012f\u0117jime \u201eNepo Plus\u201c kolekcija i\u0161siskiria paprasta forma, lengvu dizainu ir funkcionalumu. Tai puikus pasirinkimas tiems, kurie vertina prakti\u0161kus ir esteti\u0161kai patrauklius sprendimus. Patogumas ir funkcionalumas.<br \/>\n\u201eNepo Plus\u201c pakaba buvo sukurta atsi\u017evelgiant \u012f visos \u0161eimos poreikius. Penki kabliukai suteikia patogi\u0105 viet\u0105 striuk\u0117ms ir paltams. Ji puikiai tinka kasdieniams reikalams \u2013 tiek prie\u0161 darb\u0105, tiek ruo\u0161iant vaikus mokyklai. Stilius ir patvarumas.<br \/>\nLaminuotas \u201eNepo Plus\u201c pakabos pavir\u0161ius yra atsparus \u012fbr\u0117\u017eimams, u\u017etikrinantis patvarum\u0105 ir ilgalaik\u0119 estetik\u0105. Universali \u201eNoble Oak\u201c spalva suteikia \u0161ilumos ir modernaus stiliaus bet kokiam interjerui, puikiai papildydama kitus \u201eNepo Plus\u201c kolekcijos elementus. Ypatyb\u0117s: Penki kabliukai \u2013 prakti\u0161ka vieta visos \u0161eimos vir\u0161utiniams drabu\u017eiams laikyti. Laminuotas pavir\u0161ius \u2013 patvarus ir atsparus kasdieniam naudojimui. \u201eNoble Oak\u201c spalva \u2013 nat\u016bralus ir universalus atspalvis. Lankstus i\u0161d\u0117stymas \u2013 pakab\u0105 galima pakabinti atskirai arba vir\u0161 \u201eNepo Plus\u201c bat\u0173 spintel\u0117s. Kompakti\u0161kas dizainas \u2013 puikiai tinka bet kokiam prie\u0161kambariui. Santrauka<br \/>\n\u201eNepo Plus\u201c pakaba \u2013 prakti\u0161kas bet kurio modernaus prie\u0161kambario papildymas. Penki kabliukai, patvari konstrukcija ir universalus dizainas u\u017etikrins patog\u0173 naudojim\u0105 ir stilistin\u012f vientisum\u0105 j\u016bs\u0173 interjere. Papildykite j\u0105 veidrod\u017eiu, komoda ar spinta i\u0161 \u201eNepo Plus\u201c kolekcijos, kad sukurtum\u0117te funkcionali\u0105 erdv\u0119, pritaikyt\u0105 j\u016bs\u0173 \u0161eimos poreikiams.<\/p>\n<p>Prek\u0117s kodas S435-WIE\/70\/135-DNO Plotis 70 cm Auk\u0161tis 135 cm Kolekcija \u201eNepo Plus\u201c Spalva kilnus \u0105\u017euolas Atspalvis tamsi mediena Stilius modernus Med\u017eiaga laminatas Gamintojas Juoda Raudona Balta Baldo tipas Pakabos PVM 23% EAN 5906123061773<\/p>","protected":false},"excerpt":{"rendered":"<p>\u201eNepo Plus\u201c pakaba \u2013 vieta vir\u0161utiniams drabu\u017eiams. Moderniame prie\u0161kambaryje ar \u012f\u0117jime \u201eNepo Plus\u201c kolekcija i\u0161siskiria paprasta forma, lengvu dizainu ir funkcionalumu. Tai puikus pasirinkimas tiems, kurie vertina prakti\u0161kus ir esteti\u0161kai patrauklius sprendimus. Patogumas ir funkcionalumas. \u201eNepo Plus\u201c pakaba buvo sukurta atsi\u017evelgiant \u012f [\u2026] poreikius.<\/p>","protected":false},"featured_media":269261,"comment_status":"open","ping_status":"open","template":"","meta":[],"product_brand":[],"product_cat":[9200,1931],"product_tag":[],"class_list":{"0":"post-269260","1":"product","2":"type-product","3":"status-publish","4":"has-post-thumbnail","6":"product_cat-black-red-white","7":"product_cat-hangers","9":"first","10":"instock","11":"purchasable","12":"product-type-simple"},"_links":{"self":[{"href":"https:\/\/baldumarket.lt\/lt\/wp-json\/wp\/v2\/product\/269260","targetHints":{"allow":["GET"]}}],"collection":[{"href":"https:\/\/baldumarket.lt\/lt\/wp-json\/wp\/v2\/product"}],"about":[{"href":"https:\/\/baldumarket.lt\/lt\/wp-json\/wp\/v2\/types\/product"}],"replies":[{"embeddable":true,"href":"https:\/\/baldumarket.lt\/lt\/wp-json\/wp\/v2\/comments?post=269260"}],"wp:featuredmedia":[{"embeddable":true,"href":"https:\/\/baldumarket.lt\/lt\/wp-json\/wp\/v2\/media\/269261"}],"wp:attachment":[{"href":"https:\/\/baldumarket.lt\/lt\/wp-json\/wp\/v2\/media?parent=269260"}],"wp:term":[{"taxonomy":"product_brand","embeddable":true,"href":"https:\/\/baldumarket.lt\/lt\/wp-json\/wp\/v2\/product_brand?post=269260"},{"taxonomy":"product_cat","embeddable":true,"href":"https:\/\/baldumarket.lt\/lt\/wp-json\/wp\/v2\/product_cat?post=269260"},{"taxonomy":"product_tag","embeddable":true,"href":"https:\/\/baldumarket.lt\/lt\/wp-json\/wp\/v2\/product_tag?post=269260"}],"curies":[{"name":"wp","href":"https:\/\/api.w.org\/{rel}","templated":true}]}}