{"id":269247,"date":"2026-01-14T01:06:24","date_gmt":"2026-01-13T22:06:24","guid":{"rendered":"https:\/\/baldumarket.lt\/product\/wieszak-na-ubrania-waski-nepo-plus-15-cm-bialy\/"},"modified":"2026-02-11T18:17:37","modified_gmt":"2026-02-11T15:17:37","slug":"wieszak-na-ubrania-waski-nepo-plus-15-cm-bialy","status":"publish","type":"product","link":"https:\/\/baldumarket.lt\/lt\/product\/wieszak-na-ubrania-waski-nepo-plus-15-cm-bialy\/","title":{"rendered":"NEPO PLUS siauras drabu\u017ei\u0173 pakabukas 15 cm baltas"},"content":{"rendered":"<p>\u201eNepo Plus\u201c pakaba \u2013 sutvarkykite savo prie\u0161kambar\u012f. \u201eNepo Plus\u201c kolekcija si\u016blo ne tik miegamojo ir jaunimo kambario baldus, bet ir prakti\u0161kus bei stilingus sprendimus kitiems j\u016bs\u0173 nam\u0173 kambariams, pavyzd\u017eiui, prie\u0161kambariui. \u201eNepo Plus\u201c pakaba yra puikus kompakti\u0161ko ir funkcionalaus baldo, kuris pad\u0117s jums palaikyti tvark\u0105 prie\u0161kambaryje, pavyzdys. Pagrindiniai \u201eNepo Plus\u201c pakabos privalumai: Paskirta vieta drabu\u017eiams: Jei norite, kad j\u016bs\u0173 striuk\u0117s ir paltai visada b\u016bt\u0173 po ranka, \u201eNepo Plus\u201c pakaba yra puikus sprendimas. Ji leid\u017eia sukurti patogi\u0105 prie\u0161kambario erdv\u0119, kurioje gal\u0117tum\u0117te lengvai pakabinti drabu\u017eius. Pakabos laminuotas pavir\u0161ius yra atsparus \u012fbr\u0117\u017eimams ir temperat\u016brai, tod\u0117l idealiai tinka kasdieniam naudojimui, ypa\u010d tose vietose, kur da\u017enai apsirengiama ir nusirengiama. Spalv\u0173 pasirinkimas: Pakabos skydelis yra trij\u0173 skirting\u0173 spalv\u0173: baltos, vienuolyno \u0105\u017euolo ir sonoma \u0105\u017euolo. Tai leid\u017eia jums j\u012f priderinti prie savo nam\u0173 interjero ir sukurti darni\u0105 visum\u0105. I\u0161ple\u010diamumas: \u201eNepo Plus\u201c pakaba yra plono ir kompakti\u0161ko dizaino, tod\u0117l galite j\u0105 pakabinti atskirai arba kartu su keliais kitais pakabomis. Galite sukurti \u012fsp\u016bding\u0105 mozaik\u0105 ant sienos, dar labiau pagerindami savo prie\u0161kambar\u012f. Pakab\u0105 galite pakabinti \u0161alia spintos arba vir\u0161 bat\u0173 spintel\u0117s, taip bus lengviau ir grei\u010diau pasiruo\u0161ti. \u0160is patogus sprendimas leid\u017eia efektyviai organizuoti prie\u0161kambar\u012f. \u201eNepo Plus\u201c kolekcija si\u016blo plat\u0173 moduli\u0173 pasirinkim\u0105, kuriuos galima derinti, sukuriant darn\u0173 ir funkcional\u0173 i\u0161d\u0117stym\u0105 \u012fvairiuose kambariuose. \u201eNepo Plus\u201c pakaba gali puikiai papildyti kitus \u0161ios kolekcijos daiktus. Trumpai tariant, \u201eNepo Plus\u201c pakaba yra prakti\u0161kas sprendimas, kuris pad\u0117s jums palaikyti tvark\u0105 prie\u0161kambaryje ir visada tur\u0117ti drabu\u017eius po ranka. D\u0117l auk\u0161tos kokyb\u0117s gamybos ir \u012fvairi\u0173 spalv\u0173 variant\u0173 galite j\u0105 pritaikyti prie savo poreiki\u0173 ir interjero stiliaus. Derinkite j\u0105 su kitais \u201eNepo Plus\u201c kolekcijos elementais, kad sukurtum\u0117te funkcionali\u0105 ir esteti\u0161kai patraukli\u0105 erdv\u0119 savo namuose.<\/p>\n<p>Prek\u0117s kodas S435-WIE\/15-BI Simbolis ZM EAN Plotis 15 cm Gylis 1,5 cm Auk\u0161tis 135 cm Kolekcija \u201eNepo Plus\u201c Spalva balta Atspalvis baltas Stilius modernus Gamintojas Juoda Raudona Balta Baldo tipas Pakabos PVM 23% EAN 5906123951449<\/p>","protected":false},"excerpt":{"rendered":"<p>\u201eNepo Plus\u201c pakaba \u2013 sutvarkykite savo prie\u0161kambar\u012f. \u201eNepo Plus\u201c kolekcija si\u016blo ne tik miegamojo ir jaunimo kambario baldus, bet ir prakti\u0161kus bei stilingus sprendimus kitiems j\u016bs\u0173 nam\u0173 kambariams, pavyzd\u017eiui, prie\u0161kambariui. \u201eNepo Plus\u201c pakaba yra puikus kompakti\u0161ko ir funkcionalaus baldo pavyzdys, kuris pad\u0117s jums [\u2026]<\/p>","protected":false},"featured_media":269248,"comment_status":"open","ping_status":"open","template":"","meta":[],"product_brand":[],"product_cat":[9200,1931],"product_tag":[],"class_list":{"0":"post-269247","1":"product","2":"type-product","3":"status-publish","4":"has-post-thumbnail","6":"product_cat-black-red-white","7":"product_cat-hangers","9":"first","10":"instock","11":"purchasable","12":"product-type-simple"},"_links":{"self":[{"href":"https:\/\/baldumarket.lt\/lt\/wp-json\/wp\/v2\/product\/269247","targetHints":{"allow":["GET"]}}],"collection":[{"href":"https:\/\/baldumarket.lt\/lt\/wp-json\/wp\/v2\/product"}],"about":[{"href":"https:\/\/baldumarket.lt\/lt\/wp-json\/wp\/v2\/types\/product"}],"replies":[{"embeddable":true,"href":"https:\/\/baldumarket.lt\/lt\/wp-json\/wp\/v2\/comments?post=269247"}],"wp:featuredmedia":[{"embeddable":true,"href":"https:\/\/baldumarket.lt\/lt\/wp-json\/wp\/v2\/media\/269248"}],"wp:attachment":[{"href":"https:\/\/baldumarket.lt\/lt\/wp-json\/wp\/v2\/media?parent=269247"}],"wp:term":[{"taxonomy":"product_brand","embeddable":true,"href":"https:\/\/baldumarket.lt\/lt\/wp-json\/wp\/v2\/product_brand?post=269247"},{"taxonomy":"product_cat","embeddable":true,"href":"https:\/\/baldumarket.lt\/lt\/wp-json\/wp\/v2\/product_cat?post=269247"},{"taxonomy":"product_tag","embeddable":true,"href":"https:\/\/baldumarket.lt\/lt\/wp-json\/wp\/v2\/product_tag?post=269247"}],"curies":[{"name":"wp","href":"https:\/\/api.w.org\/{rel}","templated":true}]}}