{"id":269244,"date":"2026-01-14T01:06:22","date_gmt":"2026-01-13T22:06:22","guid":{"rendered":"https:\/\/baldumarket.lt\/product\/wieszak-na-ubrania-niski-nepo-plus-70-cm-bialy\/"},"modified":"2026-02-11T18:17:37","modified_gmt":"2026-02-11T15:17:37","slug":"wieszak-na-ubrania-niski-nepo-plus-70-cm-bialy","status":"publish","type":"product","link":"https:\/\/baldumarket.lt\/lt\/product\/wieszak-na-ubrania-niski-nepo-plus-70-cm-bialy\/","title":{"rendered":"NEPO PLUS \u017eema drabu\u017ei\u0173 pakaba 70 cm, balta"},"content":{"rendered":"<p>\u201eNepo Plus\u201c pakaba \u2013 kompakti\u0161kas erdv\u0117s valdymas\u201eNepo Plus\u201c kolekcija \u2013 puikus sprendimas moderniam prie\u0161kambario dizainui. Minimalistinis dizainas ir funkcionalumas idealiai tinka studijos tipo butams ir ma\u017eesn\u0117ms erdv\u0117ms. \u201eNepo Plus\u201c pakaba yra puikus pasirinkimas, jei jums reikia vietos striuk\u0117ms ir paltams, bet prie\u0161kambario erdv\u0117 ribota. Trys prakti\u0161ki kabliukai suteikia pakankamai vietos vir\u0161utiniams drabu\u017eiams. Pakabos plok\u0161t\u0117 yra laminuota, tod\u0117l ji atsparesn\u0117 \u012fbr\u0117\u017eimams. Tai svarbu ypa\u010d tose erdv\u0117se, kur da\u017enai kabinami ir nuimami drabu\u017eiai. Pakab\u0105 galima \u012fsigyti trij\u0173 skirting\u0173 spalv\u0173. Galite rinktis balt\u0105, kuri puikiai tinka ma\u017eoms erdv\u0117ms, arba \u0161iltus \u0105\u017euolo atspalvius, tokius kaip vienuolyno \u0105\u017euolas arba sonoma \u0105\u017euolas, kurie gali sukurti gra\u017e\u0173 kontrast\u0105 su baltomis sienomis. Kompakti\u0161kas pakabos dydis leid\u017eia j\u0105 pakabinti vir\u0161 bat\u0173 spinteli\u0173 arba atskirai ant sienos, atsi\u017evelgiant \u012f j\u016bs\u0173 pageidavimus. Tai leid\u017eia j\u0105 pritaikyti prie j\u016bs\u0173 prie\u0161kambario i\u0161planavimo. Trumpai tariant, \u201eNepo Plus\u201c palt\u0173 kabykla yra funkcionalus ir stilingas sprendimas j\u016bs\u0173 prie\u0161kambario organizavimui. D\u0117l kompakti\u0161ko dyd\u017eio ji idealiai tinka ma\u017eesniems studijos tipo butams, o atspari pa\u017eeidimams konstrukcija u\u017etikrina ilgalaik\u012f naudojim\u0105. Pasirinkdami spalv\u0105, galite j\u0105 priderinti prie savo interjero ir sukurti darn\u0173 vaizd\u0105. Nesvarbu, ar kabinsite j\u0105 vir\u0161 bat\u0173 spinteli\u0173, ar pastatysite vien\u0105 ant sienos, \u201eNepo Plus\u201c palt\u0173 kabykla pad\u0117s palaikyti tvark\u0105 prie\u0161kambaryje.<\/p>\n<p>Prek\u0117s kodas S435-WIE\/70-BI Simbolis ZM EAN Plotis 70 cm Gylis 1,5 cm Auk\u0161tis 25 cm Kolekcija \u201eNepo Plus\u201c Spalva balta Atspalvis baltas Stilius modernus Gamintojas Juoda Raudona Balta Baldo tipas Pakabos PVM 23% EAN 5906123951548<\/p>","protected":false},"excerpt":{"rendered":"<p>\u201eNepo Plus\u201c pakaba \u2013 kompakti\u0161kas erdv\u0117s valdymas\u201eNepo Plus\u201c kolekcija yra puikus sprendimas moderniam prie\u0161kambario dizainui. Minimalistinis dizainas ir funkcionalumas idealiai tinka studijos tipo apartamentams ir ma\u017eesn\u0117ms erdv\u0117ms. \u201eNepo Plus\u201c pakaba yra puikus pasirinkimas, jei jums reikia vietos striuk\u0117ms ir paltams, bet prie\u0161kambario erdv\u0117 ribota. Su trimis [\u2026]<\/p>","protected":false},"featured_media":269245,"comment_status":"open","ping_status":"open","template":"","meta":[],"product_brand":[],"product_cat":[9200,1931],"product_tag":[],"class_list":{"0":"post-269244","1":"product","2":"type-product","3":"status-publish","4":"has-post-thumbnail","6":"product_cat-black-red-white","7":"product_cat-hangers","9":"first","10":"instock","11":"purchasable","12":"product-type-simple"},"_links":{"self":[{"href":"https:\/\/baldumarket.lt\/lt\/wp-json\/wp\/v2\/product\/269244","targetHints":{"allow":["GET"]}}],"collection":[{"href":"https:\/\/baldumarket.lt\/lt\/wp-json\/wp\/v2\/product"}],"about":[{"href":"https:\/\/baldumarket.lt\/lt\/wp-json\/wp\/v2\/types\/product"}],"replies":[{"embeddable":true,"href":"https:\/\/baldumarket.lt\/lt\/wp-json\/wp\/v2\/comments?post=269244"}],"wp:featuredmedia":[{"embeddable":true,"href":"https:\/\/baldumarket.lt\/lt\/wp-json\/wp\/v2\/media\/269245"}],"wp:attachment":[{"href":"https:\/\/baldumarket.lt\/lt\/wp-json\/wp\/v2\/media?parent=269244"}],"wp:term":[{"taxonomy":"product_brand","embeddable":true,"href":"https:\/\/baldumarket.lt\/lt\/wp-json\/wp\/v2\/product_brand?post=269244"},{"taxonomy":"product_cat","embeddable":true,"href":"https:\/\/baldumarket.lt\/lt\/wp-json\/wp\/v2\/product_cat?post=269244"},{"taxonomy":"product_tag","embeddable":true,"href":"https:\/\/baldumarket.lt\/lt\/wp-json\/wp\/v2\/product_tag?post=269244"}],"curies":[{"name":"wp","href":"https:\/\/api.w.org\/{rel}","templated":true}]}}