{"id":269240,"date":"2026-01-14T01:06:19","date_gmt":"2026-01-13T22:06:19","guid":{"rendered":"https:\/\/baldumarket.lt\/product\/wieszak-na-ubrania-loksa-59-cm-andersen-pine-white\/"},"modified":"2026-02-11T18:17:37","modified_gmt":"2026-02-11T15:17:37","slug":"wieszak-na-ubrania-loksa-59-cm-andersen-pine-white","status":"publish","type":"product","link":"https:\/\/baldumarket.lt\/lt\/product\/wieszak-na-ubrania-loksa-59-cm-andersen-pine-white\/","title":{"rendered":"LOKSA drabu\u017ei\u0173 kabykla 59 cm andersen pus\u0161is balta"},"content":{"rendered":"<p>\u201eLoksa\u201c palt\u0173 kabykla \u2013 funkcionalus ir stilingas sprendimas j\u016bs\u0173 prie\u0161kambariui. Jei planuojate \u012frengti svetain\u0119, prie\u0161kambar\u012f ar studijos tipo but\u0105, \u201eLoksa\u201c kolekcija tikrai pateisins j\u016bs\u0173 l\u016bkes\u010dius. I\u0161skirtin\u0117s savyb\u0117s, tokios kaip prislopintos spalvos, paprastos formos, \u012fr\u0117minti fasadai ir tvirtos rankenos, puikiai papildo skandinavi\u0161ko stiliaus estetik\u0105. \u201eLoksa\u201c palt\u0173 kabykla \u2013 tai prakti\u0161kas prie\u0161kambario baldas, padedantis laikyti vir\u0161utinius drabu\u017eius ir aksesuarus. Joje yra lentyna, pakaba striuk\u0117ms, paltams ar kepur\u0117ms pakabinti. Ji u\u017etikrina patog\u0173 drabu\u017ei\u0173 ir aksesuar\u0173 laikym\u0105, tod\u0117l lengviau sutvarkyti prie\u0161kambar\u012f. Palt\u0173 kabyklos spalv\u0173 schema dera su likusia \u201eLoksa\u201c kolekcijos dalimi, sukurdama harmoning\u0105 visum\u0105 j\u016bs\u0173 interjere. Balta Anderseno pu\u0161ies spalva yra neutrali ir puikiai dera prie \u012fvairi\u0173 dekoro element\u0173. \u201eLoksa\u201c palt\u0173 kabykla yra ne tik funkcionalus sprendimas, bet ir stilingas dekoratyvinis elementas. Dekoratyviniai r\u0117meliai aplink plok\u0161t\u0119 atkartoja b\u016bdingus \u012fr\u0117mintus fasadus, suteikdami baldui unikalaus \u017eavesio. Tai leid\u017eia baldui ne tik atlikti savo funkcij\u0105, bet ir suteikti interjerui charakterio. Derindami \u201eLoksa\u201c pakab\u0105 su kitais kolekcijos elementais, galite sukurti darn\u0173 ir funkcional\u0173 i\u0161d\u0117stym\u0105 savo prie\u0161kambaryje ar svetain\u0117je. \u0160is baldas ne tik palengvina drabu\u017ei\u0173 laikym\u0105, bet ir suteikia interjerui skandinavi\u0161ko \u017eavesio bei elegancijos. D\u0117l savo universalumo jis yra idealus sprendimas daugeliui j\u016bs\u0173 nam\u0173 kambari\u0173.<\/p>\n<p>Prek\u0117s kodas S455-WIE\/60-APW Simbolis ZM EAN Plotis 59 cm Gylis 30 cm Auk\u0161tis 143 cm Kolekcija Loksa Spalva andersen pu\u0161is balta Gaubtas \u0161viesi mediena Stilius Skandinavi\u0161kas Med\u017eiaga laminatas Gamintojas Juoda Raudona Balta Baldo tipas Pakabos PVM 23% EAN 5906123607643<\/p>","protected":false},"excerpt":{"rendered":"<p>\u201eLoksa\u201c palt\u0173 kabykla \u2013 funkcionalus ir stilingas sprendimas j\u016bs\u0173 prie\u0161kambariui. Jei planuojate \u012frengti svetain\u0119, prie\u0161kambar\u012f ar studijos tipo but\u0105, \u201eLoksa\u201c kolekcija tikrai pateisins j\u016bs\u0173 l\u016bkes\u010dius. I\u0161skirtin\u0117s savyb\u0117s, tokios kaip prislopintos spalvos, paprastos formos, \u012fr\u0117minti fasadai ir tvirtos rankenos, puikiai papildo skandinavi\u0161ko stiliaus estetik\u0105. \u201eLoksa\u201c [\u2026]<\/p>","protected":false},"featured_media":269241,"comment_status":"open","ping_status":"open","template":"","meta":[],"product_brand":[],"product_cat":[9200,1931],"product_tag":[],"class_list":{"0":"post-269240","1":"product","2":"type-product","3":"status-publish","4":"has-post-thumbnail","6":"product_cat-black-red-white","7":"product_cat-hangers","9":"first","10":"instock","11":"purchasable","12":"product-type-simple"},"_links":{"self":[{"href":"https:\/\/baldumarket.lt\/lt\/wp-json\/wp\/v2\/product\/269240","targetHints":{"allow":["GET"]}}],"collection":[{"href":"https:\/\/baldumarket.lt\/lt\/wp-json\/wp\/v2\/product"}],"about":[{"href":"https:\/\/baldumarket.lt\/lt\/wp-json\/wp\/v2\/types\/product"}],"replies":[{"embeddable":true,"href":"https:\/\/baldumarket.lt\/lt\/wp-json\/wp\/v2\/comments?post=269240"}],"wp:featuredmedia":[{"embeddable":true,"href":"https:\/\/baldumarket.lt\/lt\/wp-json\/wp\/v2\/media\/269241"}],"wp:attachment":[{"href":"https:\/\/baldumarket.lt\/lt\/wp-json\/wp\/v2\/media?parent=269240"}],"wp:term":[{"taxonomy":"product_brand","embeddable":true,"href":"https:\/\/baldumarket.lt\/lt\/wp-json\/wp\/v2\/product_brand?post=269240"},{"taxonomy":"product_cat","embeddable":true,"href":"https:\/\/baldumarket.lt\/lt\/wp-json\/wp\/v2\/product_cat?post=269240"},{"taxonomy":"product_tag","embeddable":true,"href":"https:\/\/baldumarket.lt\/lt\/wp-json\/wp\/v2\/product_tag?post=269240"}],"curies":[{"name":"wp","href":"https:\/\/api.w.org\/{rel}","templated":true}]}}