{"id":269236,"date":"2026-01-14T01:06:15","date_gmt":"2026-01-13T22:06:15","guid":{"rendered":"https:\/\/baldumarket.lt\/product\/wieszak-na-ubrania-kaspian-66-cm-dab-sonoma\/"},"modified":"2026-02-11T18:17:37","modified_gmt":"2026-02-11T15:17:37","slug":"wieszak-na-ubrania-kaspian-66-cm-dab-sonoma","status":"publish","type":"product","link":"https:\/\/baldumarket.lt\/lt\/product\/wieszak-na-ubrania-kaspian-66-cm-dab-sonoma\/","title":{"rendered":"KASPIAN drabu\u017ei\u0173 pakaba 66 cm, Sonoma \u0105\u017euolo spalvos"},"content":{"rendered":"<p>\u201eKaspian\u201c pakabos skydelis \u2013 lengva prieiga prie striuki\u0173 ir palt\u0173. \u201eKaspian\u201c baldai yra puikus pasirinkimas visiems, ie\u0161kantiems funkcionali\u0173 ir prakti\u0161k\u0173 sprendim\u0173 savo interjerui. \u0160i pakabos skydelis yra puikus tokio sprendimo pavyzdys. \u0160tai kod\u0117l verta j\u012f apsvarstyti: Med\u017eio imitacijos fanera: \u0161i fanera suteikia skydeliui eleganti\u0161k\u0105 i\u0161vaizd\u0105, kuri puikiai dera prie modernaus ir ekologi\u0161ko interjero dizaino. Med\u017eio imitacija suteikia \u0161ilumos ir jaukumo, be to, yra lengvai pri\u017ei\u016brima ir patvari. Penki kabliukai vir\u0161utiniams drabu\u017eiams kabinti: \u201eKaspian\u201c skydelis yra ne tik esteti\u0161kai patrauklus, bet ir labai prakti\u0161kas. D\u0117l penki\u0173 kabliuk\u0173 galite lengvai pakabinti striukes, paltus ir kitus vir\u0161utinius drabu\u017eius. Tai idealiai tinka \u0161altesn\u0117ms dienoms, kai reikia greitai pasiekti savo drabu\u017eius. Auk\u0161ta lentyna vir\u0161 kabliuk\u0173 yra puiki vieta laikyti kepures, \u0161alikus ir kitus aksesuarus. Tai u\u017etikrina, kad visi j\u016bs\u0173 b\u016btini aksesuarai visada b\u016bt\u0173 po ranka. Galimos spalv\u0173 parinktys leid\u017eia pritaikyti skydel\u012f pagal savo skon\u012f ir interjero dizain\u0105. Tai rei\u0161kia didesnes dizaino galimybes ir laisv\u0119 renkantis prie\u0161kambario baldus. \u201eKaspian\u201c skydelis yra universalus sprendimas, kur\u012f galima derinti su elementais i\u0161 kit\u0173 \u201eBlack Red White\u201c kolekcij\u0173. Tai leid\u017eia sukurti darn\u0173 ir harmoning\u0105 vaizd\u0105 j\u016bs\u0173 prie\u0161kambaryje ar bet kurioje kitoje erdv\u0117je, kurioje panel\u0117 ras savo viet\u0105. Verta investuoti \u012f baldus, kurie ne tik atlieka praktin\u0119 funkcij\u0105, bet ir suteikia j\u016bs\u0173 interjerui charakterio bei estetinio patrauklumo. \u201eKaspian\u201c panel\u0117 su pakabomis yra puikus funkcionalumo ir stiliaus derinys, padedantis palaikyti tvark\u0105 prie\u0161kambaryje ir suteikiantis \u017eavesio j\u016bs\u0173 interjerui. Suteikite sau galimyb\u0119 panaudoti \u0161\u012f prakti\u0161k\u0105 bald\u0105, kuris taip pat unikaliai \u012fsilies \u012f j\u016bs\u0173 interjer\u0105.<\/p>\n<p>Prek\u0117s kodas S128-WIE\/60-DSO Simbolis ZM EAN Plotis 66 cm Gylis 24 cm Auk\u0161tis 152 cm Kolekcija Kaspian Spalva Sonoma \u0105\u017euolas Gaubtas \u0161viesios medienos Stilius modernus Gamintojas Juoda Raudona Balta Baldo tipas Pakabos PVM 23% EAN 5906123921237<\/p>","protected":false},"excerpt":{"rendered":"<p>\u201eKaspian\u201c pakabos skydelis \u2013 lengva prieiga prie \u0161vark\u0173 ir palt\u0173. \u201eKaspian\u201c baldai yra puikus pasirinkimas visiems, ie\u0161kantiems funkcionali\u0173 ir prakti\u0161k\u0173 sprendim\u0173 savo interjerui. \u0160is pakabos skydelis yra puikus tokio sprendimo pavyzdys. \u0160tai kod\u0117l verta j\u012f apsvarstyti: Med\u017eio imitacijos fanera: \u0161i fanera suteikia skydeliui eleganti\u0161k\u0105 i\u0161vaizd\u0105, kuri puikiai [\u2026]<\/p>","protected":false},"featured_media":269237,"comment_status":"open","ping_status":"open","template":"","meta":[],"product_brand":[],"product_cat":[9200,1931],"product_tag":[],"class_list":{"0":"post-269236","1":"product","2":"type-product","3":"status-publish","4":"has-post-thumbnail","6":"product_cat-black-red-white","7":"product_cat-hangers","9":"first","10":"instock","11":"purchasable","12":"product-type-simple"},"_links":{"self":[{"href":"https:\/\/baldumarket.lt\/lt\/wp-json\/wp\/v2\/product\/269236","targetHints":{"allow":["GET"]}}],"collection":[{"href":"https:\/\/baldumarket.lt\/lt\/wp-json\/wp\/v2\/product"}],"about":[{"href":"https:\/\/baldumarket.lt\/lt\/wp-json\/wp\/v2\/types\/product"}],"replies":[{"embeddable":true,"href":"https:\/\/baldumarket.lt\/lt\/wp-json\/wp\/v2\/comments?post=269236"}],"wp:featuredmedia":[{"embeddable":true,"href":"https:\/\/baldumarket.lt\/lt\/wp-json\/wp\/v2\/media\/269237"}],"wp:attachment":[{"href":"https:\/\/baldumarket.lt\/lt\/wp-json\/wp\/v2\/media?parent=269236"}],"wp:term":[{"taxonomy":"product_brand","embeddable":true,"href":"https:\/\/baldumarket.lt\/lt\/wp-json\/wp\/v2\/product_brand?post=269236"},{"taxonomy":"product_cat","embeddable":true,"href":"https:\/\/baldumarket.lt\/lt\/wp-json\/wp\/v2\/product_cat?post=269236"},{"taxonomy":"product_tag","embeddable":true,"href":"https:\/\/baldumarket.lt\/lt\/wp-json\/wp\/v2\/product_tag?post=269236"}],"curies":[{"name":"wp","href":"https:\/\/api.w.org\/{rel}","templated":true}]}}