{"id":269233,"date":"2026-01-14T01:06:08","date_gmt":"2026-01-13T22:06:08","guid":{"rendered":"https:\/\/baldumarket.lt\/product\/wieszak-na-ubrania-holten-925-cm-bialy-dab-wotan\/"},"modified":"2026-02-11T18:17:37","modified_gmt":"2026-02-11T15:17:37","slug":"wieszak-na-ubrania-holten-925-cm-bialy-dab-wotan","status":"publish","type":"product","link":"https:\/\/baldumarket.lt\/lt\/product\/wieszak-na-ubrania-holten-925-cm-bialy-dab-wotan\/","title":{"rendered":"HOLTEN drabu\u017ei\u0173 kabykla 92,5 cm balta\/wotan \u0105\u017euolas"},"content":{"rendered":"<p>\u201eHolten\u201c palt\u0173 kabykla \u2013 tvarka ir stilius prie\u0161kambaryje. Prie\u0161kambaris yra kiekvien\u0173 nam\u0173 vitrina, tod\u0117l verta pasir\u016bpinti jo funkcionalumu ir i\u0161vaizda. \u201eHolten\u201c kolekcija si\u016blo modernius sprendimus, kurie pad\u0117s sutvarkyti prie\u0161kambario erdv\u0119, i\u0161laikant stili\u0173 ir tvark\u0105. \u201eHolten\u201c palt\u0173 kabykla yra ne tik funkcionalus elementas, bet ir dekoratyvinis akcentas prie\u0161kambaryje. \u0160i palt\u0173 kabykla buvo sukurta vir\u0161utiniams drabu\u017eiams ir aksesuarams tvarkingai susid\u0117ti. Joje yra penki paprasti kabliukai ir pakabos b\u0117gelis, leid\u017eiantys laikyti vaik\u0173 striukes ir paltus. Be to, vir\u0161utin\u0117 lentyna yra puiki vieta kepur\u0117ms, pir\u0161tin\u0117ms ir kitiems smulkiems aksesuarams. Palt\u0173 kabyklos plok\u0161t\u0117 apdailinta \u201eWaterford Oak\u201c mediena, o matomas ra\u0161tas suteikia jai unikal\u0173 charakter\u012f ir nat\u016bral\u0173 \u017eaves\u012f. D\u0117l skirting\u0173 med\u017eiag\u0173, naudojam\u0173 lentjuost\u0117ms, ra\u0161tas gali \u0161iek tiek skirtis, suteikdamas baldui unikalaus charakterio. Verta atkreipti d\u0117mes\u012f \u012f \u0161onines lentjuostes, kurios sukuria unikal\u0173 r\u0117m\u0105 pakabinimo daliai ir suteikia unikal\u0173 dizaino akcent\u0105. \u201eHolten\u201c palt\u0173 kabykla puikiai dera su kitais kolekcijos elementais, tokiais kaip bat\u0173 spintel\u0117 ar kiti prie\u0161kambario baldai. Galite sukurti darni\u0105 ir funkcionali\u0105 erdv\u0119, kuri palengvins j\u016bs\u0173 drabu\u017ei\u0173 ir aksesuar\u0173 tvarkym\u0105 kiekvien\u0105 dien\u0105. \u0160is palt\u0173 kabyklos modelis yra dviej\u0173 spalv\u0173: balta \/ Wotan \u0105\u017euolas \/ blizgi balta ir Waterford \u0105\u017euolas. Tai leid\u017eia j\u012f priderinti prie j\u016bs\u0173 asmeninio stiliaus ir prie\u0161kambario dekoro. \u201eHolten\u201c palt\u0173 kabykla yra ne tik prakti\u0161kas sprendimas, bet ir eleganti\u0161kas elementas, suteikiantis j\u016bs\u0173 prie\u0161kambario erdvei charakterio ir estetikos.<\/p>\n<p>Prek\u0117s kodas S440-WIE-BI\/DWO\/BIP Simbolis ZM EAN Plotis 92,5 cm Gylis 24,5 cm Auk\u0161tis 132 cm Kolekcija Holten Spalva balta\/wotan \u0105\u017euolas\/blizgi balta Gaubtas baltas Stilius modernus Gamintojas Juoda Raudona Balta Baldo tipas Pakabos PVM 23% EAN 5906123952286<\/p>","protected":false},"excerpt":{"rendered":"<p>\u201eHolten\u201c palt\u0173 kabykla \u2013 tvarka ir stilius prie\u0161kambaryje. Prie\u0161kambaris yra kiekvien\u0173 nam\u0173 vitrina, tod\u0117l verta pasir\u016bpinti jo funkcionalumu ir i\u0161vaizda. \u201eHolten\u201c kolekcija si\u016blo modernius sprendimus, kurie pad\u0117s sutvarkyti prie\u0161kambario erdv\u0119, i\u0161laikant stili\u0173 ir tvark\u0105. \u201eHolten\u201c palt\u0173 kabykla yra ne tik [\u2026]<\/p>","protected":false},"featured_media":269234,"comment_status":"open","ping_status":"open","template":"","meta":[],"product_brand":[],"product_cat":[9200,1931],"product_tag":[],"class_list":{"0":"post-269233","1":"product","2":"type-product","3":"status-publish","4":"has-post-thumbnail","6":"product_cat-black-red-white","7":"product_cat-hangers","9":"first","10":"instock","11":"purchasable","12":"product-type-simple"},"_links":{"self":[{"href":"https:\/\/baldumarket.lt\/lt\/wp-json\/wp\/v2\/product\/269233","targetHints":{"allow":["GET"]}}],"collection":[{"href":"https:\/\/baldumarket.lt\/lt\/wp-json\/wp\/v2\/product"}],"about":[{"href":"https:\/\/baldumarket.lt\/lt\/wp-json\/wp\/v2\/types\/product"}],"replies":[{"embeddable":true,"href":"https:\/\/baldumarket.lt\/lt\/wp-json\/wp\/v2\/comments?post=269233"}],"wp:featuredmedia":[{"embeddable":true,"href":"https:\/\/baldumarket.lt\/lt\/wp-json\/wp\/v2\/media\/269234"}],"wp:attachment":[{"href":"https:\/\/baldumarket.lt\/lt\/wp-json\/wp\/v2\/media?parent=269233"}],"wp:term":[{"taxonomy":"product_brand","embeddable":true,"href":"https:\/\/baldumarket.lt\/lt\/wp-json\/wp\/v2\/product_brand?post=269233"},{"taxonomy":"product_cat","embeddable":true,"href":"https:\/\/baldumarket.lt\/lt\/wp-json\/wp\/v2\/product_cat?post=269233"},{"taxonomy":"product_tag","embeddable":true,"href":"https:\/\/baldumarket.lt\/lt\/wp-json\/wp\/v2\/product_tag?post=269233"}],"curies":[{"name":"wp","href":"https:\/\/api.w.org\/{rel}","templated":true}]}}