{"id":269230,"date":"2026-01-14T01:06:04","date_gmt":"2026-01-13T22:06:04","guid":{"rendered":"https:\/\/baldumarket.lt\/product\/wieszak-na-ubrania-gent-101-cm-dab-stirling\/"},"modified":"2026-02-11T18:17:37","modified_gmt":"2026-02-11T15:17:37","slug":"wieszak-na-ubrania-gent-101-cm-dab-stirling","status":"publish","type":"product","link":"https:\/\/baldumarket.lt\/lt\/product\/wieszak-na-ubrania-gent-101-cm-dab-stirling\/","title":{"rendered":"GENT drabu\u017ei\u0173 pakaba, 101 cm, \u0105\u017euolas Stirlinge"},"content":{"rendered":"<p>\u201eGent\u201c pakabos skydelis \u2013 prakti\u0161kas sprendimas j\u016bs\u0173 vir\u0161utiniams drabu\u017eiams. \u201eGent\u201c kolekcija yra tikras perlas nesenstan\u010dio ir klasikinio interjero dizaino m\u0117g\u0117jams, o \u201eGent\u201c pakabos skydelis yra puikus priedas, kuris ne tik palengvins vir\u0161utini\u0173 drabu\u017ei\u0173 laikym\u0105, bet ir papuo\u0161 j\u016bs\u0173 prie\u0161kambar\u012f ar miegam\u0105j\u012f. Jei vertinate patogum\u0105 ir tvark\u0105 laikant vir\u0161utinius drabu\u017eius, \u201eGent\u201c pakabos skydelis pateisins j\u016bs\u0173 l\u016bkes\u010dius. \u0160is gerai apgalvotas baldas turi penkis dvigubus pakabus, i\u0161d\u0117stytus skirtinguose auk\u0161\u010diuose, tod\u0117l net ir jauniausieji nam\u0173 \u016bkio nariai ras viet\u0105 savo striuk\u0117ms ar paltams. Be to, ant b\u0117gelio galite pad\u0117ti pakab\u0105 paltams, o vir\u0161utin\u0117 lentyna puikiai tinka kepur\u0117ms, kepurait\u0117ms ir kitiems aksesuarams. Taip pat vertas d\u0117mesio skydelio dizainas. Stirlingo \u0105\u017euolo apdaila suteikia jai \u0161ilt\u0105 ir eleganti\u0161k\u0105 poj\u016bt\u012f. Matoma medienos tekst\u016bra ir lyt\u0117jimo poj\u016btis suteikia baldui charakterio ir paver\u010dia j\u012f patraukliu dekoratyviniu elementu. Metaliniai kabliukai ir pakabos b\u0117gelis yra ne tik esteti\u0161ki, bet ir patvar\u016bs, tod\u0117l galite ant j\u0173 kabinti drabu\u017eius nesijaudindami d\u0117l j\u0173 patvarumo. \u0160ios detal\u0117s atkartoja rankenas, randamas kituose \u201eGent\u201c kolekcijos balduose, suteikdamos visai erdvei vientis\u0105 stili\u0173. \u201eGent\u201c pakabos plok\u0161t\u0117s montavimas yra paprastas ir intuityvus, tod\u0117l galite greitai prid\u0117ti funkcionalumo savo prie\u0161kambaryje ar miegamajame. Ji ne tik suteikia papildomos vietos vir\u0161utiniams drabu\u017eiams, bet ir padeda i\u0161vengti ne\u0161vari\u0173, \u0161viesi\u0173 sien\u0173 problemos, ypa\u010d lietingomis ar snieguotomis dienomis. Trumpai tariant, \u201eGent\u201c pakabos plok\u0161t\u0117 yra ne tik prakti\u0161kas sprendimas j\u016bs\u0173 vir\u0161utiniams drabu\u017eiams, bet ir eleganti\u0161kas dekoratyvinis elementas, kuris suteiks j\u016bs\u0173 erdvei stiliaus. Jos funkcionalumas, unikalus dizainas ir tvirta konstrukcija daro j\u0105 puikiu pasirinkimu tiems, kurie vertina tvark\u0105 ir estetik\u0105 savo namuose.<\/p>\n<p>Prek\u0117s kodas M244-PAN\/16\/10-DAST Simbolis ZM EAN Plotis 101 cm Gylis 24 cm Auk\u0161tis 168 cm Kolekcija Gent Spalva stirling \u0105\u017euolas Atspalvis tamsi mediena Stilius modernus Gamintojas Juoda Raudona Balta Baldo tipas Pakabos PVM 23% EAN 5906123605373<\/p>","protected":false},"excerpt":{"rendered":"<p>\u201eGent\u201c pakabos skydelis \u2013 prakti\u0161kas sprendimas j\u016bs\u0173 vir\u0161utiniams drabu\u017eiams. \u201eGent\u201c kolekcija yra tikras perlas nesenstan\u010dio ir klasikinio interjero dizaino m\u0117g\u0117jams, o \u201eGent\u201c pakabos skydelis yra puikus priedas, kuris ne tik palengvina vir\u0161utini\u0173 drabu\u017ei\u0173 laikym\u0105, bet ir papuo\u0161 j\u016bs\u0173 prie\u0161kambar\u012f ar miegam\u0105j\u012f. Jei vertinate patogum\u0105 ir tvark\u0105 [\u2026]<\/p>","protected":false},"featured_media":269231,"comment_status":"open","ping_status":"open","template":"","meta":[],"product_brand":[],"product_cat":[9200,1931],"product_tag":[],"class_list":{"0":"post-269230","1":"product","2":"type-product","3":"status-publish","4":"has-post-thumbnail","6":"product_cat-black-red-white","7":"product_cat-hangers","9":"first","10":"instock","11":"purchasable","12":"product-type-simple"},"_links":{"self":[{"href":"https:\/\/baldumarket.lt\/lt\/wp-json\/wp\/v2\/product\/269230","targetHints":{"allow":["GET"]}}],"collection":[{"href":"https:\/\/baldumarket.lt\/lt\/wp-json\/wp\/v2\/product"}],"about":[{"href":"https:\/\/baldumarket.lt\/lt\/wp-json\/wp\/v2\/types\/product"}],"replies":[{"embeddable":true,"href":"https:\/\/baldumarket.lt\/lt\/wp-json\/wp\/v2\/comments?post=269230"}],"wp:featuredmedia":[{"embeddable":true,"href":"https:\/\/baldumarket.lt\/lt\/wp-json\/wp\/v2\/media\/269231"}],"wp:attachment":[{"href":"https:\/\/baldumarket.lt\/lt\/wp-json\/wp\/v2\/media?parent=269230"}],"wp:term":[{"taxonomy":"product_brand","embeddable":true,"href":"https:\/\/baldumarket.lt\/lt\/wp-json\/wp\/v2\/product_brand?post=269230"},{"taxonomy":"product_cat","embeddable":true,"href":"https:\/\/baldumarket.lt\/lt\/wp-json\/wp\/v2\/product_cat?post=269230"},{"taxonomy":"product_tag","embeddable":true,"href":"https:\/\/baldumarket.lt\/lt\/wp-json\/wp\/v2\/product_tag?post=269230"}],"curies":[{"name":"wp","href":"https:\/\/api.w.org\/{rel}","templated":true}]}}