{"id":269206,"date":"2026-01-14T01:05:38","date_gmt":"2026-01-13T22:05:38","guid":{"rendered":"https:\/\/baldumarket.lt\/product\/wersalka-trzyosobowa-tyrion-rozkladana-z-pojemnikiem-na-nozkach-plecionka-zielona\/"},"modified":"2026-02-11T18:17:37","modified_gmt":"2026-02-11T15:17:37","slug":"wersalka-trzyosobowa-tyrion-rozkladana-z-pojemnikiem-na-nozkach-plecionka-zielona","status":"publish","type":"product","link":"https:\/\/baldumarket.lt\/lt\/product\/wersalka-trzyosobowa-tyrion-rozkladana-z-pojemnikiem-na-nozkach-plecionka-zielona\/","title":{"rendered":"Tyrion triviet\u0117 sofa-lova su daiktad\u0117\u017ee ant koj\u0173, \u017ealia pinta vytel\u0117"},"content":{"rendered":"<p>\u201eTyrion\u201c sofa-lova \u2013 intriguojantis dizainas ir kompakti\u0161ki matmenys. \u201eTyrion\u201c sofa-lova \u2013 puikus pasirinkimas ie\u0161kantiems baldo, kuris derint\u0173 moderni\u0105 estetik\u0105 su funkcionalumu. D\u0117l kompakti\u0161k\u0173 matmen\u0173 ji puikiai tinka ma\u017eiems butams, u\u017etikrindama komfort\u0105 ir stili\u0173. D\u0117l siaur\u0173 \u0161on\u0173 \u201eTyrion\u201c sofa-lova suteikia stabili\u0105 atram\u0105, paliekant vietos kavos staliukui ar suolui, tod\u0117l svetain\u0117 tampa dar funkcionalesn\u0117. Patogumas ir funkcionalumas. \u201eTyrion\u201c sofos-lovos s\u0117dyn\u0117je ir atlo\u0161e yra \u201ebonell\u201c spyruokl\u0117s, u\u017etikrinan\u010dios vienod\u0105 ir patog\u0173 miegojimo pavir\u0161i\u0173. I\u0161lankstymo mechanizmas yra paprastas ir patogus naudoti, tod\u0117l sof\u0105-lov\u0105 galite greitai paversti atpalaiduojan\u010dia erdve. Papildomas privalumas \u2013 erdvus patalyn\u0117s skyrius, kuriame yra papildomos vietos tokiems daiktams kaip rank\u0161luos\u010diai ir antklod\u0117s. Dizainas ir stilius. \u201eTyrion\u201c sofa-lova \u017eavi savo intriguojan\u010diu dizainu, o dekoratyvin\u0117s vienos adatos si\u016bl\u0117s suteikia unikalaus \u017eavesio. \u0160ios kruop\u0161\u010dios detal\u0117s pagerina baldo estetik\u0105 ir suteikia jam modern\u0173, ta\u010diau jauk\u0173 vaizd\u0105. Dekoratyvin\u0117s medin\u0117s kojel\u0117s garantuoja patvarum\u0105 ir stabilum\u0105, o sofai suteikia lengvumo ir elegancijos. \u201eBrego 77\u201c audinys yra mink\u0161tas ir malonus liesti, tod\u0117l padidina komfort\u0105. Ypatyb\u0117s: \u201eBonnell\u201c spyruokl\u0117s s\u0117dyn\u0117je ir atlo\u0161e \u2013 vienodas, patogus miegojimo pavir\u0161ius. Lengvai naudojamas i\u0161lankstymo mechanizmas \u2013 greitai paver\u010dia sof\u0105 lova. Erdvus patalyn\u0117s skyrius \u2013 papildoma daikt\u0173 laikymo vieta. Dekoratyvin\u0117s vienos adatos si\u016bl\u0117s \u2013 estetin\u0117s detal\u0117s, pabr\u0117\u017eian\u010dios dizain\u0105. Dekoratyvin\u0117s medin\u0117s kojel\u0117s \u2013 patvarumas ir stabilumas. \u201eBrego 77\u201c audinys \u2013 mink\u0161tas ir malonus liesti. Santrauka: \u201eTyrion\u201c sofa \u2013 tai puikus intriguojan\u010dio dizaino ir funkcionalumo derinys. D\u0117l kompakti\u0161ko dyd\u017eio ir eleganti\u0161kos apdailos ji puikiai tinka ma\u017eiems butams, nes tai patogi vieta miegoti ir prakti\u0161ki sprendimai kasdieniam naudojimui.<\/p>\n<p>Prek\u0117s kodas FL-WE-TYRION-3K-G1-BREGO_77 Plotis 196 cm Gylis 95 cm S\u0117dyn\u0117s gylis 55 cm Auk\u0161tis 98 cm S\u0117dyn\u0117s auk\u0161tis 43 cm Kolekcija Tyrion Spalva Brego 77 \u017dalia atspalvis Stilius klasikinis Med\u017eiaga audinys Miegamoji funkcija su miegojimo funkcija Miegamoji dalis 125 \u00d7 185 Indas su 1 indu Atsipalaidavimo funkcija be atsipalaidavimo funkcijos Reguliuojamas atlo\u0161as: ne Galvos atrama be galvos atramos U\u017epildas: bonell spyruokl\u0117\/putplastis Gamintojas: juoda raudona balta Bald\u0173 tipas: sofos-lovos PVM mokestis 23%<\/p>","protected":false},"excerpt":{"rendered":"<p>The Tyrion Sofa Bed \u2013 Intriguing Design and Compact Dimensions. The Tyrion Sofa Bed is the perfect choice for those seeking a piece of furniture that combines modern aesthetics with functionality. Its compact dimensions make it a perfect fit for small apartments, providing both comfort and style. Thanks to its narrow sides, the Tyrion Sofa [&hellip;]<\/p>","protected":false},"featured_media":269207,"comment_status":"open","ping_status":"open","template":"","meta":[],"product_brand":[],"product_cat":[9200,560],"product_tag":[],"class_list":{"0":"post-269206","1":"product","2":"type-product","3":"status-publish","4":"has-post-thumbnail","6":"product_cat-black-red-white","7":"product_cat-sofas-and-couches","9":"first","10":"instock","11":"purchasable","12":"product-type-simple"},"_links":{"self":[{"href":"https:\/\/baldumarket.lt\/lt\/wp-json\/wp\/v2\/product\/269206","targetHints":{"allow":["GET"]}}],"collection":[{"href":"https:\/\/baldumarket.lt\/lt\/wp-json\/wp\/v2\/product"}],"about":[{"href":"https:\/\/baldumarket.lt\/lt\/wp-json\/wp\/v2\/types\/product"}],"replies":[{"embeddable":true,"href":"https:\/\/baldumarket.lt\/lt\/wp-json\/wp\/v2\/comments?post=269206"}],"wp:featuredmedia":[{"embeddable":true,"href":"https:\/\/baldumarket.lt\/lt\/wp-json\/wp\/v2\/media\/269207"}],"wp:attachment":[{"href":"https:\/\/baldumarket.lt\/lt\/wp-json\/wp\/v2\/media?parent=269206"}],"wp:term":[{"taxonomy":"product_brand","embeddable":true,"href":"https:\/\/baldumarket.lt\/lt\/wp-json\/wp\/v2\/product_brand?post=269206"},{"taxonomy":"product_cat","embeddable":true,"href":"https:\/\/baldumarket.lt\/lt\/wp-json\/wp\/v2\/product_cat?post=269206"},{"taxonomy":"product_tag","embeddable":true,"href":"https:\/\/baldumarket.lt\/lt\/wp-json\/wp\/v2\/product_tag?post=269206"}],"curies":[{"name":"wp","href":"https:\/\/api.w.org\/{rel}","templated":true}]}}