{"id":269158,"date":"2026-01-14T01:04:58","date_gmt":"2026-01-13T22:04:58","guid":{"rendered":"https:\/\/baldumarket.lt\/product\/wersalka-trzyosobowa-marcia-rozkladana-z-pojemnikiem-welurowa-grafitowa\/"},"modified":"2026-02-11T18:17:37","modified_gmt":"2026-02-11T15:17:37","slug":"wersalka-trzyosobowa-marcia-rozkladana-z-pojemnikiem-welurowa-grafitowa","status":"publish","type":"product","link":"https:\/\/baldumarket.lt\/lt\/product\/wersalka-trzyosobowa-marcia-rozkladana-z-pojemnikiem-welurowa-grafitowa\/","title":{"rendered":"MARCIA trij\u0173 viet\u0173 sofa-lova su daiktad\u0117\u017ee, aksomas, grafito spalvos"},"content":{"rendered":"<p>\u201eMarcia\u201c sofa-lova \u2013 elegancija ir patogumas prakti\u0161kame dizaine. Patogumas ir funkcionalumas. \u201eMarcia\u201c sofa-lova \u2013 puikus pasirinkimas tiems, kurie vertina komfort\u0105 ir vietos taupym\u0105. \u201eBonnell\u201c spyruokl\u0117s s\u0117dyn\u0117je ir atlo\u0161e suteikia lyg\u0173, patog\u0173 128 x 191 cm miegojimo pavir\u0161i\u0173. Spragtel\u0117jimo mechanizmas veikia skland\u017eiai ir efektyviai, tod\u0117l j\u0105 galima naudoti kasdien. Praktin\u0117s savyb\u0117s. \u0160is modelis turi patalyn\u0117s skyri\u0173, kuriame galite laikyti antklodes, pagalves, apklotus ir kitus aksesuarus, kurie padeda palaikyti tvark\u0105 namuose. Lyg\u016bs porankiai suteikia stabili\u0105 atram\u0105 skaitant ar \u017ei\u016brint televizori\u0173. Dizainas ir stilius. \u201eVelluto 19\u201c audinio apmu\u0161alai i\u0161siskiria elegancija ir patvarumu. Dekoratyvin\u0117s vienos adatos si\u016bl\u0117s suteikia sofai harmoning\u0105 i\u0161vaizd\u0105, o medin\u0117s kojel\u0117s suteikia lengvumo ir pabr\u0117\u017eia modern\u0173 charakter\u012f. Komplekt\u0105 sudaro dvi dekoratyvin\u0117s pagalv\u0117l\u0117s, kurios u\u017ebaigia bendr\u0105 vaizd\u0105. Specialios savyb\u0117s: Miegamoji erdv\u0117: 128 x 191 cm, \u201eClic-clak\u201c mechanizmas, \u201eBonnell\u201c spyruokl\u0117s s\u0117dyn\u0117je ir atlo\u0161e, Daiktad\u0117\u017e\u0117, Plok\u0161ti porankiai, Dekoratyvinis vienos adatos dygsniavimas, Medin\u0117s kojel\u0117s, 2 dekoratyvin\u0117s pagalv\u0117l\u0117s komplekte, Apmu\u0161al\u0173 audinys: Velluto 19. Santrauka: \u201eMarcia\u201c sofa viename balde apjungia funkcionalum\u0105, elegancij\u0105 ir komfort\u0105. D\u0117l patvari\u0173 med\u017eiag\u0173, prakti\u0161k\u0173 sprendim\u0173 ir stilingos apdailos i\u0161 \u201eTrininty 05\u201c audinio ji puikiai tiks bet kurioje svetain\u0117je ar sve\u010di\u0173 kambaryje.<\/p>\n<p>Prek\u0117s kodas FL-WE-MARCIA-3K-G2-VELLUTO_19 Simbolis ZM EAN Plotis 215 cm Gylis 101 cm S\u0117dyn\u0117s gylis 62 cm Auk\u0161tis 96 cm S\u0117dyn\u0117s auk\u0161tis 46 cm Kolekcija Marcia Spalva Velluto 19 Atspalvis juodas Stilius modernus Med\u017eiaga aksomas Miegamoji funkcija su miegojimo funkcija Miegamoji dalis 128\u00d7191 Indas su 1 indu Atsipalaidavimo funkcija be atsipalaidavimo funkcijos Reguliuojamas atlo\u0161as be Galvos atrama be galvos atramos U\u017epildas bonell spyruokl\u0117\/putplastis Gamintojas Juoda Raudona Balta Bald\u0173 tipas Sofos-lovos PVM mokestis 23%<\/p>","protected":false},"excerpt":{"rendered":"<p>\u201eMarcia\u201c sofa-lova \u2013 elegancija ir patogumas prakti\u0161kame dizaine. Patogumas ir funkcionalumas. \u201eMarcia\u201c sofa-lova \u2013 puikus pasirinkimas tiems, kurie vertina patogum\u0105 ir vietos taupym\u0105. \u201eBonnell\u201c spyruokl\u0117s s\u0117dyn\u0117je ir atlo\u0161e suteikia lyg\u0173, patog\u0173 miegojimo pavir\u0161i\u0173, kurio matmenys \u2013 128 x 191 cm. Spragtel\u0117jimo mechanizmas veikia skland\u017eiai [\u2026]<\/p>","protected":false},"featured_media":269159,"comment_status":"open","ping_status":"open","template":"","meta":[],"product_brand":[],"product_cat":[9200,560],"product_tag":[],"class_list":{"0":"post-269158","1":"product","2":"type-product","3":"status-publish","4":"has-post-thumbnail","6":"product_cat-black-red-white","7":"product_cat-sofas-and-couches","9":"first","10":"instock","11":"purchasable","12":"product-type-simple"},"_links":{"self":[{"href":"https:\/\/baldumarket.lt\/lt\/wp-json\/wp\/v2\/product\/269158","targetHints":{"allow":["GET"]}}],"collection":[{"href":"https:\/\/baldumarket.lt\/lt\/wp-json\/wp\/v2\/product"}],"about":[{"href":"https:\/\/baldumarket.lt\/lt\/wp-json\/wp\/v2\/types\/product"}],"replies":[{"embeddable":true,"href":"https:\/\/baldumarket.lt\/lt\/wp-json\/wp\/v2\/comments?post=269158"}],"wp:featuredmedia":[{"embeddable":true,"href":"https:\/\/baldumarket.lt\/lt\/wp-json\/wp\/v2\/media\/269159"}],"wp:attachment":[{"href":"https:\/\/baldumarket.lt\/lt\/wp-json\/wp\/v2\/media?parent=269158"}],"wp:term":[{"taxonomy":"product_brand","embeddable":true,"href":"https:\/\/baldumarket.lt\/lt\/wp-json\/wp\/v2\/product_brand?post=269158"},{"taxonomy":"product_cat","embeddable":true,"href":"https:\/\/baldumarket.lt\/lt\/wp-json\/wp\/v2\/product_cat?post=269158"},{"taxonomy":"product_tag","embeddable":true,"href":"https:\/\/baldumarket.lt\/lt\/wp-json\/wp\/v2\/product_tag?post=269158"}],"curies":[{"name":"wp","href":"https:\/\/api.w.org\/{rel}","templated":true}]}}