{"id":269097,"date":"2026-01-14T01:03:59","date_gmt":"2026-01-13T22:03:59","guid":{"rendered":"https:\/\/baldumarket.lt\/product\/wersalka-rozkladana-z-pojemnikiem-marcia-velluto-32\/"},"modified":"2026-02-11T18:17:38","modified_gmt":"2026-02-11T15:17:38","slug":"wersalka-rozkladana-z-pojemnikiem-marcia-velluto-32","status":"publish","type":"product","link":"https:\/\/baldumarket.lt\/lt\/product\/wersalka-rozkladana-z-pojemnikiem-marcia-velluto-32\/","title":{"rendered":"I\u0161skleid\u017eiama sofa-lova su daiktad\u0117\u017ee MARCIA Velluto 32"},"content":{"rendered":"<p>\u201eMarcia\u201c sofa-lova \u2013 vieta atsipalaiduoti. Jei svajojate apie patogi\u0105 viet\u0105 miegoti ir atsipalaiduoti, patikima \u201eMarcia\u201c sofa-lova tikrai pateisins j\u016bs\u0173 l\u016bkes\u010dius. Klasikinis jos dizainas puikiai tiks \u012fvairiuose interjeruose \u2013 nuo svetain\u0117s iki paauglio miegamojo ar sve\u010di\u0173 kambario. Ji ne tik prakti\u0161ka, bet ir stilinga, o lengvas i\u0161skleidimas leid\u017eia m\u0117gautis poilsiu kiekvien\u0105 dien\u0105. \u0160i sofa-lova su miegojimo funkcija ir prakti\u0161ka patalyn\u0117s saugykla taip pat puikiai tinka ma\u017eesniems butams. Kompakti\u0161ki matmenys (215 x 101 cm) leid\u017eia lengvai rasti viet\u0105 bet kuriame kambaryje. Dien\u0105 ji suteikia patogi\u0105 s\u0117d\u0117jimo viet\u0105 \u0161eimai, o vakare greitai transformuojasi \u012f erdvi\u0105 lov\u0105. S\u0117dimoje dalyje ir atlo\u0161e \u012fmontuotos spyruokl\u0117s, sukurian\u010dios vienod\u0105 miegojimo pavir\u0161i\u0173. Papildomas privalumas \u2013 didel\u0117 patalyn\u0117s saugykla, kurioje telpa ne tik antklod\u0117 ir pagalv\u0117s, bet ir sezoniniai drabu\u017eiai ar \u0161ilta antklod\u0117 v\u0117sesniems vakarams. Auk\u0161tas \u201eMarcia\u201c sofos-lovos atlo\u0161as \u2013 dar vienas privalumas, kur\u012f \u012fvertinsite ilgesni\u0173 film\u0173 \u017ei\u016br\u0117jimo ar skaitymo metu. Jei norite savo baldams suteikti unikal\u0173 charakter\u012f, prid\u0117kite dekoratyvini\u0173 pagalv\u0117li\u0173, kurios, be estetinio patrauklumo, puikiai papildys j\u016bs\u0173 interjero charakter\u012f. \u201eMarcia\u201c sofa-lova \u2013 tai ne tik vieta miegoti, bet ir vieta atsipalaiduoti bei stilingai pails\u0117ti. Pagrindin\u0117s savyb\u0117s: tradicinio dizaino baldas, kuris puikiai der\u0117s prie bet kokio interjero. Sklandus ir lengvai naudojamas sulankstymo mechanizmas u\u017etikrina lengv\u0105 i\u0161skleidim\u0105 ir maksimal\u0173 funkcionalum\u0105. S\u0117dyn\u0117s ir atlo\u0161o \u201eBonell\u201c spyruokl\u0117s, dengian\u010dios vis\u0105 miegojimo pavir\u0161i\u0173, u\u017etikrina patog\u0173 ir tolyg\u0173 mieg\u0105. Auk\u0161tas atlo\u0161as suteikia stabili\u0105 nugaros atram\u0105. Lygus miegojimo pavir\u0161ius padidina komfort\u0105. Lengva prieiga prie daiktad\u0117\u017e\u0117s. Kompakti\u0161ki matmenys leid\u017eia i\u0161d\u0117styti ma\u017eas erdves.<\/p>\n<p>Prek\u0117s kodas FL-WE-MARCIA-3K-G2-VELLUTO_32 Simbolis ZM EAN Plotis 215 cm Gylis 101 cm S\u0117dyn\u0117s gylis 62 cm Auk\u0161tis 96 cm S\u0117dyn\u0117s auk\u0161tis 46 cm Kolekcija Marcia Spalva Velutto 32 Atspalvis bordo Stilius modernus Med\u017eiaga audinys Miegamoji funkcija su miegojimo funkcija Miegamoji dalis 128\u00d7191 Indas su 1 indu Atsipalaidavimo funkcija be atsipalaidavimo funkcijos Reguliuojamas atlo\u0161as ne Galvos atrama be galvos atramos U\u017epildas bonell spyruokl\u0117\/putplastis Gamintojas Juoda Raudona Balta Bald\u0173 tipas Sofos-lovos PVM mokestis 23% EAN 5906123150705<\/p>","protected":false},"excerpt":{"rendered":"<p>\u201eMarcia\u201c sofa-lova \u2013 vieta atsipalaiduoti. Jei svajojate apie patogi\u0105 viet\u0105 miegoti ir atsipalaiduoti, patikima \u201eMarcia\u201c sofa-lova tikrai pateisins j\u016bs\u0173 l\u016bkes\u010dius. Klasikinis jos dizainas puikiai tiks \u012fvairiuose interjeruose \u2013 nuo svetain\u0117s iki paauglio miegamojo ar sve\u010di\u0173 kambario. Ji ne [\u2026]<\/p>","protected":false},"featured_media":0,"comment_status":"open","ping_status":"open","template":"","meta":[],"product_brand":[],"product_cat":[9200,560],"product_tag":[],"class_list":{"0":"post-269097","1":"product","2":"type-product","3":"status-publish","5":"product_cat-black-red-white","6":"product_cat-sofas-and-couches","8":"first","9":"instock","10":"purchasable","11":"product-type-simple"},"_links":{"self":[{"href":"https:\/\/baldumarket.lt\/lt\/wp-json\/wp\/v2\/product\/269097","targetHints":{"allow":["GET"]}}],"collection":[{"href":"https:\/\/baldumarket.lt\/lt\/wp-json\/wp\/v2\/product"}],"about":[{"href":"https:\/\/baldumarket.lt\/lt\/wp-json\/wp\/v2\/types\/product"}],"replies":[{"embeddable":true,"href":"https:\/\/baldumarket.lt\/lt\/wp-json\/wp\/v2\/comments?post=269097"}],"wp:attachment":[{"href":"https:\/\/baldumarket.lt\/lt\/wp-json\/wp\/v2\/media?parent=269097"}],"wp:term":[{"taxonomy":"product_brand","embeddable":true,"href":"https:\/\/baldumarket.lt\/lt\/wp-json\/wp\/v2\/product_brand?post=269097"},{"taxonomy":"product_cat","embeddable":true,"href":"https:\/\/baldumarket.lt\/lt\/wp-json\/wp\/v2\/product_cat?post=269097"},{"taxonomy":"product_tag","embeddable":true,"href":"https:\/\/baldumarket.lt\/lt\/wp-json\/wp\/v2\/product_tag?post=269097"}],"curies":[{"name":"wp","href":"https:\/\/api.w.org\/{rel}","templated":true}]}}