{"id":269095,"date":"2026-01-14T01:03:57","date_gmt":"2026-01-13T22:03:57","guid":{"rendered":"https:\/\/baldumarket.lt\/product\/uchwyt-kuchenny-z-2-czarny-chrom-polysk\/"},"modified":"2026-02-11T18:17:38","modified_gmt":"2026-02-11T15:17:38","slug":"uchwyt-kuchenny-z-2-czarny-chrom-polysk","status":"publish","type":"product","link":"https:\/\/baldumarket.lt\/lt\/product\/uchwyt-kuchenny-z-2-czarny-chrom-polysk\/","title":{"rendered":"Virtuv\u0117s ranken\u0117l\u0117 Z-2 &#8211; juodai blizgus chromas"},"content":{"rendered":"<p>Z2 rankena \u2013 \u012fleid\u017eiama eleganti\u0161ka detal\u0117 \u201eFamily Line\u201c virtuv\u0117s baldams su \u201eTafne\u201c fasadais. Jei ie\u0161kote b\u016bdo, kaip suteikti elegancijos savo \u201eFamily Line\u201c kolekcijos virtuv\u0117s baldams su \u201eTafne\u201c fasadais nepakenkiant lygaus fasad\u0173 pavir\u0161iaus, Z2 rankena gali b\u016bti puikus sprendimas. \u012eleid\u017eiamos rankenos yra puikus pasirinkimas, jei norite i\u0161laikyti minimalistin\u012f dizain\u0105 ir kartu m\u0117gautis patogia rankena. Z2 rankena buvo specialiai sukurta \u201eFamily Line\u201c virtuv\u0117s baldams su \u201eTafne\u201c fasadais, tai rei\u0161kia, kad ji puikiai papildyt\u0173 bald\u0173 dizain\u0105. Vienas i\u0161 pagrindini\u0173 Z2 rankenos privalum\u0173 yra \u012fleid\u017eiama apdaila. Tai neleid\u017eia rankenai i\u0161siki\u0161ti u\u017e priekio rib\u0173, suteikiant baldui modern\u0173 ir eleganti\u0161k\u0105 vaizd\u0105. Baldai su plok\u0161\u010diais, lygiais fasadais i\u0161laiko minimalistin\u0119 estetik\u0105 \u2013 tai yra \u201eFamily Line\u201c kolekcijos su \u201eTafne\u201c fasadais skiriamasis bruo\u017eas. Z2 rankena yra trij\u0173 skirting\u0173 spalv\u0173: juodos, plieno ir vario. Galite pasirinkti model\u012f, kuris geriausiai atitinka j\u016bs\u0173 skon\u012f ir papildo bendr\u0105 bald\u0173 bei virtuv\u0117s interjero spalv\u0173 gam\u0105. Spalv\u0173 variantai leid\u017eia pritaikyti ranken\u0105 pagal savo pageidavimus ir interjero dizaino stili\u0173. Be to, Z2 rankena patogi kasdieniam naudojimui. Nepaisant minimalistin\u0117s i\u0161vaizdos, ji leid\u017eia lengvai atidaryti ir u\u017edaryti spinteles bei stal\u010dius net kampuose. Tai ypa\u010d svarbu virtuv\u0117s baldams, kurie yra intensyviai naudojami. Z2 rankena yra puikus sprendimas, jei norite i\u0161laikyti minimalistin\u0119, eleganti\u0161k\u0105 \u201eFamily Line\u201c virtuv\u0117s bald\u0173 su \u201eTafne\u201c fasadais i\u0161vaizd\u0105. Su \u0161ia rankena galite m\u0117gautis lygiu fasad\u0173 pavir\u0161iumi ir tuo pa\u010diu metu patogia laikysena. Tai subtilus ir prakti\u0161kas modernios virtuv\u0117s akcentas.<\/p>\n<p>Prek\u0117s kodas K10-UCHW_Z2_160-CACRP Simbolis ZM EAN Ilgis 17,5 cm Kolekcija Tafne Spalva juoda blizgus chromas Gaubtas juodas Stilius modernus Med\u017eiaga metalas Gamintojas Juoda Raudona Balta Baldo tipas Virtuv\u0117s spintel\u0117s PVM 23% EAN 5906123538336<\/p>","protected":false},"excerpt":{"rendered":"<p>Z2 rankena \u2013 \u012fleid\u017eiama eleganti\u0161ka detal\u0117 \u201eFamily Line\u201c virtuv\u0117s baldams su \u201eTafne\u201c fasadais. Jei ie\u0161kote b\u016bdo suteikti elegancijos savo \u201eFamily Line\u201c kolekcijos virtuv\u0117s baldams su \u201eTafne\u201c fasadais nepakenkiant j\u0173 lygumui, Z2 rankena gali b\u016bti puikus sprendimas. \u012eleid\u017eiamos rankenos [\u2026]<\/p>","protected":false},"featured_media":0,"comment_status":"open","ping_status":"open","template":"","meta":[],"product_brand":[],"product_cat":[9200,1043],"product_tag":[],"class_list":{"0":"post-269095","1":"product","2":"type-product","3":"status-publish","5":"product_cat-black-red-white","6":"product_cat-extras","8":"first","9":"instock","10":"purchasable","11":"product-type-simple"},"_links":{"self":[{"href":"https:\/\/baldumarket.lt\/lt\/wp-json\/wp\/v2\/product\/269095","targetHints":{"allow":["GET"]}}],"collection":[{"href":"https:\/\/baldumarket.lt\/lt\/wp-json\/wp\/v2\/product"}],"about":[{"href":"https:\/\/baldumarket.lt\/lt\/wp-json\/wp\/v2\/types\/product"}],"replies":[{"embeddable":true,"href":"https:\/\/baldumarket.lt\/lt\/wp-json\/wp\/v2\/comments?post=269095"}],"wp:attachment":[{"href":"https:\/\/baldumarket.lt\/lt\/wp-json\/wp\/v2\/media?parent=269095"}],"wp:term":[{"taxonomy":"product_brand","embeddable":true,"href":"https:\/\/baldumarket.lt\/lt\/wp-json\/wp\/v2\/product_brand?post=269095"},{"taxonomy":"product_cat","embeddable":true,"href":"https:\/\/baldumarket.lt\/lt\/wp-json\/wp\/v2\/product_cat?post=269095"},{"taxonomy":"product_tag","embeddable":true,"href":"https:\/\/baldumarket.lt\/lt\/wp-json\/wp\/v2\/product_tag?post=269095"}],"curies":[{"name":"wp","href":"https:\/\/api.w.org\/{rel}","templated":true}]}}