{"id":269093,"date":"2026-01-14T01:03:50","date_gmt":"2026-01-13T22:03:50","guid":{"rendered":"https:\/\/baldumarket.lt\/product\/uchwyt-kuchenny-n-99-nikiel-satyna\/"},"modified":"2026-02-11T18:17:38","modified_gmt":"2026-02-11T15:17:38","slug":"uchwyt-kuchenny-n-99-nikiel-satyna","status":"publish","type":"product","link":"https:\/\/baldumarket.lt\/lt\/product\/uchwyt-kuchenny-n-99-nikiel-satyna\/","title":{"rendered":"Virtuv\u0117s rankena N-99-nikelis\/satinas"},"content":{"rendered":"<p>N99 rankena \u2013 minimalistin\u0117 elegancija, skirta FL Smart baldams su \u201eTop Line\u201c fasadu. Jei turite arba planuojate \u012fsigyti FL Smart kolekcijos baldus su \u201eTop Line\u201c fasadu, N99 rankena gali b\u016bti puikus pasirinkimas. \u0160i minimalistin\u0117 rankena pasi\u017eymi paprastu, ta\u010diau eleganti\u0161ku dizainu, kuris puikiai papildo modern\u0173 baldo charakter\u012f. N99 rankena yra chromuota, tod\u0117l atrodo subtiliai ir stilingai. Minimalistin\u0117 forma leid\u017eia jai skland\u017eiai der\u0117ti su \u201eTop Line\u201c fasadais, i\u0161laikant rankenos funkcionalum\u0105. Verta pamin\u0117ti, kad FL Smart baldai su \u201eTop Line\u201c fasadu pasi\u017eymi moderniu dizainu, tod\u0117l N99 rankena puikiai papildo jo dizain\u0105. Ta\u010diau N99 rankena \u2013 tai ne tik estetika. Ergonomi\u0161ka forma u\u017etikrina patogum\u0105 kasdien naudojant. Spinteli\u0173 ir stal\u010di\u0173 atidarymas ir u\u017edarymas tampa lengvesnis ir patogesnis, o tai ypa\u010d svarbu da\u017enai naudojamiems virtuv\u0117s ir svetain\u0117s baldams. Jei norite pabr\u0117\u017eti minimalistin\u012f FL Smart bald\u0173 su \u201eTop Line\u201c fasadais charakter\u012f ir kartu suteikti elegancijos, N99 rankena yra puikus pasirinkimas. Paprastas dizainas ne tik subtiliai papildys baldus, bet ir bus prakti\u0161kas elementas, palengvinantis kasdien\u012f naudojim\u0105. Rankena N99 suteikia FL Smart baldams nauj\u0105 dimensij\u0105, i\u0161laikant modernum\u0105 ir funkcionalum\u0105. Tokios detal\u0117s kaip N99 rankena suteikia baldams unikal\u0173 charakter\u012f ir elegancij\u0105.<\/p>\n<p>Prek\u0117s kodas K10-UCHW_N99_224-NIK\/SA Simbolis ZM EAN Ilgis 25,2 cm Kolekcija \u201eTop Line\u201c Spalva nikelio\/satino atspalvis sidabrinis Stilius modernus Med\u017eiaga metalas Gamintojas Juoda Raudona Balta Baldo tipas Virtuv\u0117s spintel\u0117s PVM 23% EAN 5906123538282<\/p>","protected":false},"excerpt":{"rendered":"<p>N99 Handle &#8211; Minimalist Elegance for FL Smart Furniture with a Top Line Front. If you own or are planning to purchase furniture from the FL Smart collection with a Top Line front, the N99 handle may be the perfect choice. This minimalist handle offers a simple yet elegant design that perfectly complements the modern [&hellip;]<\/p>","protected":false},"featured_media":269094,"comment_status":"open","ping_status":"open","template":"","meta":[],"product_brand":[],"product_cat":[9200,1043],"product_tag":[],"class_list":{"0":"post-269093","1":"product","2":"type-product","3":"status-publish","4":"has-post-thumbnail","6":"product_cat-black-red-white","7":"product_cat-extras","9":"first","10":"instock","11":"purchasable","12":"product-type-simple"},"_links":{"self":[{"href":"https:\/\/baldumarket.lt\/lt\/wp-json\/wp\/v2\/product\/269093","targetHints":{"allow":["GET"]}}],"collection":[{"href":"https:\/\/baldumarket.lt\/lt\/wp-json\/wp\/v2\/product"}],"about":[{"href":"https:\/\/baldumarket.lt\/lt\/wp-json\/wp\/v2\/types\/product"}],"replies":[{"embeddable":true,"href":"https:\/\/baldumarket.lt\/lt\/wp-json\/wp\/v2\/comments?post=269093"}],"wp:featuredmedia":[{"embeddable":true,"href":"https:\/\/baldumarket.lt\/lt\/wp-json\/wp\/v2\/media\/269094"}],"wp:attachment":[{"href":"https:\/\/baldumarket.lt\/lt\/wp-json\/wp\/v2\/media?parent=269093"}],"wp:term":[{"taxonomy":"product_brand","embeddable":true,"href":"https:\/\/baldumarket.lt\/lt\/wp-json\/wp\/v2\/product_brand?post=269093"},{"taxonomy":"product_cat","embeddable":true,"href":"https:\/\/baldumarket.lt\/lt\/wp-json\/wp\/v2\/product_cat?post=269093"},{"taxonomy":"product_tag","embeddable":true,"href":"https:\/\/baldumarket.lt\/lt\/wp-json\/wp\/v2\/product_tag?post=269093"}],"curies":[{"name":"wp","href":"https:\/\/api.w.org\/{rel}","templated":true}]}}