{"id":269090,"date":"2026-01-14T01:03:48","date_gmt":"2026-01-13T22:03:48","guid":{"rendered":"https:\/\/baldumarket.lt\/product\/uchwyt-kuchenny-n-95-czarny-mat-czarny-chrom-polysk\/"},"modified":"2026-02-11T18:17:38","modified_gmt":"2026-02-11T15:17:38","slug":"uchwyt-kuchenny-n-95-czarny-mat-czarny-chrom-polysk","status":"publish","type":"product","link":"https:\/\/baldumarket.lt\/lt\/product\/uchwyt-kuchenny-n-95-czarny-mat-czarny-chrom-polysk\/","title":{"rendered":"Virtuv\u0117s ranken\u0117l\u0117 N-95 &#8211; matin\u0117 juoda \/ blizgus juodas chromas"},"content":{"rendered":"<p>N95 rankena \u2013 solidus akcentas FL Smart kolekcijai su Edan fasadu. Jei jau turite arba planuojate \u012fsigyti svetain\u0117s spintel\u0119 su FL Smart kolekcija ir Edan fasadu, N95 rankena yra vertas d\u0117mesio sprendimas. \u0160is paprastas, bet solidus akcentas suteiks charakterio minimalistiniams baldams. N95 rankena yra eleganti\u0161kos juodos spalvos, kuri dera tiek su moderniais, tiek su lofto stiliaus spintel\u0117mis. Paprasta N95 rankenos forma pabr\u0117\u0161 minimalistin\u012f FL Smart kolekcijos su Edan fasadu charakter\u012f, suteikdama jai modernumo. Tai idealus sprendimas tiems, kurie vertina paprastum\u0105 ir elegancij\u0105. Ta\u010diau N95 rankena \u2013 tai ne tik estetika. Ergonomi\u0161kas dizainas u\u017etikrina komfort\u0105 kasdien naudojant. Spinteli\u0173 ir stal\u010di\u0173 atidarymas ir u\u017edarymas tampa lengvesnis ir patogesnis, o tai ypa\u010d svarbu kasdien naudojamiems virtuv\u0117s ir svetain\u0117s baldams. Jei ie\u0161kote solidaus akcento, kuris suteikt\u0173 charakterio FL Smart kolekcijos baldams su Edan fasadu, N95 rankena yra puikus pasirinkimas. Minimalistin\u0117 forma ir eleganti\u0161ka spalva daro j\u0105 ir dekoratyvi\u0105, ir prakti\u0161k\u0105, tod\u0117l baldu lengviau naudotis. N95 rankena pakelia FL Smart kolekcij\u0105 \u012f auk\u0161tesn\u012f lyg\u012f, i\u0161laikydama paprastum\u0105 ir elegancij\u0105.<\/p>\n<p>Prek\u0117s kodas K10-UCHW_N95_128-CAM\/CACRP Simbolis ZM EAN Ilgis 14,2 cm Kolekcija Edan Spalva juoda matin\u0117\/juoda blizgi chromuota Gaubtas juodas Stilius modernus Med\u017eiaga metalas Gamintojas Juoda Raudona Balta Baldo tipas Virtuv\u0117s spintel\u0117s PVM 23% EAN 5906123538244<\/p>","protected":false},"excerpt":{"rendered":"<p>N95 Handle &#8211; A Solid Accent for the FL Smart Collection with an Edan Front. If you already own or plan to own a living room unit with an FL Smart collection with an Edan front, the N95 handle is a solution worth considering. This simple yet solid accent will add character to minimalist furniture. [&hellip;]<\/p>","protected":false},"featured_media":269091,"comment_status":"open","ping_status":"open","template":"","meta":[],"product_brand":[],"product_cat":[9200,1043],"product_tag":[],"class_list":{"0":"post-269090","1":"product","2":"type-product","3":"status-publish","4":"has-post-thumbnail","6":"product_cat-black-red-white","7":"product_cat-extras","9":"first","10":"instock","11":"purchasable","12":"product-type-simple"},"_links":{"self":[{"href":"https:\/\/baldumarket.lt\/lt\/wp-json\/wp\/v2\/product\/269090","targetHints":{"allow":["GET"]}}],"collection":[{"href":"https:\/\/baldumarket.lt\/lt\/wp-json\/wp\/v2\/product"}],"about":[{"href":"https:\/\/baldumarket.lt\/lt\/wp-json\/wp\/v2\/types\/product"}],"replies":[{"embeddable":true,"href":"https:\/\/baldumarket.lt\/lt\/wp-json\/wp\/v2\/comments?post=269090"}],"wp:featuredmedia":[{"embeddable":true,"href":"https:\/\/baldumarket.lt\/lt\/wp-json\/wp\/v2\/media\/269091"}],"wp:attachment":[{"href":"https:\/\/baldumarket.lt\/lt\/wp-json\/wp\/v2\/media?parent=269090"}],"wp:term":[{"taxonomy":"product_brand","embeddable":true,"href":"https:\/\/baldumarket.lt\/lt\/wp-json\/wp\/v2\/product_brand?post=269090"},{"taxonomy":"product_cat","embeddable":true,"href":"https:\/\/baldumarket.lt\/lt\/wp-json\/wp\/v2\/product_cat?post=269090"},{"taxonomy":"product_tag","embeddable":true,"href":"https:\/\/baldumarket.lt\/lt\/wp-json\/wp\/v2\/product_tag?post=269090"}],"curies":[{"name":"wp","href":"https:\/\/api.w.org\/{rel}","templated":true}]}}