{"id":269089,"date":"2026-01-14T01:03:47","date_gmt":"2026-01-13T22:03:47","guid":{"rendered":"https:\/\/baldumarket.lt\/product\/uchwyt-kuchenny-n-37-czarny-mat\/"},"modified":"2026-02-11T18:17:38","modified_gmt":"2026-02-11T15:17:38","slug":"uchwyt-kuchenny-n-37-czarny-mat","status":"publish","type":"product","link":"https:\/\/baldumarket.lt\/lt\/product\/uchwyt-kuchenny-n-37-czarny-mat\/","title":{"rendered":"Virtuv\u0117s ranken\u0117l\u0117 N-37-matin\u0117 juoda"},"content":{"rendered":"<p>N73 rankena \u2013 paprasta elegancija ir kasdienis komfortas. N73 rankena \u2013 puikus sprendimas svetain\u0117s baldams su FL Smart kolekcija ir \u201eTop Line\u201c fasadu. Paprasta, ta\u010diau tvirta forma suteikia charakterio paprasto dizaino baldams. Paprasta N73 rankenos elegancija puikiai dera su FL Smart kolekcija ir suteikia jai modernumo. Jei j\u016bs\u0173 svetain\u0117s dizainas pagr\u012fstas minimalistiniu stiliumi, N73 rankena bus puikus papildymas. Subtili ir i\u0161rai\u0161kinga forma suteikia baldui unikal\u0173 charakter\u012f. Juoda N73 rankena eleganti\u0161kai kontrastuoja su \u0161viesiais FL Smart kolekcijos fasadais su \u201eTop Line\u201c fasadu. Tai rafinuota detal\u0117, pabr\u0117\u017eianti paprasto bald\u0173 dizaino gro\u017e\u012f. N73 rankena suteikia j\u016bs\u0173 baldams nauj\u0105 elegancijos ir stiliaus dimensij\u0105. Be estetinio patrauklumo, N73 rankena taip pat suteikia komforto kasdien naudojant. Ergonomi\u0161kas dizainas leid\u017eia lengvai atidaryti ir u\u017edaryti spinteles bei stal\u010dius, o tai ypa\u010d svarbu virtuv\u0117s ir svetain\u0117s baldams. Jei ie\u0161kote rankenos, kuri suteikt\u0173 charakterio ir elegancijos j\u016bs\u0173 FL Smart kolekcijos baldams su \u201eTop Line\u201c priekine dalimi, N73 rankena yra puikus pasirinkimas. Tai paprastas, bet rafinuotas baldas, kuris pary\u0161kins minimalistinio interjero dizaino gro\u017e\u012f.<\/p>\n<p>Prek\u0117s kodas K10-UCHW_N73_128-CAM Simbolis ZM EAN Ilgis 14,5 cm Kolekcija \u201eTop Line\u201c Spalva matin\u0117 juoda Gaubtas juodas Stilius modernus Med\u017eiaga metalas Gamintojas Juoda Raudona Balta Baldo tipas Virtuv\u0117s spintel\u0117s PVM 23% EAN 5906123538206<\/p>","protected":false},"excerpt":{"rendered":"<p>N73 rankena \u2013 paprasta elegancija ir kasdienis komfortas. N73 rankena \u2013 puikus sprendimas svetain\u0117s baldams su FL Smart kolekcija ir \u201eTop Line\u201c fasadu. Paprasta, ta\u010diau tvirta forma suteikia charakterio paprasto dizaino baldams. Paprasta N73 rankenos elegancija puikiai dera prie [\u2026]<\/p>","protected":false},"featured_media":0,"comment_status":"open","ping_status":"open","template":"","meta":[],"product_brand":[],"product_cat":[9200,1043],"product_tag":[],"class_list":{"0":"post-269089","1":"product","2":"type-product","3":"status-publish","5":"product_cat-black-red-white","6":"product_cat-extras","8":"first","9":"instock","10":"purchasable","11":"product-type-simple"},"_links":{"self":[{"href":"https:\/\/baldumarket.lt\/lt\/wp-json\/wp\/v2\/product\/269089","targetHints":{"allow":["GET"]}}],"collection":[{"href":"https:\/\/baldumarket.lt\/lt\/wp-json\/wp\/v2\/product"}],"about":[{"href":"https:\/\/baldumarket.lt\/lt\/wp-json\/wp\/v2\/types\/product"}],"replies":[{"embeddable":true,"href":"https:\/\/baldumarket.lt\/lt\/wp-json\/wp\/v2\/comments?post=269089"}],"wp:attachment":[{"href":"https:\/\/baldumarket.lt\/lt\/wp-json\/wp\/v2\/media?parent=269089"}],"wp:term":[{"taxonomy":"product_brand","embeddable":true,"href":"https:\/\/baldumarket.lt\/lt\/wp-json\/wp\/v2\/product_brand?post=269089"},{"taxonomy":"product_cat","embeddable":true,"href":"https:\/\/baldumarket.lt\/lt\/wp-json\/wp\/v2\/product_cat?post=269089"},{"taxonomy":"product_tag","embeddable":true,"href":"https:\/\/baldumarket.lt\/lt\/wp-json\/wp\/v2\/product_tag?post=269089"}],"curies":[{"name":"wp","href":"https:\/\/api.w.org\/{rel}","templated":true}]}}