{"id":269088,"date":"2026-01-14T01:03:46","date_gmt":"2026-01-13T22:03:46","guid":{"rendered":"https:\/\/baldumarket.lt\/product\/uchwyt-kuchenny-n-100-chrom-polysk\/"},"modified":"2026-02-11T18:17:38","modified_gmt":"2026-02-11T15:17:38","slug":"uchwyt-kuchenny-n-100-chrom-polysk","status":"publish","type":"product","link":"https:\/\/baldumarket.lt\/lt\/product\/uchwyt-kuchenny-n-100-chrom-polysk\/","title":{"rendered":"Virtuv\u0117s ranken\u0117l\u0117 N-100 \u2013 blizgus chromas"},"content":{"rendered":"<p>N100 rankena \u2013 minimalistinis stilius ir kasdienis komfortas. N100 rankena puikiai dera prie moderni\u0173 \u201eFamily Line\u201c linijos bald\u0173 su \u201eTop Line\u201c priekiu. \u0160i minimalistin\u0117 rankena \u017eavi savo paprastu dizainu, kuriame daugiausia d\u0117mesio skiriama funkcionalumui ir patogumui kasdieniam naudojimui. Minimalistinis N100 rankenos stilius leid\u017eia jai skland\u017eiai der\u0117ti prie moderni\u0173 bald\u0173 ir tuo pa\u010diu metu b\u016bti subtiliu dekoratyviniu elementu. \u0160i rankena yra ne\u012ftik\u0117tinai patogi kasdieniam naudojimui. D\u0117l savo formos ji leid\u017eia lengvai atidaryti ir u\u017edaryti spinteles ir stal\u010dius, tod\u0117l naudotis baldais dar patogiau. Chromuota N100 rankena yra eleganti\u0161kas priedas, puikiai papildantis bendr\u0105 i\u0161vaizd\u0105. Blizgus pavir\u0161ius suteikia baldui modern\u0173, stiling\u0105 charakter\u012f, kartu pabr\u0117\u017edamas paprasto dizaino gro\u017e\u012f. Detal\u0117s gali pakeisti vis\u0105 interjer\u0105, o N100 rankena yra puikus to pavyzdys. Ji derina funkcionalum\u0105 ir estetik\u0105, puikiai papildydama modern\u0173 interjero dizain\u0105. Jos d\u0117ka j\u016bs\u0173 \u201eFamily Line\u201c baldai \u012fgis ne tik kasdienio naudojimo patogum\u0105, bet ir eleganti\u0161k\u0105 i\u0161vaizd\u0105.<\/p>\n<p>Prek\u0117s kodas K10-UCHW_N100_128-CHP Simbolis ZM EAN Kolekcija \u201eTop Line\u201c Spalva blizgus chromas Atspalvis sidabrinis Stilius modernus Med\u017eiaga metalas Gamintojas Juoda Raudona Balta Baldo tipas Virtuv\u0117s spintel\u0117s PVM 23% EAN 5906123538091<\/p>","protected":false},"excerpt":{"rendered":"<p>N100 rankena \u2013 minimalistinis stilius ir kasdienis komfortas. N100 rankena puikiai papildo modernius \u201eFamily Line\u201c linijos baldus su \u201eTop Line\u201c priekine dalimi. \u0160i minimalistin\u0117 rankena \u017eavi savo paprastu dizainu, kuriame daugiausia d\u0117mesio skiriama funkcionalumui ir patogumui kasdieniam naudojimui. Minimalistinis N100 rankenos stilius leid\u017eia jai [\u2026]<\/p>","protected":false},"featured_media":0,"comment_status":"open","ping_status":"open","template":"","meta":[],"product_brand":[],"product_cat":[9200,1043],"product_tag":[],"class_list":{"0":"post-269088","1":"product","2":"type-product","3":"status-publish","5":"product_cat-black-red-white","6":"product_cat-extras","8":"first","9":"instock","10":"purchasable","11":"product-type-simple"},"_links":{"self":[{"href":"https:\/\/baldumarket.lt\/lt\/wp-json\/wp\/v2\/product\/269088","targetHints":{"allow":["GET"]}}],"collection":[{"href":"https:\/\/baldumarket.lt\/lt\/wp-json\/wp\/v2\/product"}],"about":[{"href":"https:\/\/baldumarket.lt\/lt\/wp-json\/wp\/v2\/types\/product"}],"replies":[{"embeddable":true,"href":"https:\/\/baldumarket.lt\/lt\/wp-json\/wp\/v2\/comments?post=269088"}],"wp:attachment":[{"href":"https:\/\/baldumarket.lt\/lt\/wp-json\/wp\/v2\/media?parent=269088"}],"wp:term":[{"taxonomy":"product_brand","embeddable":true,"href":"https:\/\/baldumarket.lt\/lt\/wp-json\/wp\/v2\/product_brand?post=269088"},{"taxonomy":"product_cat","embeddable":true,"href":"https:\/\/baldumarket.lt\/lt\/wp-json\/wp\/v2\/product_cat?post=269088"},{"taxonomy":"product_tag","embeddable":true,"href":"https:\/\/baldumarket.lt\/lt\/wp-json\/wp\/v2\/product_tag?post=269088"}],"curies":[{"name":"wp","href":"https:\/\/api.w.org\/{rel}","templated":true}]}}