{"id":269085,"date":"2026-01-14T01:03:44","date_gmt":"2026-01-13T22:03:44","guid":{"rendered":"https:\/\/baldumarket.lt\/product\/uchwyt-kuchenny-m-39-czarny-mat\/"},"modified":"2026-02-11T18:17:38","modified_gmt":"2026-02-11T15:17:38","slug":"uchwyt-kuchenny-m-39-czarny-mat","status":"publish","type":"product","link":"https:\/\/baldumarket.lt\/lt\/product\/uchwyt-kuchenny-m-39-czarny-mat\/","title":{"rendered":"Virtuv\u0117s ranken\u0117l\u0117 M-39 \u2013 matin\u0117 juoda"},"content":{"rendered":"<p>M39 rankena \u2013 u\u017euomina \u012f pra\u0117jusius de\u0161imtme\u010dius j\u016bs\u0173 virtuv\u0117je. M39 rankena yra specialiai sukurta rankena, kuri puikiai tiks \u201eFamily Line\u201c virtuvei su \u201eVerdi\u201c fasadais. \u0160i klasikinio stiliaus rankena ne tik palengvina kasdien\u012f virtuv\u0117s bald\u0173 naudojim\u0105, bet ir primena pra\u0117jusi\u0173 de\u0161imtme\u010di\u0173 dvasi\u0105, suteikdama j\u016bs\u0173 virtuvei charakterio. Klasikin\u0117 juoda rankena puikiai kontrastuoja su fasad\u0173 spalvomis ir pabr\u0117\u017eia bald\u0173 charakter\u012f. Jos kuriamas retro stilius suteikia j\u016bs\u0173 virtuvei unikalaus \u017eavesio ir charakterio. Ji taip pat suteikia eleganti\u0161kos i\u0161rai\u0161kos, suteikdama jai unikal\u0173, klasikin\u012f patrauklum\u0105. Jei svajojate pakeisti savo virtuv\u0117s charakter\u012f ir norite suteikti jai retro stili\u0173 su modernumo prisilietimu, M39 rankena yra puikus pasirinkimas. Ji suteikia unikalaus \u017eavesio ir kartu palengvina spinteli\u0173 bei stal\u010di\u0173 atidarym\u0105 ir u\u017edarym\u0105. Naudodami M39 ranken\u0105, sukuriate erdv\u0119, kuri yra ir vizualiai nuostabi, ir funkcionali, ir patogi kasdieniam naudojimui. Trumpai tariant, M39 rankena yra puikus b\u016bdas priminti pra\u0117jusi\u0173 de\u0161imtme\u010di\u0173 stili\u0173 ir transformuoti savo virtuv\u0119, pabr\u0117\u017eiant jos klasikin\u012f \u017eaves\u012f. Tai patogus ir efektyvus sprendimas, kuris pakeis j\u016bs\u0173 virtuv\u0117s erdv\u0119, padarydamas j\u0105 ne tik gra\u017ei\u0105, bet ir prakti\u0161k\u0105.<\/p>\n<p>Prek\u0117s kodas K10-UCHW_M39_128-CAM Simbolis ZM EAN Ilgis 13,8 cm Kolekcija Verdi Spalva matin\u0117 juoda Gaubtas juodas Stilius modernus Med\u017eiaga metalas Gamintojas Juoda Raudona Balta Baldo tipas Virtuv\u0117s spintel\u0117s PVM 23% EAN 5906123538039<\/p>","protected":false},"excerpt":{"rendered":"<p>M39 rankena \u2013 u\u017euomina \u012f pra\u0117jusius de\u0161imtme\u010dius j\u016bs\u0173 virtuv\u0117je. M39 rankena yra specialiai sukurta \u201eFamily Line\u201c virtuvei su \u201eVerdi\u201c fasadais. \u0160i klasikinio stiliaus rankena ne tik palengvina kasdien\u012f virtuv\u0117s bald\u0173 naudojim\u0105, bet ir primena pra\u0117jusi\u0173 de\u0161imtme\u010di\u0173 dvasi\u0105, suteikdama j\u016bs\u0173 virtuvei charakterio. [\u2026]<\/p>","protected":false},"featured_media":269086,"comment_status":"open","ping_status":"open","template":"","meta":[],"product_brand":[],"product_cat":[9200,1043],"product_tag":[],"class_list":{"0":"post-269085","1":"product","2":"type-product","3":"status-publish","4":"has-post-thumbnail","6":"product_cat-black-red-white","7":"product_cat-extras","9":"first","10":"instock","11":"purchasable","12":"product-type-simple"},"_links":{"self":[{"href":"https:\/\/baldumarket.lt\/lt\/wp-json\/wp\/v2\/product\/269085","targetHints":{"allow":["GET"]}}],"collection":[{"href":"https:\/\/baldumarket.lt\/lt\/wp-json\/wp\/v2\/product"}],"about":[{"href":"https:\/\/baldumarket.lt\/lt\/wp-json\/wp\/v2\/types\/product"}],"replies":[{"embeddable":true,"href":"https:\/\/baldumarket.lt\/lt\/wp-json\/wp\/v2\/comments?post=269085"}],"wp:featuredmedia":[{"embeddable":true,"href":"https:\/\/baldumarket.lt\/lt\/wp-json\/wp\/v2\/media\/269086"}],"wp:attachment":[{"href":"https:\/\/baldumarket.lt\/lt\/wp-json\/wp\/v2\/media?parent=269085"}],"wp:term":[{"taxonomy":"product_brand","embeddable":true,"href":"https:\/\/baldumarket.lt\/lt\/wp-json\/wp\/v2\/product_brand?post=269085"},{"taxonomy":"product_cat","embeddable":true,"href":"https:\/\/baldumarket.lt\/lt\/wp-json\/wp\/v2\/product_cat?post=269085"},{"taxonomy":"product_tag","embeddable":true,"href":"https:\/\/baldumarket.lt\/lt\/wp-json\/wp\/v2\/product_tag?post=269085"}],"curies":[{"name":"wp","href":"https:\/\/api.w.org\/{rel}","templated":true}]}}