{"id":269084,"date":"2026-01-14T01:03:43","date_gmt":"2026-01-13T22:03:43","guid":{"rendered":"https:\/\/baldumarket.lt\/product\/uchwyt-kuchenny-m-37-cyna\/"},"modified":"2026-02-11T18:17:39","modified_gmt":"2026-02-11T15:17:39","slug":"uchwyt-kuchenny-m-37-cyna","status":"publish","type":"product","link":"https:\/\/baldumarket.lt\/lt\/product\/uchwyt-kuchenny-m-37-cyna\/","title":{"rendered":"Virtuv\u0117s rankena M-37-skarda"},"content":{"rendered":"<p>M37 rankena \u2013 retro stilius j\u016bs\u0173 virtuv\u0117je. M37 rankena yra specialiai sukurta rankena, kuri puikiai tiks \u201eFamily Line\u201c virtuv\u0117je su senesniais fasadais. \u0160ios patogios ir puo\u0161nios rankenos ne tik palengvins kasdien\u012f virtuv\u0117s bald\u0173 naudojim\u0105, bet ir prad\u017eiugins eleganti\u0161k\u0173 detali\u0173 m\u0117g\u0117jus. Chromuota M37 rankena bus ry\u0161ki balt\u0173 fasad\u0173 puo\u0161mena, sukurs kontrast\u0105 ir suteiks nauj\u0105 dimensij\u0105 j\u016bs\u0173 virtuv\u0117s stilistinei i\u0161rai\u0161kai. Retro stilius primena, primena ankstesnius de\u0161imtme\u010dius ir suteikia j\u016bs\u0173 virtuv\u0117s erdvei unikal\u0173 charakter\u012f. Jei norite suteikti savo baldams nauj\u0105, unikal\u0173 charakter\u012f ir pabr\u0117\u017eti j\u0173 detali\u0173 elegancij\u0105, retro stiliaus M37 rankena yra puikus pasirinkimas. Ji suteiks j\u016bs\u0173 virtuvei rafinuoto \u017eavesio ir kartu palengvins spinteli\u0173 bei stal\u010di\u0173 atidarym\u0105 ir u\u017edarym\u0105. Taip sukursite erdv\u0119, kuri ne tik d\u017eiugins savo i\u0161vaizda, bet ir pagerins kasdien\u012f veikim\u0105. Tod\u0117l, jei svajojate apie virtuv\u0119, kurioje der\u0117t\u0173 retro stilius ir funkcionalumas, M37 rankena yra puikus priedas, pad\u0117siantis jums pasiekti \u0161\u012f efekt\u0105.<\/p>\n<p>Prek\u0117s kodas K10-UCHW_M37_96-CY Simbolis ZM EAN Ilgis 10,5 cm Kolekcija Senesn\u0117 Spalva skarda Atspalvis pilka Stilius modernus Med\u017eiaga metalas Gamintojas Juoda Raudona Balta Bald\u0173 tipas Virtuv\u0117s spintel\u0117s PVM 23% EAN 5906123537995<\/p>","protected":false},"excerpt":{"rendered":"<p>M37 Handle &#8211; Retro Style in Your KitchenThe M37 handle is a dedicated handle that will work perfectly in a Family Line kitchen with Older fronts. These comfortable and ornate handles will not only facilitate everyday use of kitchen furniture but will also delight lovers of elegant details. The chrome-colored M37 handle will be a [&hellip;]<\/p>","protected":false},"featured_media":0,"comment_status":"open","ping_status":"open","template":"","meta":[],"product_brand":[],"product_cat":[9200,1043],"product_tag":[],"class_list":{"0":"post-269084","1":"product","2":"type-product","3":"status-publish","5":"product_cat-black-red-white","6":"product_cat-extras","8":"first","9":"instock","10":"purchasable","11":"product-type-simple"},"_links":{"self":[{"href":"https:\/\/baldumarket.lt\/lt\/wp-json\/wp\/v2\/product\/269084","targetHints":{"allow":["GET"]}}],"collection":[{"href":"https:\/\/baldumarket.lt\/lt\/wp-json\/wp\/v2\/product"}],"about":[{"href":"https:\/\/baldumarket.lt\/lt\/wp-json\/wp\/v2\/types\/product"}],"replies":[{"embeddable":true,"href":"https:\/\/baldumarket.lt\/lt\/wp-json\/wp\/v2\/comments?post=269084"}],"wp:attachment":[{"href":"https:\/\/baldumarket.lt\/lt\/wp-json\/wp\/v2\/media?parent=269084"}],"wp:term":[{"taxonomy":"product_brand","embeddable":true,"href":"https:\/\/baldumarket.lt\/lt\/wp-json\/wp\/v2\/product_brand?post=269084"},{"taxonomy":"product_cat","embeddable":true,"href":"https:\/\/baldumarket.lt\/lt\/wp-json\/wp\/v2\/product_cat?post=269084"},{"taxonomy":"product_tag","embeddable":true,"href":"https:\/\/baldumarket.lt\/lt\/wp-json\/wp\/v2\/product_tag?post=269084"}],"curies":[{"name":"wp","href":"https:\/\/api.w.org\/{rel}","templated":true}]}}