{"id":269083,"date":"2026-01-14T01:03:42","date_gmt":"2026-01-13T22:03:42","guid":{"rendered":"https:\/\/baldumarket.lt\/product\/uchwyt-g-24-jednopunktowy-czarny-mat\/"},"modified":"2026-02-11T18:17:39","modified_gmt":"2026-02-11T15:17:39","slug":"uchwyt-g-24-jednopunktowy-czarny-mat","status":"publish","type":"product","link":"https:\/\/baldumarket.lt\/lt\/product\/uchwyt-g-24-jednopunktowy-czarny-mat\/","title":{"rendered":"G-24 vieno ta\u0161ko rankena, juoda matin\u0117"},"content":{"rendered":"<p>Speciali G24 rankena yra rulet\u0117s formos, patogi kasdieniam naudojimui ir primena praeities de\u0161imtme\u010dius. G24 rankena buvo specialiai sukurta \u201eFamily Line\u201c virtuv\u0117s spintel\u0117ms su kanadieti\u0161kos baltos spalvos fasadais. \u0160i rulet\u0117s formos rankena ne tik suteikia baldams charakterio, bet ir yra patogi kasdieniam naudojimui. Ranken\u0117l\u0117 \u2013 tai puikus retro estetikos ir funkcionalumo derinys, suteikiantis virtuvei klasikin\u012f charakter\u012f. G24 rankena yra juodos spalvos \u2013 gra\u017eiai kontrastuoja su baltais fasadais. \u0160is kontrastingas spalvos pasirinkimas gali smarkiai paveikti j\u016bs\u0173 virtuv\u0117s i\u0161vaizd\u0105, suteikdamas jai unikali\u0105 ir originali\u0105 i\u0161vaizd\u0105.<\/p>\n<p>Prek\u0117s kodas K10-UCHW_G24_0-CAM Simbolis ZM EAN Plotis 6,4 cm Auk\u0161tis 3,6 cm Kolekcija Senesn\u0117 Spalva matin\u0117 juoda Atspalvis juodas Stilius modernus Med\u017eiaga metalas Gamintojas Juoda Raudona Balta Baldo tipas Virtuv\u0117s spintel\u0117s PVM 23% EAN 5906123537940<\/p>","protected":false},"excerpt":{"rendered":"<p>The dedicated G24 handle is a knob-style handle that&#8217;s comfortable for everyday use and harkens back to decades past. The G24 handle was specifically designed for Family Line kitchen cabinets, which feature Canadian White fronts. This knob-style handle not only adds character to the furniture but also makes it comfortable for everyday use. The knob [&hellip;]<\/p>","protected":false},"featured_media":0,"comment_status":"open","ping_status":"open","template":"","meta":[],"product_brand":[],"product_cat":[9200,1043],"product_tag":[],"class_list":{"0":"post-269083","1":"product","2":"type-product","3":"status-publish","5":"product_cat-black-red-white","6":"product_cat-extras","8":"first","9":"instock","10":"purchasable","11":"product-type-simple"},"_links":{"self":[{"href":"https:\/\/baldumarket.lt\/lt\/wp-json\/wp\/v2\/product\/269083","targetHints":{"allow":["GET"]}}],"collection":[{"href":"https:\/\/baldumarket.lt\/lt\/wp-json\/wp\/v2\/product"}],"about":[{"href":"https:\/\/baldumarket.lt\/lt\/wp-json\/wp\/v2\/types\/product"}],"replies":[{"embeddable":true,"href":"https:\/\/baldumarket.lt\/lt\/wp-json\/wp\/v2\/comments?post=269083"}],"wp:attachment":[{"href":"https:\/\/baldumarket.lt\/lt\/wp-json\/wp\/v2\/media?parent=269083"}],"wp:term":[{"taxonomy":"product_brand","embeddable":true,"href":"https:\/\/baldumarket.lt\/lt\/wp-json\/wp\/v2\/product_brand?post=269083"},{"taxonomy":"product_cat","embeddable":true,"href":"https:\/\/baldumarket.lt\/lt\/wp-json\/wp\/v2\/product_cat?post=269083"},{"taxonomy":"product_tag","embeddable":true,"href":"https:\/\/baldumarket.lt\/lt\/wp-json\/wp\/v2\/product_tag?post=269083"}],"curies":[{"name":"wp","href":"https:\/\/api.w.org\/{rel}","templated":true}]}}