{"id":269079,"date":"2026-01-14T01:03:39","date_gmt":"2026-01-13T22:03:39","guid":{"rendered":"https:\/\/baldumarket.lt\/product\/toaletka-biurko-z-szuflada-holten-40-cm-dab-waterford\/"},"modified":"2026-02-11T18:17:39","modified_gmt":"2026-02-11T15:17:39","slug":"toaletka-biurko-z-szuflada-holten-40-cm-dab-waterford","status":"publish","type":"product","link":"https:\/\/baldumarket.lt\/lt\/product\/toaletka-biurko-z-szuflada-holten-40-cm-dab-waterford\/","title":{"rendered":"HOLTEN tualetinis staliukas\/ra\u0161omasis stalas su stal\u010diumi, 40 cm, Waterford \u0105\u017euolas"},"content":{"rendered":"<p>\u201eHolten\u201c tualetinis staliukas \u2013 tobula erdv\u0117 puosel\u0117tis ir dirbti. Jei planuojate \u012frengti jaunimo kambar\u012f ar biur\u0105, \u201eHolten\u201c bald\u0173 kolekcija yra puikus pasirinkimas. Modernus dizainas, i\u0161skirtin\u0117s savyb\u0117s ir prakti\u0161ki sprendimai paver\u010dia \u201eHolten\u201c tualetin\u012f staliuk\u0105 nepakei\u010diamu \u0161i\u0173 interjero elementu. Modernus dizainas. \u201eHolten\u201c kolekcija i\u0161siskiria pastorintomis sienomis, \u0161viesiomis spalvomis, fasadais be ranken\u0117li\u0173 ir unikaliu stalvir\u0161iu. \u201eHolten\u201c tualetinis staliukas yra bald\u0173, derinan\u010di\u0173 estetik\u0105 ir funkcionalum\u0105, pavyzdys, tinkantis tiek jaunimo kambariui, tiek miegamajam. Patvarus stalvir\u0161is. \u201eHolten\u201c tualetinio staliuko stalvir\u0161is pagamintas i\u0161 \u012fbr\u0117\u017eimams atsparaus laminato. Tai leid\u017eia patogiai atlikti kasdien\u0119 veikl\u0105, pavyzd\u017eiui, tvarkytis ar dirbti su ne\u0161iojamuoju kompiuteriu, nesibaiminant d\u0117l pavir\u0161iaus pa\u017eeidimo. \u0160is 106,2 x 40 cm tualetinis staliukas turi kelet\u0105 praktini\u0173 savybi\u0173: Patogus stal\u010dius: puikiai tinka kosmetikai, biuro reikmenims ar kitiems smulkiems daiktams laikyti. Atvira lentyna: naudinga spausdintuvo popieriui, aki\u0173 \u0161e\u0161\u0117li\u0173 palet\u0117ms ar kitiems daiktams, kuriuos norite tur\u0117ti po ranka, laikyti. Tualetinio staliuko korpusas apdailintas eleganti\u0161ka matine balta spalva, o priekin\u0117 dalis padengta veidrodin\u012f balt\u0105 lak\u0105. \u0160is derinys sukuria \u012fdom\u0173 kontrast\u0105 su ry\u0161kiu \u201eWotan\u201c \u0105\u017euolo imitacijos stalvir\u0161iu. Ry\u0161kus medienos ra\u0161tas suteikia baldui charakterio ir paver\u010dia j\u012f kambario traukos centru. Patogus naudoti: stal\u010dius tvirtinamas ant firmini\u0173, \u0161velniai u\u017esidaran\u010di\u0173, pilno i\u0161traukimo b\u0117geli\u0173. Tai leid\u017eia stal\u010diui atsidaryti ir u\u017esidaryti skland\u017eiai ir tyliai, o tai ypa\u010d svarbu, jei norite naudoti tualetin\u012f staliuk\u0105 nakt\u012f nepa\u017eadindami kit\u0173 nam\u0173 \u016bkio nari\u0173. \u201eHolten\u201c kolekcija si\u016blo \u012fvairius elementus, leid\u017eian\u010dius sukurti darn\u0173 i\u0161d\u0117stym\u0105 paauglio kambaryje, biure ar miegamajame. Derindami \u201eHolten\u201c tualetin\u012f staliuk\u0105 su kitais \u0161ios kolekcijos baldais, sukursite gerai apgalvot\u0105 ir funkcional\u0173 interjer\u0105, kuris atitiks j\u016bs\u0173 poreikius tiek kasdieni\u0173 gro\u017eio ritual\u0173 metu, tiek darbe. Trumpai tariant, \u201eHolten\u201c tualetinis staliukas yra ne tik baldas, skirtas gro\u017eiui, bet ir prakti\u0161kas bei stilingas sprendimas biure ar paauglio kambaryje. D\u0117l savo patvarumo, funkcionalumo ir estetikos jis yra puikus pasirinkimas j\u016bs\u0173 interjerui. Pasinerkite \u012f komfort\u0105 ir elegancij\u0105 su \u201eHolten\u201c tualetiniu staliuku.<\/p>\n<p>Prek\u0117s kodas S493-BIU1S-DWF Simbolis ZM EAN Ilgis 106,2 cm Plotis 40 cm Auk\u0161tis 81,5 cm Kolekcija Holten Spalva Waterford \u0105\u017euolas Atspalvis tamsi mediena Stilius modernus Dureli\u0173 skai\u010dius be dur\u0173 Stal\u010di\u0173 skai\u010dius 1 stal\u010dius Rankena be ranken\u0117li\u0173 Gamintojas Juoda Raudona Balta Baldo tipas Ra\u0161omieji stalai PVM 23% EAN 5906123709699<\/p>","protected":false},"excerpt":{"rendered":"<p>The Holten Dressing Table \u2013 the Perfect Space for Grooming and Working. If you&#8217;re planning to furnish a youth room or office, the Holten furniture collection is an excellent choice. Its modern design, distinctive features, and practical solutions make the Holten dressing table an indispensable element of these interiors. Modern Design. The Holten collection is [&hellip;]<\/p>","protected":false},"featured_media":269080,"comment_status":"open","ping_status":"open","template":"","meta":[],"product_brand":[],"product_cat":[9200,1312],"product_tag":[],"class_list":{"0":"post-269079","1":"product","2":"type-product","3":"status-publish","4":"has-post-thumbnail","6":"product_cat-black-red-white","7":"product_cat-desks","9":"first","10":"instock","11":"purchasable","12":"product-type-simple"},"_links":{"self":[{"href":"https:\/\/baldumarket.lt\/lt\/wp-json\/wp\/v2\/product\/269079","targetHints":{"allow":["GET"]}}],"collection":[{"href":"https:\/\/baldumarket.lt\/lt\/wp-json\/wp\/v2\/product"}],"about":[{"href":"https:\/\/baldumarket.lt\/lt\/wp-json\/wp\/v2\/types\/product"}],"replies":[{"embeddable":true,"href":"https:\/\/baldumarket.lt\/lt\/wp-json\/wp\/v2\/comments?post=269079"}],"wp:featuredmedia":[{"embeddable":true,"href":"https:\/\/baldumarket.lt\/lt\/wp-json\/wp\/v2\/media\/269080"}],"wp:attachment":[{"href":"https:\/\/baldumarket.lt\/lt\/wp-json\/wp\/v2\/media?parent=269079"}],"wp:term":[{"taxonomy":"product_brand","embeddable":true,"href":"https:\/\/baldumarket.lt\/lt\/wp-json\/wp\/v2\/product_brand?post=269079"},{"taxonomy":"product_cat","embeddable":true,"href":"https:\/\/baldumarket.lt\/lt\/wp-json\/wp\/v2\/product_cat?post=269079"},{"taxonomy":"product_tag","embeddable":true,"href":"https:\/\/baldumarket.lt\/lt\/wp-json\/wp\/v2\/product_tag?post=269079"}],"curies":[{"name":"wp","href":"https:\/\/api.w.org\/{rel}","templated":true}]}}