{"id":269063,"date":"2026-01-14T01:03:27","date_gmt":"2026-01-13T22:03:27","guid":{"rendered":"https:\/\/baldumarket.lt\/product\/toaletka-z-szuflada-nepo-plus-80-cm-bialy\/"},"modified":"2026-02-11T18:17:39","modified_gmt":"2026-02-11T15:17:39","slug":"toaletka-z-szuflada-nepo-plus-80-cm-bialy","status":"publish","type":"product","link":"https:\/\/baldumarket.lt\/lt\/product\/toaletka-z-szuflada-nepo-plus-80-cm-bialy\/","title":{"rendered":"Tualetinis staliukas su stal\u010diumi NEPO PLUS 80 cm, baltas"},"content":{"rendered":"<p>\u2019Nepo Plus\u201c tualetinis staliukas \u2013 puikus j\u016bs\u0173 miegamojo papildymas. \u201eNepo Plus\u201c kolekcija \u2013 tai i\u0161skirtinai minimalistin\u0117, eleganti\u0161ka ir universali bald\u0173 serija, sulaukusi did\u017eiul\u0117s s\u0117km\u0117s tarp daugelio. Nors i\u0161 prad\u017ei\u0173 buvo sukurta paaugli\u0173 kambariams, \u201eNepo Plus\u201c tualetinis staliukas pasirod\u0117 es\u0105s toks universalus ir stilingas, kad rado savo viet\u0105 ne tik miegamuosiuose, bet ir svetain\u0117se bei biuruose. Kod\u0117l verta apsvarstyti \u201eNepo Plus\u201c tualetin\u012f staliuk\u0105? Pagrindiniai \u201eNepo Plus\u201c tualetinio staliuko privalumai: Tualetinis staliukas yra puikus sprendimas tiek paauglei dukrai, kuri pradeda eksperimentuoti su makia\u017eu, tiek suaugusiam \u017emogui, kuriam reikia patogios vietos kasdienei prie\u017ei\u016brai ir makia\u017eui. Tai universalus sprendimas, atitinkantis daugel\u012f poreiki\u0173. Tualetinis staliukas turi patog\u0173 stal\u010di\u0173, puikiai tinkant\u012f laikyti smulkius kosmetikos reikmenis, tokius kaip nag\u0173 lakai, l\u016bp\u0173 da\u017eai ar blakstien\u0173 tu\u0161ai. Be to, erdv\u0117 po stalvir\u0161iu leid\u017eia laikyti aki\u0173 \u0161e\u0161\u0117li\u0173 paletes ir kitus b\u016btiniausius daiktus. Nepaisant savo funkcionalumo, \u201eNepo Plus\u201c tualetinis staliukas yra kompakti\u0161k\u0173 matmen\u0173 (80 x 40 cm), tod\u0117l puikiai tinka net ma\u017eoms erdv\u0117ms. Be to, j\u012f galima naudoti kaip stal\u0105 \u2013 prakti\u0161k\u0105 sprendim\u0105, kur\u012f renkasi daugelis \u017emoni\u0173. Visas baldo pavir\u0161ius yra laminuotas, tod\u0117l u\u017etikrinamas didesnis atsparumas \u012fbr\u0117\u017eimams. Tualetinis staliukas daugel\u012f met\u0173 atrodys esteti\u0161kai, net ir intensyviai naudojant. \u201eNepo Plus\u201c kolekcijoje si\u016blomos keturios skirtingos spalv\u0173 versijos, leid\u017eian\u010dios priderinti tualetin\u012f staliuk\u0105 prie j\u016bs\u0173 interjero dizaino. Galite rinktis i\u0161 toki\u0173 spalv\u0173 kaip balta, Sonoma \u0105\u017euolas, venge arba vienuolyno \u0105\u017euolas, kurios leis sukurti darn\u0173 i\u0161d\u0117stym\u0105. \u201eNepo Plus\u201c tualetin\u012f staliuk\u0105 galima derinti su kitais \u0161ios kolekcijos elementais, sukuriant darn\u0173 ir harmoning\u0105 miegamojo ar jaunimo kambario i\u0161d\u0117stym\u0105. Kolekcijoje yra \u012fvairi\u0173 moduli\u0173, kurie pad\u0117s jums sutvarkyti daugyb\u0119 skirting\u0173 kambari\u0173 j\u016bs\u0173 namuose. Trumpai tariant, \u201eNepo Plus\u201c tualetinis staliukas yra ne tik funkcionalus baldas kasdienei prie\u017ei\u016brai ir makia\u017eui, bet ir eleganti\u0161kas dekoratyvinis elementas, kuris suteiks \u017eavesio j\u016bs\u0173 miegamajam ar kitam kambariui. D\u0117l savo universalumo ir gamybos kokyb\u0117s \u201eNepo Plus\u201c tualetinis staliukas tikrai pateisins j\u016bs\u0173 l\u016bkes\u010dius ir tarnaus jums daugel\u012f met\u0173.<\/p>\n<p>Prek\u0117s kodas S435-TOL1K1S-BI Simbolis ZM EAN Ilgis 80 cm Plotis 40 cm Auk\u0161tis 79,5 cm Kolekcija Nepo Plus Spalva balta Baltas atspalvis Stilius modernus Stal\u010di\u0173 skai\u010dius 1 stal\u010dius Rankena su rankenomis Gamintojas Juoda Raudona Balta Baldo tipas Tualetiniai ir konsoliniai staliukai PVM 23% EAN 5906123951388<\/p>","protected":false},"excerpt":{"rendered":"<p>\u2019Nepo Plus\u201c tualetinis staliukas \u2013 puikus j\u016bs\u0173 miegamojo papildymas. \u201eNepo Plus\u201c kolekcija \u2013 tai i\u0161skirtinai minimalistin\u0117, eleganti\u0161ka ir universali bald\u0173 serija, sulaukusi did\u017eiul\u0117s s\u0117km\u0117s. Nors i\u0161 prad\u017ei\u0173 buvo sukurta paaugli\u0173 kambariams, \u201eNepo Plus\u201c tualetinis staliukas pasirod\u0117 es\u0105s toks universalus ir stilingas, kad rado savo viet\u0105 [\u2026]<\/p>","protected":false},"featured_media":269064,"comment_status":"open","ping_status":"open","template":"","meta":[],"product_brand":[],"product_cat":[9200,1237],"product_tag":[],"class_list":{"0":"post-269063","1":"product","2":"type-product","3":"status-publish","4":"has-post-thumbnail","6":"product_cat-black-red-white","7":"product_cat-dressing-tables","9":"first","10":"instock","11":"purchasable","12":"product-type-simple"},"_links":{"self":[{"href":"https:\/\/baldumarket.lt\/lt\/wp-json\/wp\/v2\/product\/269063","targetHints":{"allow":["GET"]}}],"collection":[{"href":"https:\/\/baldumarket.lt\/lt\/wp-json\/wp\/v2\/product"}],"about":[{"href":"https:\/\/baldumarket.lt\/lt\/wp-json\/wp\/v2\/types\/product"}],"replies":[{"embeddable":true,"href":"https:\/\/baldumarket.lt\/lt\/wp-json\/wp\/v2\/comments?post=269063"}],"wp:featuredmedia":[{"embeddable":true,"href":"https:\/\/baldumarket.lt\/lt\/wp-json\/wp\/v2\/media\/269064"}],"wp:attachment":[{"href":"https:\/\/baldumarket.lt\/lt\/wp-json\/wp\/v2\/media?parent=269063"}],"wp:term":[{"taxonomy":"product_brand","embeddable":true,"href":"https:\/\/baldumarket.lt\/lt\/wp-json\/wp\/v2\/product_brand?post=269063"},{"taxonomy":"product_cat","embeddable":true,"href":"https:\/\/baldumarket.lt\/lt\/wp-json\/wp\/v2\/product_cat?post=269063"},{"taxonomy":"product_tag","embeddable":true,"href":"https:\/\/baldumarket.lt\/lt\/wp-json\/wp\/v2\/product_tag?post=269063"}],"curies":[{"name":"wp","href":"https:\/\/api.w.org\/{rel}","templated":true}]}}