{"id":269059,"date":"2026-01-14T01:03:23","date_gmt":"2026-01-13T22:03:23","guid":{"rendered":"https:\/\/baldumarket.lt\/product\/toaletka-z-szuflada-kassel-85-cm-dab-monastery-dab-czarny\/"},"modified":"2026-02-11T18:17:39","modified_gmt":"2026-02-11T15:17:39","slug":"toaletka-z-szuflada-kassel-85-cm-dab-monastery-dab-czarny","status":"publish","type":"product","link":"https:\/\/baldumarket.lt\/lt\/product\/toaletka-z-szuflada-kassel-85-cm-dab-monastery-dab-czarny\/","title":{"rendered":"KASSEL tualetinis staliukas su stal\u010diumi, 85 cm, vienuolyno \u0105\u017euolas\/juodas \u0105\u017euolas"},"content":{"rendered":"<p>Kaselio tualetinis staliukas \u2013 j\u016bs\u0173 gro\u017eio karalyst\u0117. Kaselio tualetinis staliukas \u2013 puiki vieta skirti akimirkai sau, nesvarbu, ar da\u017eot\u0117s, ar kuriate nedidel\u0119 darbo viet\u0105. \u0160is kompakti\u0161kas tualetinis staliukas puikiai atlieka abi funkcijas.<br \/>\nDidelis stalvir\u0161is suteikia vietos makia\u017eui ir odos prie\u017ei\u016bros priemon\u0117ms laikyti. Jei reikia, jis taip pat gali b\u016bti naudojamas kaip patogi darbo vieta, kurioje galite lengvai pasid\u0117ti ne\u0161iojam\u0105j\u012f kompiuter\u012f. Erdvus stal\u010dius padeda palaikyti tvark\u0105.<br \/>\nPaprasta tualetinio staliuko forma \u012fgauna papildomo \u017eavesio d\u0117l \u012fdomios spalv\u0173 gamos. Suderinus \u0161ilt\u0105 \u0105\u017euol\u0105 su eleganti\u0161ku juodu \u0105\u017euolu, sukurtas harmoningas duetas. Med\u017eio ra\u0161tas suteikia interjerui unikalaus jaukumo, o juoda spalva \u2013 nesenstan\u010dio elegancijos. \u0160is baldas puikiai dera prie modernaus ar lofto interjero, gra\u017eiai papildydamas grafito, pilkos ar butelio \u017ealios spalvos atspalvius.<br \/>\nPatogi k\u0117d\u0117 \u2013 b\u016btinas tualetinio staliuko papildymas. Prid\u0117kite didel\u012f veidrod\u012f ir tinkam\u0105 ap\u0161vietim\u0105 \u2013 ir j\u016bs\u0173 gro\u017eio zona paruo\u0161ta! Tualetinis staliukas su stal\u010diumi gali b\u016bti derinamas su kitais \u201eKassel\u201c kolekcijos baldais, sukuriant darn\u0173 miegamojo i\u0161d\u0117stym\u0105. Platus galim\u0173 element\u0173 pasirinkimas leid\u017eia sukurti interjer\u0105, kuriame gal\u0117site i\u0161ties atsipalaiduoti.<\/p>\n<p>Prek\u0117s kodas S491-TOL1S-DMON\/DCA Simbolis ZM EAN Ilgis 85 cm Plotis 41 cm Auk\u0161tis 77 cm Kolekcija Kassel Spalva vienuolyno \u0105\u017euolas\/juodas \u0105\u017euolas Atspalvis tamsi mediena Stilius modernus Med\u017eiaga laminatas Dureli\u0173 skai\u010dius be dureli\u0173 Stal\u010di\u0173 skai\u010dius 1 stal\u010dius Rankena su rankenomis Gamintojas Juoda Raudona Balta Baldo tipas Tualetiniai ir konsoliniai staliukai PVM 23% EAN 5906123709668<\/p>","protected":false},"excerpt":{"rendered":"<p>Kaselio tualetinis staliukas \u2013 j\u016bs\u0173 gro\u017eio karalyst\u0117. Kaselio tualetinis staliukas yra puiki vieta skirti akimirkai sau, nesvarbu, ar da\u017eot\u0117s, ar kuriate nedidel\u0119 darbo viet\u0105. \u0160is kompakti\u0161kas tualetinis staliukas puikiai atlieka abi funkcijas. Didelis stalvir\u0161is suteikia vietos makia\u017eui ir odos prie\u017ei\u016bros priemon\u0117ms laikyti. Jei reikia, jis taip pat gali [\u2026]<\/p>","protected":false},"featured_media":269060,"comment_status":"open","ping_status":"open","template":"","meta":[],"product_brand":[],"product_cat":[9200,1237],"product_tag":[],"class_list":{"0":"post-269059","1":"product","2":"type-product","3":"status-publish","4":"has-post-thumbnail","6":"product_cat-black-red-white","7":"product_cat-dressing-tables","9":"first","10":"instock","11":"purchasable","12":"product-type-simple"},"_links":{"self":[{"href":"https:\/\/baldumarket.lt\/lt\/wp-json\/wp\/v2\/product\/269059","targetHints":{"allow":["GET"]}}],"collection":[{"href":"https:\/\/baldumarket.lt\/lt\/wp-json\/wp\/v2\/product"}],"about":[{"href":"https:\/\/baldumarket.lt\/lt\/wp-json\/wp\/v2\/types\/product"}],"replies":[{"embeddable":true,"href":"https:\/\/baldumarket.lt\/lt\/wp-json\/wp\/v2\/comments?post=269059"}],"wp:featuredmedia":[{"embeddable":true,"href":"https:\/\/baldumarket.lt\/lt\/wp-json\/wp\/v2\/media\/269060"}],"wp:attachment":[{"href":"https:\/\/baldumarket.lt\/lt\/wp-json\/wp\/v2\/media?parent=269059"}],"wp:term":[{"taxonomy":"product_brand","embeddable":true,"href":"https:\/\/baldumarket.lt\/lt\/wp-json\/wp\/v2\/product_brand?post=269059"},{"taxonomy":"product_cat","embeddable":true,"href":"https:\/\/baldumarket.lt\/lt\/wp-json\/wp\/v2\/product_cat?post=269059"},{"taxonomy":"product_tag","embeddable":true,"href":"https:\/\/baldumarket.lt\/lt\/wp-json\/wp\/v2\/product_tag?post=269059"}],"curies":[{"name":"wp","href":"https:\/\/api.w.org\/{rel}","templated":true}]}}