{"id":269051,"date":"2026-01-14T01:03:18","date_gmt":"2026-01-13T22:03:18","guid":{"rendered":"https:\/\/baldumarket.lt\/product\/toaletka-z-szuflada-holten-1065-cm-bialy-dab-wotan\/"},"modified":"2026-02-11T18:17:39","modified_gmt":"2026-02-11T15:17:39","slug":"toaletka-z-szuflada-holten-1065-cm-bialy-dab-wotan","status":"publish","type":"product","link":"https:\/\/baldumarket.lt\/lt\/product\/toaletka-z-szuflada-holten-1065-cm-bialy-dab-wotan\/","title":{"rendered":"HOLTEN tualetinis staliukas su stal\u010diumi, 106,5 cm, baltas\/Wotan \u0105\u017euolas"},"content":{"rendered":"<p>\u201eHolten\u201c tualetinis staliukas \u2013 puikus sprendimas paauglio kambariui. At\u0117jus laikui \u012frengti paauglio kambar\u012f ar miegam\u0105j\u012f, labai svarbu pasirinkti tinkamus baldus, kurie derint\u0173 funkcionalum\u0105 ir estetik\u0105. \u201eHolten\u201c kolekcija neabejotinai yra puikus pasirinkimas, derinanti modern\u0173 dizain\u0105 su prakti\u0161kais sprendimais. Leiskite mums pristatyti jums esmin\u012f \u0161ios kolekcijos element\u0105 \u2013 \u201eHolten\u201c tualetin\u012f staliuk\u0105, kuris puikiai tiks tiek paauglio kambaryje, tiek miegamajame. Kuo jis toks ypatingas? \u201eHolten\u201c tualetinis staliukas i\u0161siskiria: Modernus dizainas: pastorintos sienel\u0117s suteikia baldui tvirtumo, o \u0161viesi spalva ir fasadai be ranken\u0117li\u0173 \u2013 modernumo. Unikalus stalvir\u0161is \u2013 tarsi vy\u0161nait\u0117 ant torto, suteikiantis baldui unikal\u0173 charakter\u012f. Tualetinis staliukas padengtas \u012fbr\u0117\u017eimams atspariu laminuotu stalvir\u0161iu, tod\u0117l j\u012f galite naudoti kiekvien\u0105 dien\u0105 nesijaudindami d\u0117l pa\u017eeidim\u0173. Funkcionalumas: nepaisant minimalistinio dizaino, \u201eHolten\u201c tualetinis staliukas si\u016blo daugyb\u0119 daikt\u0173 laikymo galimybi\u0173. Matmenys yra 106,2 x 40 cm, o staliukas turi vien\u0105 patog\u0173 stal\u010di\u0173, puikiai tinkant\u012f kosmetikai ar biuro reikmenims, ir vien\u0105 atvir\u0105 lentyn\u0105 spausdintuvo popieriui ar aki\u0173 \u0161e\u0161\u0117li\u0173 palet\u0117ms laikyti. Matin\u0117s baltos spalvos korpusas ir veidrodiniu pavir\u0161iumi baltai lakuotas priekis suteikia eleganti\u0161k\u0105 pagrind\u0105 \u012fsp\u016bdingam \u201eWotan\u201c \u0105\u017euolo stalvir\u0161iui. Ry\u0161ki medienos tekst\u016bra suteikia \u0161iam baldui unikal\u0173 charakter\u012f ir paver\u010dia j\u012f kambario traukos centru. Naudojimo paprastumas: stal\u010dius turi firminius \u0161velnaus u\u017edarymo ir pilno i\u0161traukimo b\u0117gelius, tod\u0117l j\u012f galite tyliai atidaryti ir u\u017edaryti net nakt\u012f. Derindami \u201eHolten\u201c tualetin\u012f staliuk\u0105 su kitais kolekcijos baldais, galite sukurti harmoning\u0105 ir funkcional\u0173 jaunimo kambario, biuro ar miegamojo i\u0161d\u0117stym\u0105. D\u0117l kolekcijos bald\u0173 \u012fvairov\u0117s galite pritaikyti interjer\u0105 pagal savo poreikius ir skon\u012f, sukurdami erdv\u0119, kuri ne tik atrodo gra\u017eiai, bet ir palengvina kasdien\u012f gyvenim\u0105 bei d\u017eiugina visus savo stiliumi.<\/p>\n<p>Prek\u0117s kodas S440-BIU1S-BI\/DWO\/BIP Simbolis ZM EAN Ilgis 106,2 cm Plotis 40 cm Auk\u0161tis 81,5 cm Kolekcija Holten Spalva balta\/wotan \u0105\u017euolas\/blizgi balta Atspalvis baltas Stilius modernus Dureli\u0173 skai\u010dius 1 dur\u0173 Stal\u010di\u0173 skai\u010dius 1 stal\u010dius Rankena be ranken\u0117li\u0173 Gamintojas Juoda Raudona Balta Baldo tipas Ra\u0161omieji stalai PVM 23% EAN 5906123951623<\/p>","protected":false},"excerpt":{"rendered":"<p>\u201eHolten\u201c tualetinis staliukas \u2013 puikus sprendimas paauglio kambariui. At\u0117jus laikui \u012frengti paauglio kambar\u012f ar miegam\u0105j\u012f, labai svarbu pasirinkti tinkamus baldus, kurie derint\u0173 funkcionalum\u0105 ir estetik\u0105. \u201eHolten\u201c kolekcija neabejotinai yra puikus pasirinkimas, jungiantis modern\u0173 dizain\u0105 su prakti\u0161kais sprendimais. Leiskite mums pristatyti jums [\u2026]<\/p>","protected":false},"featured_media":269052,"comment_status":"open","ping_status":"open","template":"","meta":[],"product_brand":[],"product_cat":[9200,1237],"product_tag":[],"class_list":{"0":"post-269051","1":"product","2":"type-product","3":"status-publish","4":"has-post-thumbnail","6":"product_cat-black-red-white","7":"product_cat-dressing-tables","9":"first","10":"instock","11":"purchasable","12":"product-type-simple"},"_links":{"self":[{"href":"https:\/\/baldumarket.lt\/lt\/wp-json\/wp\/v2\/product\/269051","targetHints":{"allow":["GET"]}}],"collection":[{"href":"https:\/\/baldumarket.lt\/lt\/wp-json\/wp\/v2\/product"}],"about":[{"href":"https:\/\/baldumarket.lt\/lt\/wp-json\/wp\/v2\/types\/product"}],"replies":[{"embeddable":true,"href":"https:\/\/baldumarket.lt\/lt\/wp-json\/wp\/v2\/comments?post=269051"}],"wp:featuredmedia":[{"embeddable":true,"href":"https:\/\/baldumarket.lt\/lt\/wp-json\/wp\/v2\/media\/269052"}],"wp:attachment":[{"href":"https:\/\/baldumarket.lt\/lt\/wp-json\/wp\/v2\/media?parent=269051"}],"wp:term":[{"taxonomy":"product_brand","embeddable":true,"href":"https:\/\/baldumarket.lt\/lt\/wp-json\/wp\/v2\/product_brand?post=269051"},{"taxonomy":"product_cat","embeddable":true,"href":"https:\/\/baldumarket.lt\/lt\/wp-json\/wp\/v2\/product_cat?post=269051"},{"taxonomy":"product_tag","embeddable":true,"href":"https:\/\/baldumarket.lt\/lt\/wp-json\/wp\/v2\/product_tag?post=269051"}],"curies":[{"name":"wp","href":"https:\/\/api.w.org\/{rel}","templated":true}]}}