{"id":269047,"date":"2026-01-14T01:03:13","date_gmt":"2026-01-13T22:03:13","guid":{"rendered":"https:\/\/baldumarket.lt\/product\/toaletka-z-szuflada-forn-385-cm-dab-delano-ciemny-czarny-mat\/"},"modified":"2026-02-11T18:17:39","modified_gmt":"2026-02-11T15:17:39","slug":"toaletka-z-szuflada-forn-385-cm-dab-delano-ciemny-czarny-mat","status":"publish","type":"product","link":"https:\/\/baldumarket.lt\/lt\/product\/toaletka-z-szuflada-forn-385-cm-dab-delano-ciemny-czarny-mat\/","title":{"rendered":"FORN tualetinis staliukas su stal\u010diumi 38,5 cm, tamsus Delano \u0105\u017euolas\/matin\u0117 juoda"},"content":{"rendered":"<p>\u201eForn\u201c tualetinis staliukas \u2013 funkcionalus baldas, kuris tiks bet kuriuose moderniuose namuose. Stilingas tualetinis staliukas yra daugelio moter\u0173 svajon\u0117. Jei norite \u0161iuo auk\u0161tos kokyb\u0117s baldu apstatyti savo miegam\u0105j\u012f ar asmenin\u012f kambar\u012f, \u201eForn\u201c kolekcijos tualetinis staliukas tikrai jus su\u017eav\u0117s. Jame tilps visa reikalinga kosmetika, o kartu su veidrod\u017eiu ir foteliu \u2013 tobula vieta kasdienei gro\u017eio rutinai ar makia\u017eui. Auk\u0161ta bald\u0173 kokyb\u0117 ir modernus dizainas leis sukurti unikal\u0173 i\u0161d\u0117stym\u0105. Funkcionalumas ir patog\u016bs sprendimai. \u201eForn\u201c tualetinis staliukas yra ne tik esteti\u0161kai patrauklus, bet, svarbiausia, funkcionalus. Jame yra \u0161velniai u\u017esidarantis stal\u010dius, leid\u017eiantis laikyti kosmetik\u0105, papuo\u0161alus ar kitus smulkius daiktus, nesibaiminant d\u0117l triuk\u0161mo ar atsitiktinio atidarymo. Tvirtos metalin\u0117s rankenos u\u017etikrina patvarum\u0105 ir stabilum\u0105, o tai ypa\u010d svarbu kasdieniam naudojimui. Erdv\u0117 j\u016bs\u0173 poreikiams. Pastorintas \u201eForn\u201c tualetinio staliuko stalvir\u0161is u\u017etikrina stabil\u0173 pagrind\u0105 visiems j\u016bs\u0173 b\u016btiniausiems daiktams. Nesvarbu, ar esate kosmetikos entuziast\u0117 ir jums reikia vietos visai savo kolekcijai, ar tiesiog norite, kad viskas b\u016bt\u0173 po ranka, \u0161is tualetinis staliukas pateisins j\u016bs\u0173 l\u016bkes\u010dius. D\u0117l didelio stalvir\u0161io nereik\u0117s ie\u0161koti vietos papildomoms lentynoms ar lentynoms. Stilingi \u201eForn\u201c tualetinio staliuko fasadai pasi\u017eymi frezuotais ra\u0161tais, suteikian\u010diais visam baldui unikal\u0173 charakter\u012f. \u0160ie subtil\u016bs papuo\u0161imai paver\u010dia tualetin\u012f staliuk\u0105 ne tik prakti\u0161ku baldu, bet ir dekoratyviniu elementu j\u016bs\u0173 miegamajame ar darbo kambaryje. Jie suteikia patrauklumo ir elegancijos, paversdami j\u012f j\u016bs\u0173 erdv\u0117s traukos centru. Modern\u0173 \u201eForn\u201c kolekcijos stili\u0173 pabr\u0117\u017eia \u012fvairios spalv\u0173 schemos, leid\u017eian\u010dios pritaikyti bald\u0105 pagal savo skon\u012f ir kambario dekor\u0105. Kolekcija si\u016bloma keturi\u0173 variant\u0173. Nepriklausomai nuo pasirinktos spalv\u0173 schemos, \u201eForn\u201c tualetinis staliukas i\u0161laiko savo charakter\u012f ir funkcionalum\u0105, skland\u017eiai der\u0117damas prie \u012fvairi\u0173 interjero dizaino stili\u0173. \u201eForn\u201c tualetinis staliukas yra ne tik vieta odos prie\u017ei\u016brai ir makia\u017eui; tai taip pat baldas, kuris suteiks j\u016bs\u0173 erdvei unikalaus \u017eavesio ir funkcionalumo. \u012evair\u016bs spalv\u0173 variantai leid\u017eia j\u012f priderinti prie j\u016bs\u0173 skonio ir interjero stiliaus. Jei ie\u0161kote baldo, kuris ne tik palengvint\u0173 kasdien\u0119 prie\u017ei\u016br\u0105, bet ir papuo\u0161t\u0173 j\u016bs\u0173 namus, \u201eForn\u201c tualetinis staliukas yra puikus pasirinkimas. Nesvarbu, ar jums labiau patinka modernus minimalizmas, ar klasikinis stilius, \u0161is baldas tikrai pateisins j\u016bs\u0173 l\u016bkes\u010dius ir leis m\u0117gautis elegancijos bei funkcionalumo kupina erdve.<\/p>\n<p>Prek\u0117s kodas S471-TOL1S-DDC\/CAM Simbolis ZM EAN Ilgis 90 cm Plotis 38,5 cm Auk\u0161tis 79,5 cm Kolekcija Forn Spalva Delano \u0105\u017euolas tamsus\/matinis juodas Atspalvis tamsus medis Stilius modernus Dureli\u0173 skai\u010dius be dur\u0173 Stal\u010di\u0173 skai\u010dius 1 stal\u010dius Rankena su rankenomis Gamintojas Juoda Raudona Balta Baldo tipas Tualetiniai ir konsoliniai staliukai PVM mokestis 23% EAN 5906123706568<\/p>","protected":false},"excerpt":{"rendered":"<p>\u201eForn\u201c tualetinis staliukas \u2013 funkcionalus baldas, kuris tiks bet kuriuose moderniuose namuose. Stilingas tualetinis staliukas yra daugelio moter\u0173 svajon\u0117. Jei norite savo miegam\u0105j\u012f ar asmenin\u012f kambar\u012f apstatyti \u0161iuo auk\u0161tos kokyb\u0117s baldu, \u201eForn\u201c kolekcijos tualetinis staliukas tikrai jus su\u017eav\u0117s. Jis leis [\u2026]<\/p>","protected":false},"featured_media":269048,"comment_status":"open","ping_status":"open","template":"","meta":[],"product_brand":[],"product_cat":[9200,1237],"product_tag":[],"class_list":{"0":"post-269047","1":"product","2":"type-product","3":"status-publish","4":"has-post-thumbnail","6":"product_cat-black-red-white","7":"product_cat-dressing-tables","9":"first","10":"instock","11":"purchasable","12":"product-type-simple"},"_links":{"self":[{"href":"https:\/\/baldumarket.lt\/lt\/wp-json\/wp\/v2\/product\/269047","targetHints":{"allow":["GET"]}}],"collection":[{"href":"https:\/\/baldumarket.lt\/lt\/wp-json\/wp\/v2\/product"}],"about":[{"href":"https:\/\/baldumarket.lt\/lt\/wp-json\/wp\/v2\/types\/product"}],"replies":[{"embeddable":true,"href":"https:\/\/baldumarket.lt\/lt\/wp-json\/wp\/v2\/comments?post=269047"}],"wp:featuredmedia":[{"embeddable":true,"href":"https:\/\/baldumarket.lt\/lt\/wp-json\/wp\/v2\/media\/269048"}],"wp:attachment":[{"href":"https:\/\/baldumarket.lt\/lt\/wp-json\/wp\/v2\/media?parent=269047"}],"wp:term":[{"taxonomy":"product_brand","embeddable":true,"href":"https:\/\/baldumarket.lt\/lt\/wp-json\/wp\/v2\/product_brand?post=269047"},{"taxonomy":"product_cat","embeddable":true,"href":"https:\/\/baldumarket.lt\/lt\/wp-json\/wp\/v2\/product_cat?post=269047"},{"taxonomy":"product_tag","embeddable":true,"href":"https:\/\/baldumarket.lt\/lt\/wp-json\/wp\/v2\/product_tag?post=269047"}],"curies":[{"name":"wp","href":"https:\/\/api.w.org\/{rel}","templated":true}]}}