{"id":269043,"date":"2026-01-14T01:03:02","date_gmt":"2026-01-13T22:03:02","guid":{"rendered":"https:\/\/baldumarket.lt\/product\/toaletka-z-szuflada-alameda-415-cm-bialy-polysk-dab-westminster\/"},"modified":"2026-02-11T18:17:39","modified_gmt":"2026-02-11T15:17:39","slug":"toaletka-z-szuflada-alameda-415-cm-bialy-polysk-dab-westminster","status":"publish","type":"product","link":"https:\/\/baldumarket.lt\/lt\/product\/toaletka-z-szuflada-alameda-415-cm-bialy-polysk-dab-westminster\/","title":{"rendered":"ALAMEDA tualetinis staliukas su stal\u010diumi, 41,5 cm, blizgi balta\/Vestminsterio \u0105\u017euolas"},"content":{"rendered":"<p>\u201eAlameda\u201c tualetinis staliukas \u2013 puikus sprendimas tiems, kurie vertina komfort\u0105. \u201eAlameda\u201c tualetinis staliukas buvo sukurtas galvojant apie kasdien\u012f makia\u017e\u0105 ir odos prie\u017ei\u016br\u0105. Platus stalvir\u0161is leid\u017eia patogiai pasida\u017eyti, formuoti plaukus ir r\u016bpintis oda. Be to, tualetinis staliukas turi prakti\u0161k\u0105 stal\u010di\u0173 ir atvir\u0105 lentyn\u0105 kosmetikai, dokumentams, raktams ir kitiems smulkiems daiktams laikyti. \u201eAlameda\u201c tualetinis staliukas i\u0161siskiria moderniu stiliumi ir d\u0117mesiu detal\u0117ms. Jo blizgus baltas korpusas harmoningai papildo blizgius baltus fasadus. Tualetinio staliuko vir\u0161us pagamintas i\u0161 Vestminsterio \u0105\u017euolo, suteikian\u010dio baldui nat\u016bralaus \u017eavesio. Folijos apdaila vir\u0161uje ir apa\u010dioje subtiliai atspindi medienos tekst\u016br\u0105. Vienas i\u0161 i\u0161skirtini\u0173 \u201eAlameda\u201c tualetinio staliuko bruo\u017e\u0173 \u2013 prailginti korpuso \u0161onai, kurie i\u0161siki\u0161a vir\u0161 vir\u0161aus. \u0160is sprendimas suteikia baldui elegancijos ir originalumo, ta\u010diau gali apsunkinti nety\u010din\u012f daikt\u0173 nuvertim\u0105. \u201eAlameda\u201c tualetin\u012f staliuk\u0105 galima pastatyti miegamajame, kur jis bus puiki vieta tvarkytis ir ruo\u0161tis, arba koridoriuje kaip stilinga konsol\u0117. Galite j\u012f derinti su kitais \u201eAlameda\u201c kolekcijos baldais ir sukurti darn\u0173 interjero dizain\u0105. Su \u201eAlameda\u201c tualetiniu staliuku tur\u0117site savo erdv\u0119 tvarkymuisi ir pasiruo\u0161imui, sutaupysite laiko ir gal\u0117site patogiai pasidaryti makia\u017e\u0105 ar suformuoti \u0161ukuosen\u0105. \u0160is funkcionalumo ir estetikos derinys papildys j\u016bs\u0173 miegamojo ar prie\u0161kambario dizain\u0105.<\/p>\n<p>Prek\u0117s kodas S420-TOL1S-BIP\/DWM\/BIP Simbolis ZM EAN Ilgis 100 cm Plotis 41,2 cm Auk\u0161tis 80,5 cm Kolekcija Alameda Spalva balta blizgi \/ Vestminsterio \u0105\u017euolas \/ balta blizgi Atspalvis baltas Stilius modernus Dureli\u0173 skai\u010dius be dur\u0173 Stal\u010di\u0173 skai\u010dius 1 stal\u010dius Rankena be ranken\u0117li\u0173 Gamintojas Juoda Raudona Balta Baldo tipas Tualetiniai ir konsoliniai staliukai PVM 23% EAN 5906123946711<\/p>","protected":false},"excerpt":{"rendered":"<p>\u201eAlameda\u201c tualetinis staliukas \u2013 puikus sprendimas tiems, kurie vertina komfort\u0105. \u201eAlameda\u201c tualetinis staliukas buvo sukurtas atsi\u017evelgiant \u012f kasdien\u0119 makia\u017eo ir odos prie\u017ei\u016bros rutin\u0105. Platus stalvir\u0161is leid\u017eia patogiai teptis makia\u017e\u0105, formuoti plaukus ir r\u016bpintis oda. Be to, tualetinis staliukas turi prakti\u0161k\u0105 stal\u010di\u0173 ir atvir\u0105 lentyn\u0105 kosmetikai, dokumentams, [\u2026] laikyti.<\/p>","protected":false},"featured_media":269044,"comment_status":"open","ping_status":"open","template":"","meta":[],"product_brand":[],"product_cat":[9200,1237],"product_tag":[],"class_list":{"0":"post-269043","1":"product","2":"type-product","3":"status-publish","4":"has-post-thumbnail","6":"product_cat-black-red-white","7":"product_cat-dressing-tables","9":"first","10":"instock","11":"purchasable","12":"product-type-simple"},"_links":{"self":[{"href":"https:\/\/baldumarket.lt\/lt\/wp-json\/wp\/v2\/product\/269043","targetHints":{"allow":["GET"]}}],"collection":[{"href":"https:\/\/baldumarket.lt\/lt\/wp-json\/wp\/v2\/product"}],"about":[{"href":"https:\/\/baldumarket.lt\/lt\/wp-json\/wp\/v2\/types\/product"}],"replies":[{"embeddable":true,"href":"https:\/\/baldumarket.lt\/lt\/wp-json\/wp\/v2\/comments?post=269043"}],"wp:featuredmedia":[{"embeddable":true,"href":"https:\/\/baldumarket.lt\/lt\/wp-json\/wp\/v2\/media\/269044"}],"wp:attachment":[{"href":"https:\/\/baldumarket.lt\/lt\/wp-json\/wp\/v2\/media?parent=269043"}],"wp:term":[{"taxonomy":"product_brand","embeddable":true,"href":"https:\/\/baldumarket.lt\/lt\/wp-json\/wp\/v2\/product_brand?post=269043"},{"taxonomy":"product_cat","embeddable":true,"href":"https:\/\/baldumarket.lt\/lt\/wp-json\/wp\/v2\/product_cat?post=269043"},{"taxonomy":"product_tag","embeddable":true,"href":"https:\/\/baldumarket.lt\/lt\/wp-json\/wp\/v2\/product_tag?post=269043"}],"curies":[{"name":"wp","href":"https:\/\/api.w.org\/{rel}","templated":true}]}}