{"id":269027,"date":"2026-01-14T01:02:49","date_gmt":"2026-01-13T22:02:49","guid":{"rendered":"https:\/\/baldumarket.lt\/product\/tapczan-rico-z-pojemnikiem-i-regulacja-oparcia-czarny\/"},"modified":"2026-02-11T18:17:39","modified_gmt":"2026-02-11T15:17:39","slug":"tapczan-rico-z-pojemnikiem-i-regulacja-oparcia-czarny","status":"publish","type":"product","link":"https:\/\/baldumarket.lt\/lt\/product\/tapczan-rico-z-pojemnikiem-i-regulacja-oparcia-czarny\/","title":{"rendered":"Rico sofa su daiktad\u0117\u017ee ir reguliuojamu atlo\u0161u, juoda"},"content":{"rendered":"<p>\u2019Rico\u201c dienos lova \u2013 paprastumas ir patogumas. \u201eRico\u201c dienos lova \u2013 puikus pasirinkimas ie\u0161kantiems daugiafunkcio kompakti\u0161ko dizaino baldo. Miegojimo funkcija ir patalyn\u0117s laikymo vieta paver\u010dia j\u0105 puikia alternatyva tradicinei lovai, o d\u0117l atlo\u0161o tai puiki vieta atsipalaiduoti ir paskaityti knyg\u0105. Tai patikrintas pasirinkimas ma\u017eesniems kambariams ar paaugli\u0173 kambariams, kuriame derinamas komfortas ir prakti\u0161kumas. Patogumas ir funkcionalumas. \u201eRico\u201c dienos lovos matmenys \u2013 112 x 212 cm, o miegojimo plotas \u2013 110 x 200 cm, tod\u0117l tai patogi vieta poilsiui tiek paaugliams, tiek suaugusiesiems. \u010ciu\u017einys, u\u017epildytas \u201eBonnell\u201c spyruokl\u0117mis ir putomis, garantuoja ram\u0173 ir patog\u0173 mieg\u0105. Be to, \u010diu\u017einys turi keli\u0173 pad\u0117\u010di\u0173 reguliuojam\u0105 atlo\u0161\u0105, leid\u017eiant\u012f puikiai pritaikyti galvos atram\u0105 pagal individualius poreikius skaitant ar ilsintis. Praktin\u0117s savyb\u0117s. \u201eRico\u201c dienos lova turi erdv\u0173 patalyn\u0117s laikymo skyri\u0173, kuriame patogu laikyti antklodes, pagalves, apklotus ir sezoninius drabu\u017eius. \u0160is prakti\u0161kas sprendimas padeda palaikyti tvark\u0105 kambaryje, suteikiant papildomos vietos b\u016btiniausiems daiktams. Patogus galv\u016bgalis izoliuoja nuo \u0161altos sienos ir suteikia stabili\u0105 nugaros atram\u0105, dar labiau padidindamas komfort\u0105. Dizainas ir stilius: \u201eRico\u201c sofa \u017eavi savo paprasta, modernia forma, kuri puikiai dera su \u012fvairiais interjero dizainais. Kruop\u0161\u010diai pagamintos detal\u0117s, tokios kaip dekoratyvin\u0117s rai\u0161teliai ir sagos ant pagalv\u0117li\u0173 bei minimalistin\u0117s metalin\u0117s kojel\u0117s, sustiprina jos elegancij\u0105 ir ilgaam\u017ei\u0161kum\u0105. Sofa-lova aptraukta juodu \u201eKronos 7\u201c audiniu, kuris suteikia baldui stiling\u0105 ir rafinuot\u0105 i\u0161vaizd\u0105. Savyb\u0117s: Sofa-lova su miegojimo funkcija ir patalyn\u0117s saugykla \u2013 idealiai tinka ma\u017eesn\u0117ms erdv\u0117ms. \u010ciu\u017einio \u201eBonnell\u201c spyruokl\u0117s u\u017etikrina vienod\u0105 ir patog\u0173 miegojimo pavir\u0161i\u0173. Erdvus daiktad\u0117\u017e\u0117s skyrius suteikia daugiau vietos daiktams susid\u0117ti. \u010ciu\u017einys su reguliuojamo auk\u0161\u010dio atlo\u0161u \u2013 keli\u0173 lygi\u0173 reguliavimas leid\u017eia pritaikyti \u010diu\u017ein\u012f individualiai. Patogus galv\u016bgalis apsaugo nuo \u0161al\u010dio ir suteikia stabili\u0105 nugaros atram\u0105. Dekoratyviniai rai\u0161teliai ir sagos ant pagalv\u0117li\u0173 \u2013 esteti\u0161ka ir harmoninga i\u0161vaizda. Dekoratyvin\u0117s metalin\u0117s kojel\u0117s \u2013 patvarumas ir tvirtumas naudojimo metu. Juodas \u201eKronos 7\u201c audinys \u2013 eleganti\u0161ka ir moderni i\u0161vaizda. Santrauka: \u201eRico LBK\u201c sofa-lova yra prakti\u0161kas sprendimas ie\u0161kantiems funkcionalaus baldo, kuris puikiai tikt\u0173 studijos tipo bute, jaunimo kambaryje ar sve\u010di\u0173 kambaryje. Su miegojimo funkcija, reguliuojamu atlo\u0161o auk\u0161\u010diu ir patalyn\u0117s saugykla \u201eRico\u201c si\u016blo komfort\u0105 ir universalum\u0105, tuo pa\u010diu \u012fne\u0161dama interjerui modern\u0173 ir eleganti\u0161k\u0105 dizain\u0105.<\/p>\n<p>Prek\u0117s kodas FL-LO-RICO_O-LBK-G2-KRONOS_7 Ilgis 212 cm Plotis 112 cm Auk\u0161tis 82 cm S\u0117dyn\u0117s auk\u0161tis 46 cm Kolekcija Rico Spalva Kronos 07 Juoda gaubto spalva Stilius modernus Med\u017eiaga aksomas Miegamoji funkcija Su miegam\u0105ja funkcija Miegamoji dalis 110\u00d7200 Indas su 1 indu Reguliuojamas atlo\u0161as: taip Galvos atrama su galvos atrama U\u017epildas: bonell spyruokl\u0117\/putplastis Gamintojas: juoda Raudona Balta Bald\u0173 tipas: divanai PVM 23% EAN 5906123038829<\/p>","protected":false},"excerpt":{"rendered":"<p>\u201eRico\u201c dienos lova \u2013 paprastumas ir patogumas. \u201eRico\u201c dienos lova \u2013 puikus pasirinkimas ie\u0161kantiems daugiafunkcio, kompakti\u0161ko dizaino baldo. Miegojimo funkcija ir patalyn\u0117s laikymo vieta paver\u010dia j\u0105 puikia alternatyva tradicinei lovai, o d\u0117l atlo\u0161o tai puiki vieta atsipalaiduoti ir paskaityti [\u2026]<\/p>","protected":false},"featured_media":269028,"comment_status":"open","ping_status":"open","template":"","meta":[],"product_brand":[],"product_cat":[9200,505],"product_tag":[],"class_list":{"0":"post-269027","1":"product","2":"type-product","3":"status-publish","4":"has-post-thumbnail","6":"product_cat-black-red-white","7":"product_cat-bedroom-beds","9":"first","10":"instock","11":"purchasable","12":"product-type-simple"},"_links":{"self":[{"href":"https:\/\/baldumarket.lt\/lt\/wp-json\/wp\/v2\/product\/269027","targetHints":{"allow":["GET"]}}],"collection":[{"href":"https:\/\/baldumarket.lt\/lt\/wp-json\/wp\/v2\/product"}],"about":[{"href":"https:\/\/baldumarket.lt\/lt\/wp-json\/wp\/v2\/types\/product"}],"replies":[{"embeddable":true,"href":"https:\/\/baldumarket.lt\/lt\/wp-json\/wp\/v2\/comments?post=269027"}],"wp:featuredmedia":[{"embeddable":true,"href":"https:\/\/baldumarket.lt\/lt\/wp-json\/wp\/v2\/media\/269028"}],"wp:attachment":[{"href":"https:\/\/baldumarket.lt\/lt\/wp-json\/wp\/v2\/media?parent=269027"}],"wp:term":[{"taxonomy":"product_brand","embeddable":true,"href":"https:\/\/baldumarket.lt\/lt\/wp-json\/wp\/v2\/product_brand?post=269027"},{"taxonomy":"product_cat","embeddable":true,"href":"https:\/\/baldumarket.lt\/lt\/wp-json\/wp\/v2\/product_cat?post=269027"},{"taxonomy":"product_tag","embeddable":true,"href":"https:\/\/baldumarket.lt\/lt\/wp-json\/wp\/v2\/product_tag?post=269027"}],"curies":[{"name":"wp","href":"https:\/\/api.w.org\/{rel}","templated":true}]}}