{"id":269026,"date":"2026-01-14T01:02:48","date_gmt":"2026-01-13T22:02:48","guid":{"rendered":"https:\/\/baldumarket.lt\/product\/tapczan-jednoosobowy-z-pojemnikiem-tito-asti-13-szary\/"},"modified":"2026-02-11T18:17:39","modified_gmt":"2026-02-11T15:17:39","slug":"tapczan-jednoosobowy-z-pojemnikiem-tito-asti-13-szary","status":"publish","type":"product","link":"https:\/\/baldumarket.lt\/lt\/product\/tapczan-jednoosobowy-z-pojemnikiem-tito-asti-13-szary\/","title":{"rendered":"Viengul\u0117 sofa-lova su daiktad\u0117\u017ee TITO Asti 13 pilka"},"content":{"rendered":"<p>\u201eTito\u201c sofa \u2013 komfortas, estetika ir funkcionalumas viename. Ie\u0161kote tobulo baldo, kuris derint\u0173 miego komfort\u0105, funkcionalum\u0105 ir estetik\u0105? Pristatome \u201eTito\u201c sof\u0105, kuri pateisina \u0161iuos l\u016bkes\u010dius daugeliu lygi\u0173, si\u016blydama ne tik puik\u0173 miegojimo pavir\u0161i\u0173, bet ir prakti\u0161kus sprendimus. Centrinis \u0161ios sofos elementas \u2013 \u201eBonnell\u201c spyruokl\u0117s, paskirstytos per vis\u0105 jos pavir\u0161i\u0173. \u0160is sprendimas suteikia tolygi\u0105 ir ergonomi\u0161k\u0105 k\u016bno atram\u0105, tod\u0117l miegas yra i\u0161skirtinai patogus. Nesvarbu, kurioje \u010diu\u017einio vietoje atsidursite, j\u016bs\u0173 k\u016bnas bus tolygiai paremtas. Integruotas daiktad\u0117\u017e\u0117s skyrius si\u016blo ne tik papildomos vietos patalynei, antklod\u0117ms ir pagalv\u0117ms. Jis taip pat suteikia vietos j\u016bs\u0173 brangiausiems nam\u0173 lobiams. Tai leis j\u016bs\u0173 kambariui b\u016bti tvarkingesniam, o svarb\u016bs daiktai visada bus po ranka.<\/p>\n<p>Daugiapakopis galvos atramos auk\u0161\u010dio reguliavimas yra novatori\u0161kas sprendimas, leid\u017eiantis pritaikyti \u010diu\u017ein\u012f individualiems poreikiams. Skaitote prie\u0161 mieg\u0105? Auk\u0161ta galvos atrama suteiks ideali\u0105 atram\u0105. Norite atsipalaiduoti? Pritaikykite j\u0105 \u012f m\u0117gstam\u0105 pad\u0117t\u012f. Visa tai maksimaliam komfortui. Patogus galv\u016bgalis ne tik apsaugo nuo \u0161altos sienos \u0161al\u010dio, bet ir suteikia stabili\u0105 atram\u0105 jums ir j\u016bs\u0173 vaikui. Jis suteikia papildomo komforto miego metu, sukurdamas maloni\u0105 viet\u0105 atsipalaiduoti. Dekoratyvin\u0117s vienos adatos si\u016bl\u0117s suteikia baldui harmoning\u0105 ir esteti\u0161kai patraukli\u0105 i\u0161vaizd\u0105. \u0160i kruop\u0161\u010diai sukurta detal\u0117 daro \u010diu\u017ein\u012f ne tik funkcional\u0173, bet ir eleganti\u0161k\u0105, suteikdama j\u016bs\u0173 nam\u0173 jaukumui prabangos. Dekoratyvin\u0117s kietmed\u017eio kojel\u0117s ne tik suteikia elegancijos, bet ir garantuoja \u010diu\u017einio patvarum\u0105 bei stabilum\u0105. \u0160is elementas ne tik pagerina estetik\u0105, bet ir u\u017etikrina, kad \u010diu\u017einys daugel\u012f met\u0173 i\u0161liks puikios b\u016bkl\u0117s. Galiausiai, eleganti\u0161ka dekoratyvin\u0117 pagalv\u0117, kuri puikiai papildo bendr\u0105 dizain\u0105, sukurdama harmoning\u0105 erdv\u0119 poilsiui. Tai ne tik baldas miegui; tai investicija \u012f sveik\u0105 mieg\u0105, estetik\u0105 ir funkcionalum\u0105. Su\u017einokite, kaip galite suderinti darb\u0105 su malonumu, pasirinkdami tobul\u0105 \u010diu\u017ein\u012f, pritaikyt\u0105 j\u016bs\u0173 poreikiams.<\/p>\n<p>Prek\u0117s kodas FL-TA-TITO-LBK-G2-ASTI_13 Simbolis ZM EAN Plotis 92 cm Gylis 201 cm S\u0117dyn\u0117s gylis 90 cm Auk\u0161tis 67 cm S\u0117dyn\u0117s auk\u0161tis 44 cm Kolekcija Tito Spalva Asti 13\/Trinity 34 Atspalvis pilka Stilius modernus Med\u017eiaga audinys Miegamoji funkcija su miegojimo funkcija Miegamoji dalis 90\u00d7196 Indas su 1 indu Atsipalaidavimo funkcija be atsipalaidavimo funkcijos Reguliuojamas atlo\u0161as ne Galvos atrama be galvos atramos U\u017epildas bonell spyruokl\u0117\/putplastis Gamintojas Juoda Raudona Balta Bald\u0173 tipas Sofos ir ku\u0161et\u0117s PVM mokestis 23% EAN 5906123150613<\/p>","protected":false},"excerpt":{"rendered":"<p>\u201eTito\u201c sofa \u2013 komfortas, estetika ir funkcionalumas viename. Ie\u0161kote tobulo baldo, kuris derint\u0173 miego komfort\u0105, funkcionalum\u0105 ir estetik\u0105? Pristatome \u201eTito\u201c sof\u0105, kuri atitinka \u0161iuos l\u016bkes\u010dius daugeliu at\u017evilgi\u0173, si\u016blydama ne tik puik\u0173 miegojimo pavir\u0161i\u0173, bet ir prakti\u0161kus sprendimus. Centrinis \u0161ios sofos elementas yra \u201eBonnell\u201c [\u2026]<\/p>","protected":false},"featured_media":0,"comment_status":"open","ping_status":"open","template":"","meta":[],"product_brand":[],"product_cat":[9200,505],"product_tag":[],"class_list":{"0":"post-269026","1":"product","2":"type-product","3":"status-publish","5":"product_cat-black-red-white","6":"product_cat-bedroom-beds","8":"first","9":"instock","10":"purchasable","11":"product-type-simple"},"_links":{"self":[{"href":"https:\/\/baldumarket.lt\/lt\/wp-json\/wp\/v2\/product\/269026","targetHints":{"allow":["GET"]}}],"collection":[{"href":"https:\/\/baldumarket.lt\/lt\/wp-json\/wp\/v2\/product"}],"about":[{"href":"https:\/\/baldumarket.lt\/lt\/wp-json\/wp\/v2\/types\/product"}],"replies":[{"embeddable":true,"href":"https:\/\/baldumarket.lt\/lt\/wp-json\/wp\/v2\/comments?post=269026"}],"wp:attachment":[{"href":"https:\/\/baldumarket.lt\/lt\/wp-json\/wp\/v2\/media?parent=269026"}],"wp:term":[{"taxonomy":"product_brand","embeddable":true,"href":"https:\/\/baldumarket.lt\/lt\/wp-json\/wp\/v2\/product_brand?post=269026"},{"taxonomy":"product_cat","embeddable":true,"href":"https:\/\/baldumarket.lt\/lt\/wp-json\/wp\/v2\/product_cat?post=269026"},{"taxonomy":"product_tag","embeddable":true,"href":"https:\/\/baldumarket.lt\/lt\/wp-json\/wp\/v2\/product_tag?post=269026"}],"curies":[{"name":"wp","href":"https:\/\/api.w.org\/{rel}","templated":true}]}}