{"id":269018,"date":"2026-01-14T01:02:40","date_gmt":"2026-01-13T22:02:40","guid":{"rendered":"https:\/\/baldumarket.lt\/product\/tapczan-jednoosobowy-lewy-prawy-kelo-z-pojemnikiem-szary\/"},"modified":"2026-02-11T18:17:39","modified_gmt":"2026-02-11T15:17:39","slug":"tapczan-jednoosobowy-lewy-prawy-kelo-z-pojemnikiem-szary","status":"publish","type":"product","link":"https:\/\/baldumarket.lt\/lt\/product\/tapczan-jednoosobowy-lewy-prawy-kelo-z-pojemnikiem-szary\/","title":{"rendered":"Kelo vienviet\u0117 sofa su daiktad\u0117\u017ee, kair\u0117\/de\u0161in\u0117, pilka"},"content":{"rendered":"<p>KELO dienos lova \u2013 erdv\u0119 taupanti miegojimo forma. Maksimalus prakti\u0161kumas, ta\u010diau minimalistin\u0117 forma \u2013 tai moderni Kelo dienos lova. Paprastas, ta\u010diau funkcionalus dizainas, kur\u012f pabr\u0117\u017eia minimalistinis atlo\u0161as ir dvi atlo\u0161o pagalv\u0117l\u0117s, puikiai tinka bet kokiam interjerui, ypa\u010d ma\u017eesn\u0117ms erdv\u0117ms. Patogumas ir funkcionalumas: Universali Kelo dienos lova si\u016blo patogi\u0105 s\u0117dyn\u0119, u\u017epildyt\u0105 putomis ir 130 mm auk\u0161\u010dio Bonnell spyruokl\u0117mis, u\u017etikrinan\u010dias komfort\u0105 tiek kasdien naudojant, tiek miegant. Atlo\u0161as ir pagalv\u0117l\u0117s, u\u017epildytos pjaustytomis putomis ir silikonu, suteikia tinkam\u0105 nugaros atram\u0105, tod\u0117l dienos lova yra ideali vieta atsipalaiduoti dienos metu. Miegojimo pavir\u0161ius su tolygiai paskirstytomis Bonnell spyruokl\u0117mis garantuoja patog\u0173 mieg\u0105 vienam asmeniui, suteikdamos tolygi\u0105 ir stabili\u0105 atram\u0105. Praktin\u0117s savyb\u0117s: Prakti\u0161kas patalyn\u0117s skyrius yra papildomas Kelo dienos lovos privalumas, leid\u017eiantis patogiai laikyti antklodes, pagalves ir kitus tekstil\u0117s gaminius. Ergonomi\u0161ka rankena, padedanti atidaryti skyri\u0173, leid\u017eia nepaprastai lengvai pasiekti laikomus daiktus. Galimyb\u0117 pasirinkti de\u0161in\u0117s \/ kair\u0117s pus\u0117s konfig\u016bracij\u0105 prie\u0161 pradin\u012f surinkim\u0105, Kelo sofa gali puikiai integruotis \u012f bet kok\u012f interjer\u0105. Dizainas ir stilius: \u201eKelo\u201c sofa i\u0161siskiria d\u0117mesiu detal\u0117ms, o tai sustiprina jos estetin\u012f patrauklum\u0105. Vienos adatos si\u016bl\u0117s, papuo\u0161tos si\u016blais, dekoratyviniais rai\u0161teliais ir dygsniais ant s\u0117dyn\u0117s ir atlo\u0161o, suteikia sofai harmoning\u0105, modern\u0173 vaizd\u0105. Sofa aptraukta pilku \u201eMatrix 19\u201c audiniu, kuris suteikia elegancijos ir leid\u017eia jai skland\u017eiai der\u0117ti prie \u012fvairi\u0173 interjero dizaino stili\u0173. Minimalistinis dizainas ir kompakti\u0161kas dydis daro j\u0105 idealiu sprendimu vieno kambario butui arba nuomojamam butui. Savyb\u0117s: Dienos lova su miegojimo funkcija ir patalyn\u0117s d\u0117\u017ee. \u0160oninio i\u0161d\u0117stymo pasirinkimas prie\u0161 pradedant montavim\u0105 (de\u0161in\u0117\/kair\u0117). \u201eBonnell\u201c spyruokl\u0117s visame \u010diu\u017einyje \u2013 patogus ir pastovus miegas. Lengva prieiga prie patalyn\u0117s d\u0117\u017e\u0117s. Didel\u0117 daiktad\u0117\u017e\u0117 \u2013 didesn\u0117 daikt\u0173 laikymo talpa. Ergonomi\u0161ka rankena palengvina daiktad\u0117\u017e\u0117s atidarym\u0105. Dekoratyvin\u0117s vienos adatos si\u016bl\u0117s ant s\u0117dyn\u0117s ir atlo\u0161o sukuria harmoning\u0105 ir esteti\u0161kai patraukli\u0105 i\u0161vaizd\u0105. Pilkas \u201eMatrix 19\u201c audinys \u2013 eleganti\u0161kas ir patvarus. Santrauka: \u201eKelo LBKMU\u201c dienos lova yra prakti\u0161kas ir funkcionalus sprendimas tiems, kurie ie\u0161ko baldo, kuris u\u017etikrins patog\u0173 nakties mieg\u0105 neu\u017eimdamas daug vietos. D\u0117l \u012fvairi\u0173 \u0161onini\u0173 i\u0161d\u0117stym\u0173, didel\u0117s daiktad\u0117\u017e\u0117s ir kruop\u0161\u010dios apdailos \u201eKelo\u201c yra puikus pasirinkimas moderniems, ma\u017eiems interjerams, u\u017etikrinantis ne tik komfort\u0105, bet ir stiling\u0105 i\u0161vaizd\u0105.<\/p>\n<p>Prek\u0117s kodas FL-TA-KELO_O-LBKMU-G2-MATRIX_16 Ilgis 204 cm Plotis 95 cm Auk\u0161tis 80 cm S\u0117dyn\u0117s auk\u0161tis 43 cm Kolekcija Kelo Spalva Matrix 16 Atspalvis pilka Stilius modernus Med\u017eiaga audinys Miegamoji funkcija Su miegam\u0105ja funkcija Miegamoji dalis 90\u00d7200 Indas su 1 indu Reguliuojamas atlo\u0161as be Galvos atrama be galvos atramos U\u017epildas bonell spyruokl\u0117\/putplastis Gamintojas Juoda Raudona Balta Bald\u0173 tipas Divanai PVM mokestis 23% EAN 5906123038812<\/p>","protected":false},"excerpt":{"rendered":"<p>KELO dienos lova \u2013 erdv\u0119 taupanti miegojimo forma. Maksimalus prakti\u0161kumas, ta\u010diau minimalistin\u0117 forma \u2013 tai moderni Kelo dienos lova. Paprastas, ta\u010diau funkcionalus dizainas, kur\u012f pabr\u0117\u017eia minimalistinis atlo\u0161as ir dvi nugaros atramos pagalv\u0117l\u0117s, puikiai tinka bet kokiam interjerui, ypa\u010d ma\u017eesn\u0117ms erdv\u0117ms. Patogumas ir funkcionalumas: universali Kelo dienos lova si\u016blo [\u2026]<\/p>","protected":false},"featured_media":269019,"comment_status":"open","ping_status":"open","template":"","meta":[],"product_brand":[],"product_cat":[9200,505],"product_tag":[],"class_list":{"0":"post-269018","1":"product","2":"type-product","3":"status-publish","4":"has-post-thumbnail","6":"product_cat-black-red-white","7":"product_cat-bedroom-beds","9":"first","10":"instock","11":"purchasable","12":"product-type-simple"},"_links":{"self":[{"href":"https:\/\/baldumarket.lt\/lt\/wp-json\/wp\/v2\/product\/269018","targetHints":{"allow":["GET"]}}],"collection":[{"href":"https:\/\/baldumarket.lt\/lt\/wp-json\/wp\/v2\/product"}],"about":[{"href":"https:\/\/baldumarket.lt\/lt\/wp-json\/wp\/v2\/types\/product"}],"replies":[{"embeddable":true,"href":"https:\/\/baldumarket.lt\/lt\/wp-json\/wp\/v2\/comments?post=269018"}],"wp:featuredmedia":[{"embeddable":true,"href":"https:\/\/baldumarket.lt\/lt\/wp-json\/wp\/v2\/media\/269019"}],"wp:attachment":[{"href":"https:\/\/baldumarket.lt\/lt\/wp-json\/wp\/v2\/media?parent=269018"}],"wp:term":[{"taxonomy":"product_brand","embeddable":true,"href":"https:\/\/baldumarket.lt\/lt\/wp-json\/wp\/v2\/product_brand?post=269018"},{"taxonomy":"product_cat","embeddable":true,"href":"https:\/\/baldumarket.lt\/lt\/wp-json\/wp\/v2\/product_cat?post=269018"},{"taxonomy":"product_tag","embeddable":true,"href":"https:\/\/baldumarket.lt\/lt\/wp-json\/wp\/v2\/product_tag?post=269018"}],"curies":[{"name":"wp","href":"https:\/\/api.w.org\/{rel}","templated":true}]}}