{"id":268978,"date":"2026-01-14T01:01:57","date_gmt":"2026-01-13T22:01:57","guid":{"rendered":"https:\/\/baldumarket.lt\/product\/szuflady-do-lozka-160-nepo-plus-dab-noble\/"},"modified":"2026-02-11T18:17:40","modified_gmt":"2026-02-11T15:17:40","slug":"szuflady-do-lozka-160-nepo-plus-dab-noble","status":"publish","type":"product","link":"https:\/\/baldumarket.lt\/lt\/product\/szuflady-do-lozka-160-nepo-plus-dab-noble\/","title":{"rendered":"Stal\u010diai lovai 160 NEPO PLUS kilnus \u0105\u017euolas"},"content":{"rendered":"<p>\u201eNepo Plus 160\u201c stal\u010diai \u2013 puikus sprendimas tvarkai. \u201eNepo Plus\u201c stal\u010diai puikiai papildo 160 lovos plot\u012f, leisdami maksimaliai i\u0161naudoti erdv\u0119 po ja, tuo pa\u010diu i\u0161laikant estetik\u0105 ir interjero funkcionalum\u0105. \u201eNepo Plus\u201c kolekcija pasi\u017eymi moderniu stiliumi, kuris lengvai dera prie bet kokio interjero. Patogumas ir funkcionalumas.<br \/>\nSutvarkyti erdv\u0119 po lova dar niekada nebuvo taip paprasta. \u201eNepo Plus\u201c stal\u010diuose galite laikyti pagalves, antklodes, apklotus, apatinius ar net \u017eaislus. Mobil\u016bs ratukai u\u017etikrina lengv\u0105 stumdym\u0105 ir prieig\u0105 prie turinio, o patogios rankenos padidina kasdien\u012f komfort\u0105. Tai puikus sprendimas norint palaikyti tvark\u0105 miegamajame ar vaik\u0173 kambaryje. Stilius ir patvarumas<br \/>\nStal\u010diai pagaminti i\u0161 patvarios laminuotos plok\u0161t\u0117s, pagamintos i\u0161 kilnaus \u0105\u017euolo spalvos, kuri harmoningai dera su kitais \u201eNepo Plus\u201c kolekcijos elementais. Laminuotas pavir\u0161ius yra atsparus \u012fbr\u0117\u017eimams ir temperat\u016bros poky\u010diams. Subtilios ranken\u0117l\u0117s ir minimalistinis dizainas daro stal\u010dius ne tik prakti\u0161kus, bet ir esteti\u0161kai patrauklius. Ypatyb\u0117s: Prakti\u0161ki daiktad\u0117\u017e\u0117s \u2013 vietos antklod\u0117ms, pagalv\u0117ms, apatiniams drabu\u017eiams ar \u017eaislams. Mobil\u016bs ratukai \u2013 lengvas stumdymas ir prieiga prie turinio. Patogios rankenos \u2013 patogus kasdienis naudojimas. Laminuotas pavir\u0161ius \u2013 atsparus \u012fbr\u0117\u017eimams ir lengvai valomas. Kilnaus \u0105\u017euolo spalva \u2013 universalus ir eleganti\u0161kas atspalvis, tinkantis \u012fvairiems interjerams. Suderinamas su \u201eNepo Plus\u201c lova \u2013 puikiai dera su likusia kolekcijos dalimis. Santrauka<br \/>\n\u201eNepo Plus\u201c stal\u010diai \u2013 tai funkcionalus sprendimas, padedantis pilnai i\u0161naudoti erdv\u0119 po lova ir u\u017etikrinantis esteti\u0161k\u0105 i\u0161vaizd\u0105. Derinkite juos su kitais \u201eNepo Plus\u201c kolekcijos baldais, tokiais kaip lova, naktinis staliukas ar komoda, kad sukurtum\u0117te darn\u0173 ir ergonomi\u0161k\u0105 miegamojo ar jaunimo kambario i\u0161d\u0117stym\u0105.<\/p>\n<p>Prek\u0117s kodas S435-LOZ3S\/160_OPCJA-DNO Ilgis 104-124 cm Gylis 48 cm Auk\u0161tis 30,5 cm Kolekcija \u201eNepo Plus\u201c Spalva kilnus \u0105\u017euolas Atspalvis tamsi mediena Stilius modernus Med\u017eiaga laminatas Gamintojas Juoda Raudona Balta Baldo tipas Lovos PVM 23% EAN 5906123051767<\/p>","protected":false},"excerpt":{"rendered":"<p>\u201eNepo Plus 160\u201c stal\u010diai \u2013 puikus sprendimas tvarkai. \u201eNepo Plus\u201c stal\u010diai puikiai papildo 160 lovos plot\u012f, leisdami maksimaliai i\u0161naudoti erdv\u0119 po ja, tuo pa\u010diu i\u0161laikant estetik\u0105 ir interjero funkcionalum\u0105. \u201eNepo Plus\u201c kolekcija pasi\u017eymi moderniu stiliumi, kuris lengvai dera prie bet kokio interjero. Patogumas ir [\u2026]<\/p>","protected":false},"featured_media":268979,"comment_status":"open","ping_status":"open","template":"","meta":[],"product_brand":[],"product_cat":[9200,1043],"product_tag":[],"class_list":{"0":"post-268978","1":"product","2":"type-product","3":"status-publish","4":"has-post-thumbnail","6":"product_cat-black-red-white","7":"product_cat-extras","9":"first","10":"instock","11":"purchasable","12":"product-type-simple"},"_links":{"self":[{"href":"https:\/\/baldumarket.lt\/lt\/wp-json\/wp\/v2\/product\/268978","targetHints":{"allow":["GET"]}}],"collection":[{"href":"https:\/\/baldumarket.lt\/lt\/wp-json\/wp\/v2\/product"}],"about":[{"href":"https:\/\/baldumarket.lt\/lt\/wp-json\/wp\/v2\/types\/product"}],"replies":[{"embeddable":true,"href":"https:\/\/baldumarket.lt\/lt\/wp-json\/wp\/v2\/comments?post=268978"}],"wp:featuredmedia":[{"embeddable":true,"href":"https:\/\/baldumarket.lt\/lt\/wp-json\/wp\/v2\/media\/268979"}],"wp:attachment":[{"href":"https:\/\/baldumarket.lt\/lt\/wp-json\/wp\/v2\/media?parent=268978"}],"wp:term":[{"taxonomy":"product_brand","embeddable":true,"href":"https:\/\/baldumarket.lt\/lt\/wp-json\/wp\/v2\/product_brand?post=268978"},{"taxonomy":"product_cat","embeddable":true,"href":"https:\/\/baldumarket.lt\/lt\/wp-json\/wp\/v2\/product_cat?post=268978"},{"taxonomy":"product_tag","embeddable":true,"href":"https:\/\/baldumarket.lt\/lt\/wp-json\/wp\/v2\/product_tag?post=268978"}],"curies":[{"name":"wp","href":"https:\/\/api.w.org\/{rel}","templated":true}]}}