{"id":268946,"date":"2026-01-14T01:01:31","date_gmt":"2026-01-13T22:01:31","guid":{"rendered":"https:\/\/baldumarket.lt\/product\/szuflada-z-uchwytem-do-lozka-nepo-plus-90-i-120-dab-noble\/"},"modified":"2026-02-11T18:17:40","modified_gmt":"2026-02-11T15:17:40","slug":"szuflada-z-uchwytem-do-lozka-nepo-plus-90-i-120-dab-noble","status":"publish","type":"product","link":"https:\/\/baldumarket.lt\/lt\/product\/szuflada-z-uchwytem-do-lozka-nepo-plus-90-i-120-dab-noble\/","title":{"rendered":"Stal\u010dius su rankena NEPO PLUS 90 ir 120 lovoms, kilnus \u0105\u017euolas"},"content":{"rendered":"<p>\u201eNepo Plus\u201c stal\u010dius \u2013 prakti\u0161ka daikt\u0173 laikymo vieta po lova. Su modernia \u201eNepo Plus\u201c kolekcija galite sukurti funkcional\u0173 ir stiling\u0105 jaunimo kambar\u012f, kuriame kiekvienas daiktas turi savo viet\u0105. Patogumas ir funkcionalumas.<br \/>\n\u201eNepo Plus\u201c stal\u010dius \u2013 puikus sprendimas norint sutvarkyti erdv\u0119 po lova. Jame yra du atskiri skyriai, tod\u0117l patogu laikyti patalyn\u0119, \u017eaislus ir stalo \u017eaidimus, u\u017etikrinant tvark\u0105 kambaryje. 199 cm ilgio stal\u010dius i\u0161stumiamas kartu su u\u017edanga, tod\u0117l idealiai tinka laisvai stovin\u010dioms lovoms, kur n\u0117ra naktinio stalelio. Stilius ir patvarumas<br \/>\nPadidintu atsparumu \u012fbr\u0117\u017eimams laminuotas pavir\u0161ius puikiai tinka vaik\u0173 kambariui, kur da\u017enas \u017eaidimas ant grind\u0173 gali pa\u017eeisti baldus. Kilmingo \u0105\u017euolo spalva suteikia stal\u010diui eleganti\u0161k\u0105, nat\u016brali\u0105 i\u0161vaizd\u0105, puikiai deran\u010di\u0105 su kitais \u201eNepo Plus\u201c kolekcijos baldais. Ypatyb\u0117s: du skyriai daiktams laikyti \u2013 idealiai tinka patalynei, \u017eaislams ar \u017eaidimams. Laminuotas pavir\u0161ius \u2013 didesnis atsparumas \u012fbr\u0117\u017eimams ir lengvas valymas. Kilmingo \u0105\u017euolo spalva \u2013 nat\u016bralus ir universalus atspalvis. Ma\u017ei ratukai ir dvi ranken\u0117l\u0117s \u2013 u\u017etikrina skland\u0173 stal\u010diaus jud\u0117jim\u0105. Ilgis 199 cm \u2013 i\u0161traukiamas kartu su u\u017etrauktuku, idealiai tinka laisvai stovin\u010dioms lovoms. Sukurtas \u201eNepo LOZ\/90\u201c ir \u201eLOZ\/120\u201c lovoms \u2013 puikiai dera su kolekcijos baldais. Santrauka<br \/>\n\u201eNepo Plus\u201c stal\u010dius \u2013 tai funkcionalus ir esteti\u0161kas sprendimas, padidinantis daikt\u0173 laikymo galimybes vaiko ar paauglio kambaryje. D\u0117l tvirtos konstrukcijos ir prakti\u0161k\u0173 detali\u0173, toki\u0173 kaip rankenos ir ratukai, stal\u010di\u0173 lengva naudoti. Derinkite j\u012f su kitais \u201eNepo Plus\u201c kolekcijos elementais, kad sukurtum\u0117te ergonomi\u0161k\u0105 ir stiling\u0105 erdv\u0119.<\/p>\n<p>Prek\u0117s kodas S435-SZU-DNO Ilgis 199 cm Gylis 58,5 cm Auk\u0161tis 26 cm Kolekcija \u201eNepo Plus\u201c Spalva kilnus \u0105\u017euolas Atspalvis tamsi mediena Stilius modernus Med\u017eiaga laminatas Gamintojas Juoda Raudona Balta Bald\u0173 tipas Lovos PVM 23% EAN 5906123061742<\/p>","protected":false},"excerpt":{"rendered":"<p>\u201eNepo Plus\u201c stal\u010dius \u2013 prakti\u0161ka daikt\u0173 laikymo vieta po lova. Su modernia \u201eNepo Plus\u201c kolekcija galite susikurti funkcional\u0173 ir stiling\u0105 jaunimo kambar\u012f, kuriame kiekvienas daiktas turi savo viet\u0105. Patogumas ir funkcionalumas. \u201eNepo Plus\u201c stal\u010dius yra puikus sprendimas norint sutvarkyti erdv\u0119 po lova. Jame yra du atskiri skyriai, tod\u0117l lengva [\u2026]<\/p>","protected":false},"featured_media":268947,"comment_status":"open","ping_status":"open","template":"","meta":[],"product_brand":[],"product_cat":[9200,1043],"product_tag":[],"class_list":{"0":"post-268946","1":"product","2":"type-product","3":"status-publish","4":"has-post-thumbnail","6":"product_cat-black-red-white","7":"product_cat-extras","9":"first","10":"instock","11":"purchasable","12":"product-type-simple"},"_links":{"self":[{"href":"https:\/\/baldumarket.lt\/lt\/wp-json\/wp\/v2\/product\/268946","targetHints":{"allow":["GET"]}}],"collection":[{"href":"https:\/\/baldumarket.lt\/lt\/wp-json\/wp\/v2\/product"}],"about":[{"href":"https:\/\/baldumarket.lt\/lt\/wp-json\/wp\/v2\/types\/product"}],"replies":[{"embeddable":true,"href":"https:\/\/baldumarket.lt\/lt\/wp-json\/wp\/v2\/comments?post=268946"}],"wp:featuredmedia":[{"embeddable":true,"href":"https:\/\/baldumarket.lt\/lt\/wp-json\/wp\/v2\/media\/268947"}],"wp:attachment":[{"href":"https:\/\/baldumarket.lt\/lt\/wp-json\/wp\/v2\/media?parent=268946"}],"wp:term":[{"taxonomy":"product_brand","embeddable":true,"href":"https:\/\/baldumarket.lt\/lt\/wp-json\/wp\/v2\/product_brand?post=268946"},{"taxonomy":"product_cat","embeddable":true,"href":"https:\/\/baldumarket.lt\/lt\/wp-json\/wp\/v2\/product_cat?post=268946"},{"taxonomy":"product_tag","embeddable":true,"href":"https:\/\/baldumarket.lt\/lt\/wp-json\/wp\/v2\/product_tag?post=268946"}],"curies":[{"name":"wp","href":"https:\/\/api.w.org\/{rel}","templated":true}]}}