{"id":268938,"date":"2026-01-14T01:01:18","date_gmt":"2026-01-13T22:01:18","guid":{"rendered":"https:\/\/baldumarket.lt\/product\/szuflada-do-lozka-zele-90-cm-dab-wotan-bialy-polysk\/"},"modified":"2026-02-11T18:17:40","modified_gmt":"2026-02-11T15:17:40","slug":"szuflada-do-lozka-zele-90-cm-dab-wotan-bialy-polysk","status":"publish","type":"product","link":"https:\/\/baldumarket.lt\/lt\/product\/szuflada-do-lozka-zele-90-cm-dab-wotan-bialy-polysk\/","title":{"rendered":"ZELE lovos stal\u010dius 90 cm wotan \u0105\u017euolas\/balta blizgi spalva"},"content":{"rendered":"<p>\u201eZele\u201c lovos stal\u010dius 90 \u2013 funkcionalus sprendimas. \u201eZele\u201c kolekcija \u2013 puikus pasirinkimas tiems, kurie vertina modern\u0173 dizain\u0105 ir funkcionalum\u0105. \u201eZele\u201c lovos stal\u010dius \u2013 tai prakti\u0161kas sprendimas, kuris pad\u0117s palaikyti tvark\u0105 miegamajame, kartu suteikdamas interjerui funkcionalumo ir stiliaus. \u201eZele\u201c lovos stal\u010dius stebina savo galimyb\u0117mis. Tai puikus sprendimas ne tik patalynei, bet ir \u017eaislams, jaunimo aksesuarams bei kitiems daiktams laikyti. Jis leid\u017eia efektyviai organizuoti miegamojo erdv\u0119 ir vienoje vietoje laikyti \u012fvairius daiktus. \u0160is \u201eZele\u201c lovos stal\u010dius turi ratukus, tod\u0117l j\u012f lengva perkelti ir naudoti kasdien. Tai leid\u017eia lengvai reguliuoti jo pad\u0117t\u012f pagal j\u016bs\u0173 poreikius. \u201eZele\u201c lovos stal\u010dius si\u016blo \u012fvairi\u0173 spalv\u0173 variant\u0173. \u0160ilto \u201eWotan Oak\u201c korpuso ir ry\u0161kiai balto blizgaus priekio derinys sukuria harmoning\u0105 derin\u012f, kuris papildys \u012fvairius interjero dizainus. Jei pageidaujate sant\u016bresn\u0117s i\u0161vaizdos, galite rinktis baldus, visi\u0161kai apdailintus \u201eWotan Oak\u201c \u0105\u017euolu. \u201eZele\u201c lovos stal\u010dius puikiai papildo tos pa\u010dios kolekcijos lov\u0105, sukurdamas visapusi\u0161k\u0105 ir ergonomi\u0161k\u0105 sprendim\u0105 miegamajam ar jaunimo kambariui. Tai prakti\u0161kas aksesuaras, padedantis funkcionaliai ir stilingai i\u0161naudoti miegamojo erdv\u0119.<\/p>\n<p>Prek\u0117s kodas S383-SZU-DWO\/BIP Simbolis ZM EAN Ilgis 98 cm Gylis 79,5 cm Auk\u0161tis 17 cm Kolekcija Zele Spalva wotan \u0105\u017euolas\/balta blizgi Atspalvis balta Stilius modernus Med\u017eiaga laminatas Gamintojas Juoda Raudona Balta Baldo tipas Lovos PVM 23% EAN 5906123929158<\/p>","protected":false},"excerpt":{"rendered":"<p>\u201eZele\u201c lovos stal\u010dius 90 \u2013 funkcionalus sprendimas. \u201eZele\u201c kolekcija \u2013 puikus pasirinkimas tiems, kurie vertina modern\u0173 dizain\u0105 ir funkcionalum\u0105. \u201eZele\u201c lovos stal\u010dius \u2013 tai prakti\u0161kas sprendimas, kuris pad\u0117s palaikyti tvark\u0105 miegamajame ir suteiks interjerui funkcionalumo bei stiliaus. \u201eZele\u201c lovos stal\u010dius stebina savo galimyb\u0117mis. Tai [\u2026]<\/p>","protected":false},"featured_media":268939,"comment_status":"open","ping_status":"open","template":"","meta":[],"product_brand":[],"product_cat":[9200,1043],"product_tag":[],"class_list":{"0":"post-268938","1":"product","2":"type-product","3":"status-publish","4":"has-post-thumbnail","6":"product_cat-black-red-white","7":"product_cat-extras","9":"first","10":"instock","11":"purchasable","12":"product-type-simple"},"_links":{"self":[{"href":"https:\/\/baldumarket.lt\/lt\/wp-json\/wp\/v2\/product\/268938","targetHints":{"allow":["GET"]}}],"collection":[{"href":"https:\/\/baldumarket.lt\/lt\/wp-json\/wp\/v2\/product"}],"about":[{"href":"https:\/\/baldumarket.lt\/lt\/wp-json\/wp\/v2\/types\/product"}],"replies":[{"embeddable":true,"href":"https:\/\/baldumarket.lt\/lt\/wp-json\/wp\/v2\/comments?post=268938"}],"wp:featuredmedia":[{"embeddable":true,"href":"https:\/\/baldumarket.lt\/lt\/wp-json\/wp\/v2\/media\/268939"}],"wp:attachment":[{"href":"https:\/\/baldumarket.lt\/lt\/wp-json\/wp\/v2\/media?parent=268938"}],"wp:term":[{"taxonomy":"product_brand","embeddable":true,"href":"https:\/\/baldumarket.lt\/lt\/wp-json\/wp\/v2\/product_brand?post=268938"},{"taxonomy":"product_cat","embeddable":true,"href":"https:\/\/baldumarket.lt\/lt\/wp-json\/wp\/v2\/product_cat?post=268938"},{"taxonomy":"product_tag","embeddable":true,"href":"https:\/\/baldumarket.lt\/lt\/wp-json\/wp\/v2\/product_tag?post=268938"}],"curies":[{"name":"wp","href":"https:\/\/api.w.org\/{rel}","templated":true}]}}