{"id":268926,"date":"2026-01-14T01:01:06","date_gmt":"2026-01-13T22:01:06","guid":{"rendered":"https:\/\/baldumarket.lt\/product\/szuflada-do-lozka-weston-sosna-old-style-ciemna-matera\/"},"modified":"2026-02-11T18:17:40","modified_gmt":"2026-02-11T15:17:40","slug":"szuflada-do-lozka-weston-sosna-old-style-ciemna-matera","status":"publish","type":"product","link":"https:\/\/baldumarket.lt\/lt\/product\/szuflada-do-lozka-weston-sosna-old-style-ciemna-matera\/","title":{"rendered":"WESTON lovos stal\u010dius, senovinio stiliaus tamsi pus\u0161is\/\u010diu\u017einys"},"content":{"rendered":"<p>\u201eWeston\u201c lovos stal\u010dius \u2013 prakti\u0161kas sprendimas ma\u017eoms erdv\u0117ms. Ma\u017euose kambariuose, kur svarbus kiekvienas kvadratinis metras, prakti\u0161ki sprendimai yra labai svarb\u016bs. \u201eWeston\u201c lovos stal\u010dius \u2013 puikus b\u016bdas maksimaliai i\u0161naudoti erdv\u0119. \u0160is jaunimo stal\u010dius suteikia papildomos vietos \u012fvairiems vaik\u0173 daiktams, pavyzd\u017eiui, patalynei, drabu\u017eiams, \u017eaislams ir stalo \u017eaidimams, laikyti. Platus stal\u010diaus priekis i\u0161 dirbtinio \u0105\u017euolo ir tamsaus matera atspalvio korpusas suteikia baldui neapdoroto charakterio, puikiai deran\u010dio prie \u201eWeston\u201c kolekcijos lofto stiliaus. 198,5 x 79,5 x 26 cm dyd\u017eio stal\u010dius puikiai telpa po viengule lova. Prailgintas priekis (mi\u0161rus audinys) ne tik paslepia tarp\u0105 po baldais, bet ir neleid\u017eia dulk\u0117ms kauptis po lova, tuo pa\u010diu i\u0161laikant estetik\u0105 ir tvarkingum\u0105 kambaryje. \u201eWeston\u201c lovos stal\u010dius buvo sukurtas taip, kad papildyt\u0173 lovos funkcionalum\u0105, leisdamas vienoje vietoje laikyti \u012fvairius daiktus. Tai puikus sprendimas kambariams, kuriuose tr\u016bksta vietos papildomoms spintoms ar komodoms. Dvi spalv\u0173 parinktys (\u201eOld Style Pine\u201c \/ \u201eMatera\u201c ir \u201eArtisan Oak\u201c \/ \u201eMatera\u201c) leid\u017eia stal\u010di\u0173 priderinti prie konkretaus jaunimo kambario stiliaus. \u201eWeston\u201c lovos stal\u010dius yra prakti\u0161kas ir stilingas sprendimas, puikiai tinkantis ma\u017eoms erdv\u0117ms, suteikiantis vaiko kambariui charakterio ir tvarkos.<\/p>\n<p>Prek\u0117s kodas S483-SZU-SOSTC\/MTA Simbolis ZM EAN Ilgis 198,5 cm Gylis 79,5 cm Auk\u0161tis 26 cm Kolekcija Weston Spalva senovinio stiliaus tamsi pu\u0161is\/\u010diu\u017einys Atspalvis tamsi mediena Stilius modernus Med\u017eiaga laminatas Gamintojas Juoda Raudona Balta Bald\u0173 tipas Lovos PVM 23% EAN 5906123708609<\/p>","protected":false},"excerpt":{"rendered":"<p>\u201eWeston\u201c lovos stal\u010dius \u2013 prakti\u0161kas sprendimas ma\u017eoms erdv\u0117ms. Ma\u017euose kambariuose, kur svarbus kiekvienas kvadratinis metras, prakti\u0161ki sprendimai yra labai svarb\u016bs. \u201eWeston\u201c lovos stal\u010dius \u2013 puikus b\u016bdas maksimaliai i\u0161naudoti erdv\u0119. \u0160is stal\u010dius jaunimui si\u016blo papildom\u0105 viet\u0105 \u012fvairiems vaik\u0173 daiktams, pavyzd\u017eiui, patalynei, drabu\u017eiams, \u017eaislams ir stalo \u017eaidimams. Platus stal\u010dius [\u2026]<\/p>","protected":false},"featured_media":268927,"comment_status":"open","ping_status":"open","template":"","meta":[],"product_brand":[],"product_cat":[9200,1043],"product_tag":[],"class_list":{"0":"post-268926","1":"product","2":"type-product","3":"status-publish","4":"has-post-thumbnail","6":"product_cat-black-red-white","7":"product_cat-extras","9":"first","10":"instock","11":"purchasable","12":"product-type-simple"},"_links":{"self":[{"href":"https:\/\/baldumarket.lt\/lt\/wp-json\/wp\/v2\/product\/268926","targetHints":{"allow":["GET"]}}],"collection":[{"href":"https:\/\/baldumarket.lt\/lt\/wp-json\/wp\/v2\/product"}],"about":[{"href":"https:\/\/baldumarket.lt\/lt\/wp-json\/wp\/v2\/types\/product"}],"replies":[{"embeddable":true,"href":"https:\/\/baldumarket.lt\/lt\/wp-json\/wp\/v2\/comments?post=268926"}],"wp:featuredmedia":[{"embeddable":true,"href":"https:\/\/baldumarket.lt\/lt\/wp-json\/wp\/v2\/media\/268927"}],"wp:attachment":[{"href":"https:\/\/baldumarket.lt\/lt\/wp-json\/wp\/v2\/media?parent=268926"}],"wp:term":[{"taxonomy":"product_brand","embeddable":true,"href":"https:\/\/baldumarket.lt\/lt\/wp-json\/wp\/v2\/product_brand?post=268926"},{"taxonomy":"product_cat","embeddable":true,"href":"https:\/\/baldumarket.lt\/lt\/wp-json\/wp\/v2\/product_cat?post=268926"},{"taxonomy":"product_tag","embeddable":true,"href":"https:\/\/baldumarket.lt\/lt\/wp-json\/wp\/v2\/product_tag?post=268926"}],"curies":[{"name":"wp","href":"https:\/\/api.w.org\/{rel}","templated":true}]}}