{"id":268911,"date":"2026-01-14T01:00:43","date_gmt":"2026-01-13T22:00:43","guid":{"rendered":"https:\/\/baldumarket.lt\/product\/szuflada-do-lozka-nepo-plus-90-i-120-dab-noble\/"},"modified":"2026-02-11T18:17:41","modified_gmt":"2026-02-11T15:17:41","slug":"szuflada-do-lozka-nepo-plus-90-i-120-dab-noble","status":"publish","type":"product","link":"https:\/\/baldumarket.lt\/lt\/product\/szuflada-do-lozka-nepo-plus-90-i-120-dab-noble\/","title":{"rendered":"Stal\u010dius NEPO PLUS 90 ir 120 lovoms, kilnus \u0105\u017euolas"},"content":{"rendered":"<p>\u201eNepo Plus\u201c stal\u010dius \u2013 prakti\u0161ka daikt\u0173 laikymo vieta po lova. Su modernia \u201eNepo Plus\u201c kolekcija galite sukurti funkcional\u0173 ir stiling\u0105 jaunimo kambar\u012f, kuriame kiekvienas daiktas turi savo viet\u0105. Patogumas ir funkcionalumas.<br \/>\n\u201eNepo Plus\u201c stal\u010dius \u2013 puikus b\u016bdas sutvarkyti erdv\u0119 po lova. Dviejuose atskiruose skyriuose galite laikyti patalyn\u0119, \u017eaislus ir stalo \u017eaidimus, kad viskas b\u016bt\u0173 tvarkingai. 162 cm ilgio stal\u010dius i\u0161stumiamas kartu su u\u017etrauktuku, tod\u0117l lengvai pasiekiamas visas turinys. Stilius ir patvarumas<br \/>\nLaminuotas pavir\u0161ius padidina atsparum\u0105 \u012fbr\u0117\u017eimams, o tai ypa\u010d svarbu vaikams, \u017eaid\u017eiantiems ant grind\u0173. Kilnaus \u0105\u017euolo spalva suteikia interjerui \u0161ilt\u0105, nat\u016bral\u0173 akcent\u0105, puikiai dera su kitais \u201eNepo Plus\u201c kolekcijos baldais. Ypatyb\u0117s: Du daiktad\u0117\u017e\u0117s \u2013 idealiai tinka patalynei, \u017eaislams ir \u017eaidimams. Laminuotas pavir\u0161ius yra atsparus \u012fbr\u0117\u017eimams ir lengvai valomas. Kilnaus \u0105\u017euolo spalva \u2013 \u0161iltas ir universalus atspalvis. Ratukai stal\u010diaus apa\u010dioje \u2013 lengvai ir skland\u017eiai slysta. Sukurta \u201eNepo Plus LOZ\/90\u201c ir \u201eLOZ\/120\u201c lovoms \u2013 puikiai dera. Santrauka<br \/>\n\u201eNepo Plus\u201c stal\u010dius yra prakti\u0161kas sprendimas, kuris pagerina \u0161ios kolekcijos lov\u0173 funkcionalum\u0105. Jis suteikia papildomos vietos daiktams susid\u0117ti ir tuo pa\u010diu metu i\u0161laiko tvark\u0105 j\u016bs\u0173 vaiko ar paauglio kambaryje. Derinkite j\u012f su kitais \u201eNepo Plus\u201c moduliais, kad sukurtum\u0117te darni\u0105 ir ergonomi\u0161k\u0105 erdv\u0119.<\/p>\n<p>Prek\u0117s kodas S435-SZU\/162-DNO Ilgis 162 cm Gylis 58,5 cm Auk\u0161tis 19 cm Kolekcija \u201eNepo Plus\u201c Spalva kilnus \u0105\u017euolas Atspalvis tamsi mediena Stilius modernus Med\u017eiaga laminatas Gamintojas Juoda Raudona Balta Bald\u0173 tipas Lovos PVM 23% EAN 5906123061735<\/p>","protected":false},"excerpt":{"rendered":"<p>\u201eNepo Plus\u201c stal\u010dius \u2013 prakti\u0161ka daikt\u0173 laikymo vieta po lova. Su modernia \u201eNepo Plus\u201c kolekcija galite susikurti funkcional\u0173 ir stiling\u0105 jaunimo kambar\u012f, kuriame kiekvienas daiktas turi savo viet\u0105. Patogumas ir funkcionalumas. \u201eNepo Plus\u201c stal\u010dius \u2013 puikus b\u016bdas sutvarkyti erdv\u0119 po lova. Du atskiri skyriai leid\u017eia laikyti patalyn\u0119, \u017eaislus ir [\u2026]<\/p>","protected":false},"featured_media":268912,"comment_status":"open","ping_status":"open","template":"","meta":[],"product_brand":[],"product_cat":[9200,1043],"product_tag":[],"class_list":{"0":"post-268911","1":"product","2":"type-product","3":"status-publish","4":"has-post-thumbnail","6":"product_cat-black-red-white","7":"product_cat-extras","9":"first","10":"instock","11":"purchasable","12":"product-type-simple"},"_links":{"self":[{"href":"https:\/\/baldumarket.lt\/lt\/wp-json\/wp\/v2\/product\/268911","targetHints":{"allow":["GET"]}}],"collection":[{"href":"https:\/\/baldumarket.lt\/lt\/wp-json\/wp\/v2\/product"}],"about":[{"href":"https:\/\/baldumarket.lt\/lt\/wp-json\/wp\/v2\/types\/product"}],"replies":[{"embeddable":true,"href":"https:\/\/baldumarket.lt\/lt\/wp-json\/wp\/v2\/comments?post=268911"}],"wp:featuredmedia":[{"embeddable":true,"href":"https:\/\/baldumarket.lt\/lt\/wp-json\/wp\/v2\/media\/268912"}],"wp:attachment":[{"href":"https:\/\/baldumarket.lt\/lt\/wp-json\/wp\/v2\/media?parent=268911"}],"wp:term":[{"taxonomy":"product_brand","embeddable":true,"href":"https:\/\/baldumarket.lt\/lt\/wp-json\/wp\/v2\/product_brand?post=268911"},{"taxonomy":"product_cat","embeddable":true,"href":"https:\/\/baldumarket.lt\/lt\/wp-json\/wp\/v2\/product_cat?post=268911"},{"taxonomy":"product_tag","embeddable":true,"href":"https:\/\/baldumarket.lt\/lt\/wp-json\/wp\/v2\/product_tag?post=268911"}],"curies":[{"name":"wp","href":"https:\/\/api.w.org\/{rel}","templated":true}]}}