{"id":268903,"date":"2026-01-14T01:00:37","date_gmt":"2026-01-13T22:00:37","guid":{"rendered":"https:\/\/baldumarket.lt\/product\/szuflada-do-lozka-nandu-jasny-szary-dab-polski-bialy-polysk\/"},"modified":"2026-02-11T18:17:41","modified_gmt":"2026-02-11T15:17:41","slug":"szuflada-do-lozka-nandu-jasny-szary-dab-polski-bialy-polysk","status":"publish","type":"product","link":"https:\/\/baldumarket.lt\/lt\/product\/szuflada-do-lozka-nandu-jasny-szary-dab-polski-bialy-polysk\/","title":{"rendered":"NANDU lovos stal\u010dius \u0161viesiai pilkas\/poliruotas \u0105\u017euolas\/blizgi balta"},"content":{"rendered":"<p>\u201eNandu\u201c kampin\u0117 spinta \u2013 optimali organizacija kiekvienam kampui. Paverskite nenaudojam\u0105 jaunimo kambario kamp\u0105 funkcionalia erdve su \u201eNandu\u201c kampine spinta. Tai ne tik daikt\u0173 laikymo sprendimas; tai dizaino elementas, suteikiantis modernumo ir stiliaus. \u201eNandu\u201c kampin\u0117 spinta \u2013 puikus sprendimas, norint i\u0161naudoti kiekvien\u0105 kambario kamp\u0105. A\u0161tuonios prakti\u0161kos lentynos ir du pakabos leid\u017eia optimaliai organizuoti erdv\u0119, o apatin\u0117 spintos dalis puikiai tinka dekoratyvin\u0117ms d\u0117\u017eut\u0117ms su smulkiais daiktais. \u0160viesiai pilkas ir lenki\u0161ko \u0105\u017euolo r\u0117mas derinamas su \u0161viesiai pilkais ir blizgiai baltais fasadais, sukuriant harmoning\u0105 spalv\u0173 gam\u0105. \u0160is derinys suteikia spintai modernumo ir puikiai dera prie interjero dizaino tendencij\u0173. Dviej\u0173 dur\u0173 spinta su lygiais, be ranken\u0117li\u0173 fasadais yra modernumo kvintesencija. Paprastas, eleganti\u0161kas dizainas daro spint\u0105 puikiai tinkan\u010di\u0105 moderniam, jaunimui skirtam interjerui. \u0160velnaus u\u017edarymo vyriai leid\u017eia tyliai u\u017esidaryti. Tai ypa\u010d svarbu norint i\u0161laikyti ramyb\u0119 atliekant kasdienius ritualus. Derinkite \u201eNandu\u201c kampin\u0119 spint\u0105 su kitais kolekcijos elementais, kad sukurtum\u0117te svajoni\u0173 erdv\u0119 paaugliui. \u012evairios bald\u0173 formos leid\u017eia sukurti zonas mokymuisi, poilsiui ir pramogoms, sukurdamos visapusi\u0161k\u0105 ir funkcional\u0173 kambario i\u0161d\u0117stym\u0105.<\/p>\n<p>Prek\u0117s kodas S441-SZU-JSZ\/DP\/BIP Simbolis ZM EAN Ilgis 156\u2013200 cm Gylis 79,5 cm Auk\u0161tis 25 cm Kolekcija Nandu Spalva \u0161viesiai pilka \/ poliruoto \u0105\u017euolo \/ blizgi balta Atspalvis pilkas Stilius modernus Med\u017eiaga laminatas Gamintojas Juoda Raudona Balta Bald\u0173 tipas Lovos PVM 23% EAN 5906123605656<\/p>","protected":false},"excerpt":{"rendered":"<p>\u201eNandu\u201c kampin\u0117 spinta \u2013 optimali kiekvieno kampo organizavimo galimyb\u0117. Paverskite nenaudojam\u0105 jaunimo kambario kamp\u0105 funkcionalia erdve su \u201eNandu\u201c kampine spinta. Tai ne tik daikt\u0173 laikymo sprendimas; tai dizaino elementas, suteikiantis modernumo ir stiliaus. \u201eNandu\u201c kampin\u0117 spinta yra puikus sprendimas, norint i\u0161naudoti kiekvien\u0105 [\u2026] kampel\u012f.<\/p>","protected":false},"featured_media":268904,"comment_status":"open","ping_status":"open","template":"","meta":[],"product_brand":[],"product_cat":[9200,1043],"product_tag":[],"class_list":{"0":"post-268903","1":"product","2":"type-product","3":"status-publish","4":"has-post-thumbnail","6":"product_cat-black-red-white","7":"product_cat-extras","9":"first","10":"instock","11":"purchasable","12":"product-type-simple"},"_links":{"self":[{"href":"https:\/\/baldumarket.lt\/lt\/wp-json\/wp\/v2\/product\/268903","targetHints":{"allow":["GET"]}}],"collection":[{"href":"https:\/\/baldumarket.lt\/lt\/wp-json\/wp\/v2\/product"}],"about":[{"href":"https:\/\/baldumarket.lt\/lt\/wp-json\/wp\/v2\/types\/product"}],"replies":[{"embeddable":true,"href":"https:\/\/baldumarket.lt\/lt\/wp-json\/wp\/v2\/comments?post=268903"}],"wp:featuredmedia":[{"embeddable":true,"href":"https:\/\/baldumarket.lt\/lt\/wp-json\/wp\/v2\/media\/268904"}],"wp:attachment":[{"href":"https:\/\/baldumarket.lt\/lt\/wp-json\/wp\/v2\/media?parent=268903"}],"wp:term":[{"taxonomy":"product_brand","embeddable":true,"href":"https:\/\/baldumarket.lt\/lt\/wp-json\/wp\/v2\/product_brand?post=268903"},{"taxonomy":"product_cat","embeddable":true,"href":"https:\/\/baldumarket.lt\/lt\/wp-json\/wp\/v2\/product_cat?post=268903"},{"taxonomy":"product_tag","embeddable":true,"href":"https:\/\/baldumarket.lt\/lt\/wp-json\/wp\/v2\/product_tag?post=268903"}],"curies":[{"name":"wp","href":"https:\/\/api.w.org\/{rel}","templated":true}]}}