{"id":268880,"date":"2026-01-14T01:00:19","date_gmt":"2026-01-13T22:00:19","guid":{"rendered":"https:\/\/baldumarket.lt\/product\/szuflada-do-lozka-90-nuis-dab-wotan-bialy-polysk\/"},"modified":"2026-02-11T18:17:41","modified_gmt":"2026-02-11T15:17:41","slug":"szuflada-do-lozka-90-nuis-dab-wotan-bialy-polysk","status":"publish","type":"product","link":"https:\/\/baldumarket.lt\/lt\/product\/szuflada-do-lozka-90-nuis-dab-wotan-bialy-polysk\/","title":{"rendered":"Lovos stal\u010dius 90 NUIS wotan \u0105\u017euolas\/blizgi balta"},"content":{"rendered":"<p>\u2019Nuis\u201c lovos stal\u010dius \u2013 charakteringa tvarka paauglio kambaryje. Ar j\u016bs\u0173 namai vis labiau virsta \u017eaidim\u0173 aik\u0161tele? Tai \u017eenklas, kad j\u016bs\u0173 vaikas auga ir jam reikia erdv\u0117s, kurioje jis gal\u0117t\u0173 lavinti savo aistras. \u201eNuis\u201c bald\u0173 kolekcija \u2013 puikus sprendimas paauglio kambariui \u2013 paprastas, modernus dizainas, leid\u017eiantis laisvai \u017eaisti su spalvomis ir ra\u0161tais. Paaugli\u0173 kambariai gali b\u016bti nuolatinis netvarkos \u0161altinis. U\u017euot primesdami grie\u017etas taisykles, rinkit\u0117s prakti\u0161kus sprendimus. \u201eNuis\u201c lovos stal\u010dius si\u016blo ne tik viet\u0105 patalynei, bet ir puiki\u0105 viet\u0105 \u017eaislams, d\u0117lion\u0117ms, sezoniniams drabu\u017eiams ir kitiems smulkiems daiktams laikyti. Tvarka prasideda nuo funkcionali\u0173 bald\u0173! Stal\u010diaus priekis apdailintas eleganti\u0161ka balta veidrodinio blizgesio spalva, kontrastuojan\u010dia su \u0161iltu \u201eWotan\u201c \u0105\u017euolo korpuso atspalviu. \u0160is harmoningas derinys leis stal\u010diui puikiai der\u0117ti prie bet kokio interjero, suteikdamas jam modernumo. 80 x 200 cm stal\u010dius puikiai papildo \u201eNuis 90\u201c lov\u0105, sukurdamas funkcional\u0173 duet\u0105. Tvarkingai paki\u0161kite j\u012f po lova, kad sukurtum\u0117te papildomos erdv\u0117s neprarandant vertingos vietos \u017eaislams ar drabu\u017eiams. \u201eNuis\u201c lovos stal\u010dius yra ne tik prakti\u0161kas, bet ir kolekcijos elementas, padedantis sukurti darn\u0173 kambario dizain\u0105. Derinkite j\u012f su kitais \u201eNuis\u201c serijos baldais, kad sukurtum\u0117te unikali\u0105 erdv\u0119, kurioje j\u016bs\u0173 vaikas gal\u0117t\u0173 mokytis, lavinti savo pom\u0117gius ir \u017eaisti, i\u0161laikydamas tvark\u0105 ir stili\u0173!<\/p>\n<p>Prek\u0117s kodas S396-SZU-DWO\/BIP Simbolis ZM EAN Ilgis 200 cm Gylis 80 cm Auk\u0161tis 25 cm Kolekcija \u201eNuis\u201c Spalva wotan \u0105\u017euolas\/blizgi balta Gaubtas \u0161viesi mediena Stilius modernus Med\u017eiaga laminatas Gamintojas Juoda Raudona Balta Bald\u0173 tipas Lovos PVM 23% EAN 5906123929806<\/p>","protected":false},"excerpt":{"rendered":"<p>\u201eNuis\u201c lovos stal\u010dius \u2013 charakteringa tvarka paauglio kambaryje. Ar j\u016bs\u0173 namai vis labiau virsta \u017eaidim\u0173 aik\u0161tele? Tai \u017eenklas, kad j\u016bs\u0173 vaikas auga ir jam reikia erdv\u0117s, kurioje jis gal\u0117t\u0173 lavinti savo aistras. \u201eNuis\u201c bald\u0173 kolekcija \u2013 puikus sprendimas paauglio kambariui \u2013 paprastas, modernus [\u2026]<\/p>","protected":false},"featured_media":268881,"comment_status":"open","ping_status":"open","template":"","meta":[],"product_brand":[],"product_cat":[9200,1043],"product_tag":[],"class_list":{"0":"post-268880","1":"product","2":"type-product","3":"status-publish","4":"has-post-thumbnail","6":"product_cat-black-red-white","7":"product_cat-extras","9":"first","10":"instock","11":"purchasable","12":"product-type-simple"},"_links":{"self":[{"href":"https:\/\/baldumarket.lt\/lt\/wp-json\/wp\/v2\/product\/268880","targetHints":{"allow":["GET"]}}],"collection":[{"href":"https:\/\/baldumarket.lt\/lt\/wp-json\/wp\/v2\/product"}],"about":[{"href":"https:\/\/baldumarket.lt\/lt\/wp-json\/wp\/v2\/types\/product"}],"replies":[{"embeddable":true,"href":"https:\/\/baldumarket.lt\/lt\/wp-json\/wp\/v2\/comments?post=268880"}],"wp:featuredmedia":[{"embeddable":true,"href":"https:\/\/baldumarket.lt\/lt\/wp-json\/wp\/v2\/media\/268881"}],"wp:attachment":[{"href":"https:\/\/baldumarket.lt\/lt\/wp-json\/wp\/v2\/media?parent=268880"}],"wp:term":[{"taxonomy":"product_brand","embeddable":true,"href":"https:\/\/baldumarket.lt\/lt\/wp-json\/wp\/v2\/product_brand?post=268880"},{"taxonomy":"product_cat","embeddable":true,"href":"https:\/\/baldumarket.lt\/lt\/wp-json\/wp\/v2\/product_cat?post=268880"},{"taxonomy":"product_tag","embeddable":true,"href":"https:\/\/baldumarket.lt\/lt\/wp-json\/wp\/v2\/product_tag?post=268880"}],"curies":[{"name":"wp","href":"https:\/\/api.w.org\/{rel}","templated":true}]}}