{"id":268872,"date":"2026-01-14T01:00:12","date_gmt":"2026-01-13T22:00:12","guid":{"rendered":"https:\/\/baldumarket.lt\/product\/szuflada-do-lozka-90-lara-jesion-belarus\/"},"modified":"2026-02-11T18:17:41","modified_gmt":"2026-02-11T15:17:41","slug":"szuflada-do-lozka-90-lara-jesion-belarus","status":"publish","type":"product","link":"https:\/\/baldumarket.lt\/lt\/product\/szuflada-do-lozka-90-lara-jesion-belarus\/","title":{"rendered":"Lovos stal\u010dius 90 LARA baltarusis uosis"},"content":{"rendered":"<p>\u201eLara 90\u201c lovos stal\u010dius \u2013 prakti\u0161kas sprendimas j\u016bs\u0173 interjerui. \u201eLara\u201c jaunimo bald\u0173 kolekcija yra ne tik nesenstanti, bet ir universali, puikiai papildanti \u012fvairius interjero dizainus. Paprastas dizainas, originalios detal\u0117s ir daugyb\u0117 element\u0173 leid\u017eia sukurti suasmenintas erdves, kurios d\u017eiugina ir stiliumi, ir funkcionalumu. \u201eLara\u201c lovos stal\u010dius \u2013 tai sprendimas, kuris maksimaliai i\u0161naudoja turim\u0105 daikt\u0173 laikymo viet\u0105 jaunimo kambaryje. Jis idealiai tinka patalynei, antklod\u017ei\u0173 u\u017evalkalams, \u017eaislams, stalo \u017eaidimams ar sezoniniams drabu\u017eiams. Lengvai valdomi ratukai ir prakti\u0161ka rankena leid\u017eia lengvai i\u0161traukti stal\u010di\u0173 i\u0161 po lovos. Be to, stal\u010dius apdailintas mi\u0161ria plok\u0161te, kuri paslepia erdv\u0119 po lova, sukurdama esteti\u0161kai patraukl\u0173 ir tvarking\u0105 apdail\u0105. \u201eLara\u201c lovos stal\u010dius puikiai dera su kitais kolekcijos elementais. \u0160ilta \u201eBaltarusijos pelen\u0173\u201c spalva sukuria harmoning\u0105 vaizd\u0105 bet kokiame interjere. Dekoratyv\u016bs juodi akcentai ir prakti\u0161ka rankena suteikia baldui charakterio ir originalumo. Lovos stal\u010diaus naudingumas slypi ne tik papildomoje daikt\u0173 laikymo vietoje, bet ir prakti\u0161kume. Ratuk\u0173 ir rankenos d\u0117ka stal\u010di\u0173 galima lengvai ir patogiai naudoti nereikia judinti sunki\u0173 daikt\u0173. Patalyn\u0117s stal\u010dius yra tik vienas i\u0161 \u201eLara\u201c kolekcijos element\u0173. Galite derinti \u012fvairius \u0161ios kolekcijos elementus, tokius kaip lova, spintel\u0117, lentyna ar stalas, kad sukurtum\u0117te optimal\u0173 interjero i\u0161d\u0117stym\u0105, atitinkant\u012f j\u016bs\u0173 poreikius ir d\u017eiuginant\u012f savo dizainu. Trumpai tariant, \u201eLara\u201c lovos stal\u010dius yra prakti\u0161kas sprendimas, kuris suteikia papildomos vietos daiktams susid\u0117ti jaunimo kambaryje. Jo dizainas ir funkcionalumas papildo \u012fvairius interjero dizaino stilius, tod\u0117l tai universalus baldas. \u201eLara\u201c lovos stal\u010dius \u2013 sumaniai ir stilingai sutvarkykite erdv\u0119 jaunimo kambaryje.<\/p>\n<p>Prek\u0117s kodas S463-SZU-JBE Simbolis ZM EAN Ilgis 199,5 cm Gylis 79,5 cm Auk\u0161tis 27,5 cm Kolekcija Lara Spalva Baltarusijos uosis Gaubtas \u0161viesi mediena Stilius loftas Med\u017eiaga laminatas Gamintojas Juoda Raudona Balta Bald\u0173 tipas Lovos PVM 23% EAN 5906123608114<\/p>","protected":false},"excerpt":{"rendered":"<p>\u201eLara 90\u201c lova su stal\u010diumi \u2013 prakti\u0161kas sprendimas j\u016bs\u0173 interjerui. Jaunimo bald\u0173 kolekcija \u201eLara\u201c yra ne tik nesenstanti, bet ir universali, puikiai papildanti \u012fvairius interjero dizainus. Paprastas dizainas, originalios detal\u0117s ir daugyb\u0117 element\u0173 leid\u017eia sukurti suasmenintas erdves, kurios d\u017eiugina ir stiliumi, ir funkcionalumu. \u201eLara\u201c [\u2026]<\/p>","protected":false},"featured_media":268873,"comment_status":"open","ping_status":"open","template":"","meta":[],"product_brand":[],"product_cat":[9200,1043],"product_tag":[],"class_list":{"0":"post-268872","1":"product","2":"type-product","3":"status-publish","4":"has-post-thumbnail","6":"product_cat-black-red-white","7":"product_cat-extras","9":"first","10":"instock","11":"purchasable","12":"product-type-simple"},"_links":{"self":[{"href":"https:\/\/baldumarket.lt\/lt\/wp-json\/wp\/v2\/product\/268872","targetHints":{"allow":["GET"]}}],"collection":[{"href":"https:\/\/baldumarket.lt\/lt\/wp-json\/wp\/v2\/product"}],"about":[{"href":"https:\/\/baldumarket.lt\/lt\/wp-json\/wp\/v2\/types\/product"}],"replies":[{"embeddable":true,"href":"https:\/\/baldumarket.lt\/lt\/wp-json\/wp\/v2\/comments?post=268872"}],"wp:featuredmedia":[{"embeddable":true,"href":"https:\/\/baldumarket.lt\/lt\/wp-json\/wp\/v2\/media\/268873"}],"wp:attachment":[{"href":"https:\/\/baldumarket.lt\/lt\/wp-json\/wp\/v2\/media?parent=268872"}],"wp:term":[{"taxonomy":"product_brand","embeddable":true,"href":"https:\/\/baldumarket.lt\/lt\/wp-json\/wp\/v2\/product_brand?post=268872"},{"taxonomy":"product_cat","embeddable":true,"href":"https:\/\/baldumarket.lt\/lt\/wp-json\/wp\/v2\/product_cat?post=268872"},{"taxonomy":"product_tag","embeddable":true,"href":"https:\/\/baldumarket.lt\/lt\/wp-json\/wp\/v2\/product_tag?post=268872"}],"curies":[{"name":"wp","href":"https:\/\/api.w.org\/{rel}","templated":true}]}}