{"id":268868,"date":"2026-01-14T01:00:09","date_gmt":"2026-01-13T22:00:09","guid":{"rendered":"https:\/\/baldumarket.lt\/product\/szuflada-do-lozka-90-i-120-cm-nepo-plus-615-cm-dab-sonoma\/"},"modified":"2026-02-11T18:17:41","modified_gmt":"2026-02-11T15:17:41","slug":"szuflada-do-lozka-90-i-120-cm-nepo-plus-615-cm-dab-sonoma","status":"publish","type":"product","link":"https:\/\/baldumarket.lt\/lt\/product\/szuflada-do-lozka-90-i-120-cm-nepo-plus-615-cm-dab-sonoma\/","title":{"rendered":"Stal\u010dius lovai 90 ir 120 cm NEPO PLUS 61,5 cm Sonoma \u0105\u017euolo spalvos"},"content":{"rendered":"<p>\u201eNepo Plus\u201c stal\u010dius \u2013 prakti\u0161ka daikt\u0173 laikymo vieta po lova. Moderni \u201eNepo Plus\u201c kolekcija si\u016blo daugyb\u0119 sprendim\u0173, pad\u0117sian\u010di\u0173 sukurti funkcional\u0173 ir stiling\u0105 jaunimo kambar\u012f. Vienas i\u0161 \u0161i\u0173 sprendim\u0173 yra \u201eNepo Plus\u201c lovos stal\u010dius, kuris gali atlikti daug nauding\u0173 funkcij\u0173. \u0160is stal\u010dius yra puiki vieta laikyti \u012fvairius daiktus, tokius kaip patalyn\u0117s komplektai, \u017eaislai ar stalo \u017eaidimai. Du atskiri skyriai leid\u017eia susisteminti turin\u012f ir palaikyti tvark\u0105 kambaryje. Laminuotas stal\u010diaus pavir\u0161ius yra atsparus \u012fbr\u0117\u017eimams, o tai ypa\u010d svarbu vaikams, kurie da\u017enai \u017eaid\u017eia ant grind\u0173. Tai garantuoja ilgalaik\u012f ir esteti\u0161k\u0105 funkcionalum\u0105. Stal\u010dius yra keli\u0173 spalv\u0173, tod\u0117l galite j\u012f priderinti prie savo kambario interjero. Galite rinktis i\u0161 toki\u0173 spalv\u0173 kaip balta, sonoma \u0105\u017euolas, venge arba vienuolyno \u0105\u017euolas, kurios leis sukurti darn\u0173 i\u0161d\u0117stym\u0105. Ma\u017ei ratukai, esantys stal\u010diaus apa\u010dioje, ir dvi ranken\u0117l\u0117s leid\u017eia labai lengvai atidaryti ir u\u017edaryti stal\u010di\u0173. Vaikai taip pat netur\u0117s problem\u0173 j\u012f naudodami. Stal\u010dius yra idealiai pritaikytas 90 ir 120 cm plo\u010dio lovoms i\u0161 \u201eNepo Plus\u201c kolekcijos. Tai rei\u0161kia, kad jis sukurtas taip, kad puikiai tilpt\u0173 po lova, maksimaliai i\u0161naudojant erdv\u0119 kambaryje. Stal\u010dius yra 162 cm ilgio, 58,5 cm gylio ir 19 cm auk\u0161\u010dio. Jis sveria 12,5 kg, tod\u0117l yra stabilus ir lengvai naudojamas. Sukurti ergonomi\u0161k\u0105 ir funkcionali\u0105 erdv\u0119 vaiko ar paauglio kambaryje gali b\u016bti i\u0161\u0161\u016bkis. Ta\u010diau \u201eNepo Plus\u201c kolekcija si\u016blo daug element\u0173, kurie padeda atlikti \u0161i\u0105 u\u017eduot\u012f. Lovos stal\u010dius yra vienas i\u0161 sprendim\u0173, kuris leis efektyviai valdyti erdv\u0119 ir palaikyti tvark\u0105. Jei jus domina \u0161is produktas, galite j\u012f rasti \u012fvairi\u0173 spalv\u0173, taip pat galite pasidom\u0117ti kit\u0173 klient\u0173, kurie j\u012f jau naudoja, nuomon\u0117mis. Su \u201eNepo Plus\u201c stal\u010diumi j\u016bs\u0173 vaikas tur\u0117s daugiau vietos \u017eaislams ir daiktams, o j\u016bs b\u016bsite patenkinti \u0161io baldo estetine i\u0161vaizda ir funkcionalumu.<\/p>\n<p>Prek\u0117s kodas S435-SZU-DSO Simbolis ZM EAN Ilgis 199 cm Gylis 58,5 cm Auk\u0161tis 26 cm Kolekcija \u201eNepo Plus\u201c Spalva Sonoma \u0105\u017euolas Gaubtas \u0161viesi mediena Stilius modernus Gamintojas Juoda Raudona Balta Bald\u0173 tipas Lovos PVM 23% EAN 5906123951371<\/p>","protected":false},"excerpt":{"rendered":"<p>\u201eNepo Plus\u201c stal\u010dius \u2013 prakti\u0161ka daikt\u0173 laikymo vieta po lova. Moderni \u201eNepo Plus\u201c kolekcija si\u016blo daugyb\u0119 sprendim\u0173, pad\u0117sian\u010di\u0173 sukurti funkcional\u0173 ir stiling\u0105 jaunimo kambar\u012f. Vienas i\u0161 \u0161i\u0173 sprendim\u0173 yra \u201eNepo Plus\u201c lovos stal\u010dius, kuris gali atlikti daug nauding\u0173 funkcij\u0173. \u0160is stal\u010dius yra puiki vieta laikyti \u012fvairius daiktus, tokius kaip patalyn\u0117s komplektai, [\u2026]<\/p>","protected":false},"featured_media":268869,"comment_status":"open","ping_status":"open","template":"","meta":[],"product_brand":[],"product_cat":[9200,1043],"product_tag":[],"class_list":{"0":"post-268868","1":"product","2":"type-product","3":"status-publish","4":"has-post-thumbnail","6":"product_cat-black-red-white","7":"product_cat-extras","9":"first","10":"instock","11":"purchasable","12":"product-type-simple"},"_links":{"self":[{"href":"https:\/\/baldumarket.lt\/lt\/wp-json\/wp\/v2\/product\/268868","targetHints":{"allow":["GET"]}}],"collection":[{"href":"https:\/\/baldumarket.lt\/lt\/wp-json\/wp\/v2\/product"}],"about":[{"href":"https:\/\/baldumarket.lt\/lt\/wp-json\/wp\/v2\/types\/product"}],"replies":[{"embeddable":true,"href":"https:\/\/baldumarket.lt\/lt\/wp-json\/wp\/v2\/comments?post=268868"}],"wp:featuredmedia":[{"embeddable":true,"href":"https:\/\/baldumarket.lt\/lt\/wp-json\/wp\/v2\/media\/268869"}],"wp:attachment":[{"href":"https:\/\/baldumarket.lt\/lt\/wp-json\/wp\/v2\/media?parent=268868"}],"wp:term":[{"taxonomy":"product_brand","embeddable":true,"href":"https:\/\/baldumarket.lt\/lt\/wp-json\/wp\/v2\/product_brand?post=268868"},{"taxonomy":"product_cat","embeddable":true,"href":"https:\/\/baldumarket.lt\/lt\/wp-json\/wp\/v2\/product_cat?post=268868"},{"taxonomy":"product_tag","embeddable":true,"href":"https:\/\/baldumarket.lt\/lt\/wp-json\/wp\/v2\/product_tag?post=268868"}],"curies":[{"name":"wp","href":"https:\/\/api.w.org\/{rel}","templated":true}]}}