{"id":268848,"date":"2026-01-14T00:59:52","date_gmt":"2026-01-13T21:59:52","guid":{"rendered":"https:\/\/baldumarket.lt\/product\/szuflada-do-lozka-90-balder-dab-riviera-bialy-polysk\/"},"modified":"2026-02-11T18:17:41","modified_gmt":"2026-02-11T15:17:41","slug":"szuflada-do-lozka-90-balder-dab-riviera-bialy-polysk","status":"publish","type":"product","link":"https:\/\/baldumarket.lt\/lt\/product\/szuflada-do-lozka-90-balder-dab-riviera-bialy-polysk\/","title":{"rendered":"Lovos stal\u010dius 90 BALDER riviera \u0105\u017euolas\/balta blizgi spalva"},"content":{"rendered":"<p>\u201eBalder\u201c lovos stal\u010dius\u201eBalder\u201c lovos stal\u010dius \u2013 prakti\u0161kas sprendimas paprastumo ir modernaus interjero dizaino m\u0117g\u0117jams. \u201eBalder\u201c lovos stal\u010dius stebina savo galimyb\u0117mis, si\u016blydamas ideali\u0105 viet\u0105 ne tik patalynei, bet ir \u017eaislams bei jaunimo aksesuarams. D\u0117l ratuk\u0173 jis leid\u017eia lengvai jud\u0117ti ir b\u016bti naudojamas kasdien, tod\u0117l yra prakti\u0161kas ir patogus lovos papildymas. \u0160ilto \u201eRiviera\u201c \u0105\u017euolo atspalvio ir neutralaus balto blizgesio derinys sukuria universal\u0173 pagrind\u0105, kuris puikiai dera prie \u012fvairaus interjero. Derindami \u201eBalder\u201c lovos stal\u010di\u0173 su lova ir kitais kolekcijos elementais, galite sukurti darn\u0173 interjero dizain\u0105. \u012evairi\u0173 moduli\u0173 gausa leid\u017eia lanks\u010diai \u012frengti erdv\u0119, pritaikant j\u0105 prie savo pageidavim\u0173.<\/p>\n<p>Prek\u0117s kodas S382-SZU-DRI\/BIP Simbolis ZM EAN Ilgis 98 cm Gylis 79,5 cm Auk\u0161tis 17 cm Kolekcija Balder Spalva Rivjeros \u0105\u017euolas\/blizgi balta Gaubtas \u0161viesi mediena Stilius modernus Med\u017eiaga laminatas Gamintojas Juoda Raudona Balta Bald\u0173 tipas Lovos PVM 23% EAN 5906123928335<\/p>","protected":false},"excerpt":{"rendered":"<p>\u201eBalder\u201c lovos stal\u010dius\u201eBalder\u201c lovos stal\u010dius yra prakti\u0161kas sprendimas paprastumo ir modernaus interjero dizaino m\u0117g\u0117jams. \u201eBalder\u201c lovos stal\u010dius stebina savo galimyb\u0117mis, si\u016blydamas ideali\u0105 viet\u0105 ne tik patalynei, bet ir \u017eaislams bei jaunimo aksesuarams. D\u0117l ratuk\u0173 j\u012f lengva perkelti ir naudoti kasdien, tod\u0117l jis yra [\u2026]<\/p>","protected":false},"featured_media":268849,"comment_status":"open","ping_status":"open","template":"","meta":[],"product_brand":[],"product_cat":[9200,1043],"product_tag":[],"class_list":{"0":"post-268848","1":"product","2":"type-product","3":"status-publish","4":"has-post-thumbnail","6":"product_cat-black-red-white","7":"product_cat-extras","9":"first","10":"instock","11":"purchasable","12":"product-type-simple"},"_links":{"self":[{"href":"https:\/\/baldumarket.lt\/lt\/wp-json\/wp\/v2\/product\/268848","targetHints":{"allow":["GET"]}}],"collection":[{"href":"https:\/\/baldumarket.lt\/lt\/wp-json\/wp\/v2\/product"}],"about":[{"href":"https:\/\/baldumarket.lt\/lt\/wp-json\/wp\/v2\/types\/product"}],"replies":[{"embeddable":true,"href":"https:\/\/baldumarket.lt\/lt\/wp-json\/wp\/v2\/comments?post=268848"}],"wp:featuredmedia":[{"embeddable":true,"href":"https:\/\/baldumarket.lt\/lt\/wp-json\/wp\/v2\/media\/268849"}],"wp:attachment":[{"href":"https:\/\/baldumarket.lt\/lt\/wp-json\/wp\/v2\/media?parent=268848"}],"wp:term":[{"taxonomy":"product_brand","embeddable":true,"href":"https:\/\/baldumarket.lt\/lt\/wp-json\/wp\/v2\/product_brand?post=268848"},{"taxonomy":"product_cat","embeddable":true,"href":"https:\/\/baldumarket.lt\/lt\/wp-json\/wp\/v2\/product_cat?post=268848"},{"taxonomy":"product_tag","embeddable":true,"href":"https:\/\/baldumarket.lt\/lt\/wp-json\/wp\/v2\/product_tag?post=268848"}],"curies":[{"name":"wp","href":"https:\/\/api.w.org\/{rel}","templated":true}]}}